{"id":997,"date":"2011-10-25T11:23:20","date_gmt":"2011-10-25T09:23:20","guid":{"rendered":"http:\/\/observatorio.zeus.umh.es\/?page_id=997"},"modified":"2018-10-25T13:50:51","modified_gmt":"2018-10-25T11:50:51","slug":"becas-iaeste-umh","status":"publish","type":"page","link":"https:\/\/observatorio.umh.es\/en\/becas-iaeste-umh\/","title":{"rendered":"Becas IAESTE UMH"},"content":{"rendered":"<p><\/p>\n<p style=\"text-align: justify\">El Programa IAESTE ofrece la posibilidad a los estudiantes de carreras cient\u00edfico-t\u00e9cnicas de realizar pr\u00e1cticas remuneradas en pa\u00edses extranjeros durante un periodo de tiempo de entre 4 semanas y un a\u00f1o.\u00a0<br \/>\n\u00a0<\/p>\n<p style=\"text-align: justify\"><strong>Caracter\u00edsticas de las pr\u00e1cticas:<\/strong><\/p>\n<p style=\"text-align: justify\">&#8211; Permite obtener experiencia laboral antes de finalizar tus estudios.<\/p>\n<p style=\"text-align: justify\">&#8211; Uso de idioma: ingl\u00e9s (68%), alem\u00e1n (12%), espa\u00f1ol (11%), franc\u00e9s (3%).<\/p>\n<p style=\"text-align: justify\">&#8211; Duraci\u00f3n de 4 semanas a un a\u00f1o. \u00a0<\/p>\n<p style=\"text-align: justify\">&#8211; Remuneraci\u00f3n durante las pr\u00e1cticas.<\/p>\n<p style=\"text-align: justify\">&#8211; Fechas de realizaci\u00f3n: principalmente durante el verano.<\/p>\n<p style=\"text-align: justify\">\u00a0<\/p>\n<p style=\"text-align: justify\"><strong>Funcionamiento del Programa:<\/strong><\/p>\n<p style=\"text-align: justify\">El estudiante debe conseguir que una empresa espa\u00f1ola ofrezca una beca de pr\u00e1cticas a un estudiante extranjero para que pueda ser intercambiada entre los pa\u00edses miembros de IAESTE.<\/p>\n<p style=\"text-align: justify\">Pod\u00e9is consultar las titulaciones que pueden participar en el intercambio de pr\u00e1cticas internacionales de IAESTE, as\u00ed como los pa\u00edses miembro de IAESTE.\u00a0<\/p>\n<p style=\"text-align: justify\"><strong>Ventajas:<\/strong><\/p>\n<p style=\"text-align: justify\">&#8211; Vivir en un pa\u00eds distinto, trabajando y ganando dinero.<\/p>\n<p style=\"text-align: justify\">&#8211; Mejorar un idioma o aprender uno nuevo.<\/p>\n<p style=\"text-align: justify\">&#8211; Conocer y descubrir otro pa\u00eds (lo que no sale en las gu\u00edas de viaje).<\/p>\n<p style=\"text-align: justify\">&#8211; Obtener experiencia laboral antes de finalizar tus estudios.<\/p>\n<p style=\"text-align: justify\">\u00a0\u00a0<br \/>\n&#8211; Hacer amigos por todo el mundo.<\/p>\n<p style=\"text-align: justify\">&#8211; Establecer v\u00ednculos con las empresas visitadas.<\/p>\n<p style=\"text-align: justify\">&#8211; Adquirir aptitudes comerciales.<\/p>\n<p style=\"text-align: justify\">-Convalidar las pr\u00e1cticas por cr\u00e9ditos de Libre Elecci\u00f3n (o cr\u00e9ditos optativos).<\/p>\n<p style=\"text-align: justify\">\u00a0<\/p>\n<p style=\"text-align: justify\"><strong>Calendario:<br \/>\n<\/strong>Hasta 10 de Diciembre: Campa\u00f1a de obtenci\u00f3n de pr\u00e1cticas en empresas para estudiantes extranjeros.<\/p>\n<p style=\"text-align: justify\">\u00a0<\/p>\n<h2 style=\"text-align: justify\">Documentaci\u00f3n disponible:<\/h2>\n<p style=\"text-align: justify\">\n<table border=\"1\" cellspacing=\"0\" cellpadding=\"0\">\n<tbody>\n<tr>\n<td width=\"288\">\n<p align=\"center\"><a href=\"https:\/\/observatorio.umh.es\/files\/2011\/10\/dossier.pdf\" target=\"_self\">Dossier informativo sobre IAESTE<\/a><\/p>\n<p align=\"center\">\u00a0<\/p>\n<\/td>\n<td width=\"288\" valign=\"top\">\n<p align=\"center\">Listado de empresas participantes<\/p>\n<\/td>\n<\/tr>\n<tr>\n<td width=\"288\">\n<p align=\"center\"><a href=\"https:\/\/observatorio.umh.es\/files\/2011\/10\/guia-para-visitar-empresas.doc\" target=\"_self\">Gu\u00eda para visitar empresas<\/a><\/p>\n<p align=\"center\">\u00a0<\/p>\n<\/td>\n<td width=\"288\" valign=\"top\">\n<p align=\"center\">Informaci\u00f3n para las empresas<\/p>\n<\/td>\n<\/tr>\n<tr>\n<td width=\"288\">\n<p align=\"center\"><a href=\"https:\/\/observatorio.umh.es\/files\/2011\/10\/iaeste-2006.ppt\" target=\"_self\">Presentaci\u00f3n de IAESTE<\/a><\/p>\n<p align=\"center\">\u00a0<\/p>\n<\/td>\n<td width=\"288\" valign=\"top\">\n<p align=\"center\">Marco legal del convenio de pr\u00e1cticas<\/p>\n<\/td>\n<\/tr>\n<tr>\n<td width=\"288\">\n<p align=\"center\"><a href=\"https:\/\/observatorio.umh.es\/files\/2011\/10\/oferta-iaeste.pdf\" target=\"_self\">Documentaci\u00f3n para formalizar la oferta de pr\u00e1ctica (hojas amarillas)<\/a><\/p>\n<p align=\"center\">\u00a0<\/p>\n<\/td>\n<td width=\"288\" valign=\"top\">\n<p align=\"center\">Baremo de puntos para IAESTE UMH<\/p>\n<\/td>\n<\/tr>\n<tr>\n<td width=\"288\">\n<p align=\"center\"><a href=\"https:\/\/observatorio.umh.es\/files\/2011\/10\/job-description.pdf\" target=\"_self\">Job description<\/a><\/p>\n<p align=\"center\">\u00a0<\/p>\n<\/td>\n<td width=\"288\" valign=\"top\">\n<p align=\"center\">Student nominated<\/p>\n<\/td>\n<\/tr>\n<\/tbody>\n<\/table>\n<p><\/p>\n<div class='bookmarkify'><a name='bookmarkify'><\/a><div class='linkbuttons'><a href='http:\/\/www.facebook.com\/share.php?u=https:\/\/observatorio.umh.es\/en\/becas-iaeste-umh\/' title='Save to Facebook' onclick='target=\"_blank\";' rel='nofollow'><img src='https:\/\/observatorio.umh.es\/wp-content\/plugins\/bookmarkify\/facebook.png' style='width:16px; height:16px;' alt='[Facebook] ' \/><\/a> <a href='http:\/\/www.google.com\/bookmarks\/mark?op=edit&amp;output=popup&amp;bkmk=https:\/\/observatorio.umh.es\/en\/becas-iaeste-umh\/&amp;title=Becas IAESTE UMH' title='Save to Google Bookmarks' onclick='target=\"_blank\";' rel='nofollow'><img src='https:\/\/observatorio.umh.es\/wp-content\/plugins\/bookmarkify\/google.png' style='width:16px; height:16px;' alt='[Google] ' \/><\/a> <a href='http:\/\/twitter.com\/home\/?status=Becas IAESTE UMH+https:\/\/observatorio.umh.es\/en\/becas-iaeste-umh\/' title='Save to Twitter' onclick='target=\"_blank\";' rel='nofollow'><img src='https:\/\/observatorio.umh.es\/wp-content\/plugins\/bookmarkify\/twitter.png' style='width:16px; height:16px;' alt='[Twitter] ' \/><\/a> <\/div><\/div>","protected":false},"excerpt":{"rendered":"<p>El Programa IAESTE ofrece la posibilidad a los estudiantes de carreras cient\u00edfico-t\u00e9cnicas de realizar pr\u00e1cticas remuneradas en pa\u00edses extranjeros durante un periodo de tiempo de entre 4 semanas y un a\u00f1o.\u00a0<br \/>\n\u00a0<br \/>\nCaracter\u00edsticas de las pr\u00e1cticas:<br \/>\n&#8211; Permite obtener experiencia laboral antes de finalizar tus estudios.<br \/>\n&#8211; Uso de idioma: ingl\u00e9s (68%), alem\u00e1n (12%), espa\u00f1ol (11%), franc\u00e9s (3%).<br \/>\n&#8211; Duraci\u00f3n [&#8230;]<\/p>\n","protected":false},"author":445,"featured_media":0,"parent":0,"menu_order":0,"comment_status":"closed","ping_status":"closed","template":"","meta":{"_links_to":"","_links_to_target":""},"_links":{"self":[{"href":"https:\/\/observatorio.umh.es\/en\/wp-json\/wp\/v2\/pages\/997"}],"collection":[{"href":"https:\/\/observatorio.umh.es\/en\/wp-json\/wp\/v2\/pages"}],"about":[{"href":"https:\/\/observatorio.umh.es\/en\/wp-json\/wp\/v2\/types\/page"}],"author":[{"embeddable":true,"href":"https:\/\/observatorio.umh.es\/en\/wp-json\/wp\/v2\/users\/445"}],"replies":[{"embeddable":true,"href":"https:\/\/observatorio.umh.es\/en\/wp-json\/wp\/v2\/comments?post=997"}],"version-history":[{"count":0,"href":"https:\/\/observatorio.umh.es\/en\/wp-json\/wp\/v2\/pages\/997\/revisions"}],"wp:attachment":[{"href":"https:\/\/observatorio.umh.es\/en\/wp-json\/wp\/v2\/media?parent=997"}],"curies":[{"name":"wp","href":"https:\/\/api.w.org\/{rel}","templated":true}]}}