{"id":989,"date":"2011-10-25T11:01:49","date_gmt":"2011-10-25T09:01:49","guid":{"rendered":"http:\/\/observatorio.zeus.umh.es\/?page_id=989"},"modified":"2011-11-30T16:44:16","modified_gmt":"2011-11-30T16:44:16","slug":"becas-erasmus-practicas-umh","status":"publish","type":"page","link":"https:\/\/observatorio.umh.es\/en\/becas-erasmus-practicas-umh\/","title":{"rendered":"Becas Erasmus pr\u00e1cticas UMH"},"content":{"rendered":"<p><\/p>\n<p><p style=\"text-align: justify\">El objeto de la convocatoria es seleccionar a los estudiantes de la UMH beneficiarios de las ayudas del Programa de Aprendizaje<\/p>\n<p style=\"text-align: justify\">Permanente (PAP)\/Erasmus para realizar un periodo de pr\u00e1cticas en empresas situadas en alguno de los pa\u00edses seleccionados en esta convocatoria: Alemania, Austria, B\u00e9lgica, Bulgaria, Chipre, Dinamarca, Eslovaquia, Eslovenia, Estonia, Finlandia, Francia, Grecia, Hungr\u00eda, Irlanda, Islandia, Italia, Letonia, Liechtenstein, Lituania, Luxemburgo, Noruega. Pa\u00edses Bajos, Polonia, Portugal, Reino Unido, Rep. Checa, Rumania, Suecia y Turqu\u00eda.<\/p>\n<p style=\"text-align: justify\"><strong>N\u00famero de pr\u00e1cticas que se<\/strong> <strong>convocan:<\/strong> Se financian 10 estancias en pr\u00e1cticas<\/p>\n<p style=\"text-align: justify\"><strong>Periodo de<\/strong> <strong>realizaci\u00f3n:<\/strong> Curso acad\u00e9mico 2011\/2012.<\/p>\n<p style=\"text-align: justify\"><strong>Duraci\u00f3n de las pr\u00e1cticas:<\/strong> m\u00ednimo 3 meses &#8211; m\u00e1ximo 6 meses.<\/p>\n<p style=\"text-align: justify\">\u00a0<\/p>\n<p style=\"text-align: justify\">Las pr\u00e1cticas Erasmus son compatibles con las estancias Erasmus con fines de estudio. Se podr\u00e1n realizar ambas estancias durante el mismo curso acad\u00e9mico, pero nunca de manera simult\u00e1nea. Se debe de finalizar una estancia para comenzar la otra.<\/p>\n<p style=\"text-align: justify\"><strong>Cuant\u00eda de las ayudas:<\/strong> 320\u20ac\/mes<\/p>\n<p style=\"text-align: justify\"><strong>Forma de pago:<\/strong><\/p>\n<p style=\"text-align: justify\">&#8211; Mediante transferencia bancaria. Convenio financiero <a href=\"https:\/\/observatorio.umh.es\/files\/2011\/10\/anexo-iii_convenio-financiero.doc\" target=\"_self\">(Anexo III)<\/a><\/p>\n<p style=\"text-align: justify\">Primer pago (70%) en el primer mes de la estancia una vez recibido el certificado de incorporaci\u00f3n <a href=\"https:\/\/observatorio.umh.es\/files\/2011\/10\/anexo-iv_certificado-de-incorporacion.doc\" target=\"_self\">(Anexo IV)<\/a><\/p>\n<p style=\"text-align: justify\">Segundo pago (30%) al regreso, previa presentaci\u00f3n del certificado de realizaci\u00f3n de pr\u00e1cticas firmado por la empresa de acogida (Anexo V), informe final elaborado y firmado por la empresa <a href=\"https:\/\/observatorio.umh.es\/files\/2011\/10\/anexo-vi_informe-final_empresa.doc\" target=\"_self\">(Anexo VI)<\/a> e informe del estudiante <a href=\"https:\/\/observatorio.umh.es\/files\/2011\/10\/anexo-vii_informe-final_estudiante.doc\" target=\"_self\">(Anexo VII<\/a>).<\/p>\n<p style=\"text-align: justify\">\u00a0-Todos los estudiantes seleccionados deber\u00e1n enviar el Convenio financiero firmado en el plazo de un mes desde la adjudicaci\u00f3n de la beca.<\/p>\n<p style=\"text-align: justify\">\u00a0<\/p>\n<p style=\"text-align: justify\"><strong>Requisitos de los candidatos:<\/strong><\/p>\n<p style=\"text-align: justify\">1. Ser nacional, residente permanente, refugiado o ap\u00e1trida en alguno de los estados seleccionados.<\/p>\n<p style=\"text-align: justify\">2. Ser estudiante de la UMH durante el curso acad\u00e9mico de la solicitud y el del disfrute de la ayuda.<\/p>\n<p style=\"text-align: justify\">3. No haber sido beneficiario con anterioridad de una beca Leonardo da Vinci de pr\u00e1cticas en el extranjero o de una ayuda de movilidad ERASMUS pr\u00e1cticas.<\/p>\n<p style=\"text-align: justify\">\u00a0<\/p>\n<p style=\"text-align: justify\"><strong>Plazo de solicitud:<\/strong><\/p>\n<p style=\"text-align: justify\">\u00a0Desde el 26 de mayo de 2011 hasta el 22 de junio de 2011.<\/p>\n<p style=\"text-align: justify\">Posteriormente, en el caso de que no se hayan adjudicado todas las becas, las solicitudes podr\u00e1n seguir present\u00e1ndose hasta su total adjudicaci\u00f3n.<\/p>\n<p style=\"text-align: justify\">\u00a0<\/p>\n<p style=\"text-align: justify\"><strong>Documentaci\u00f3n a presentar, en cualquier registro de la UMH, dirigida a la Oficina de Relaciones Internacionales:<\/strong><\/p>\n<p style=\"text-align: justify\">\u00a01. Solicitud cumplimentada y firmada por el estudiante. <a href=\"https:\/\/observatorio.umh.es\/files\/2011\/10\/anexo-i_solicitud-1.doc\" target=\"_self\">Anexo I<\/a><\/p>\n<p style=\"text-align: justify\">2. Certificado de aceptaci\u00f3n de la empresa.<\/p>\n<p style=\"text-align: justify\">3. Fotocopia del DNI, pasaporte o permiso de residencia.<\/p>\n<p style=\"text-align: justify\">4. Copia del expediente acad\u00e9mico personal (sin validez acad\u00e9mica).<\/p>\n<p style=\"text-align: justify\">5. Copia del certificado o documento acreditativo oficial de conocimientos de idiomas.<\/p>\n<p style=\"text-align: justify\">6. Acuerdo de formaci\u00f3n y compromiso de calidad firmado por el solicitante y la empresa de acogida: modelo del <a href=\"https:\/\/observatorio.umh.es\/files\/2011\/10\/anexo-ii_training-agreement.doc\" target=\"_self\">Anexo II<\/a>.<\/p>\n<p style=\"text-align: justify\">\u00a0<\/p>\n<p style=\"text-align: justify\"><strong>Empresas de acogida<\/strong><\/p>\n<p style=\"text-align: justify\">\u00a0Se consideran empresas de acogida, todas aquellas entidades que desempe\u00f1en actividades en el sector p\u00fablico o privado, incluidos los Centros de formaci\u00f3n e investigaci\u00f3n.<\/p>\n<p style=\"text-align: justify\">\u00a0<strong>Empresas excluidas:<\/strong><\/p>\n<p style=\"text-align: justify\">Instituciones Europeas, Organizaciones encargadas de gestionar programas de la Uni\u00f3n Europea y Representaciones Diplom\u00e1ticas nacionales del pa\u00eds del estudiante en el pa\u00eds de acogida.<\/p>\n<p style=\"text-align: justify\">\u00a0<\/p>\n<p style=\"text-align: justify\"><strong>Adjudicaci\u00f3n de plazas<\/strong><\/p>\n<p style=\"text-align: justify\">La adjudicaci\u00f3n de plazas se realizar\u00e1 por la baremaci\u00f3n de m\u00e9ritos seg\u00fan la tabla siguiente:<\/p>\n<p style=\"text-align: justify\">\n<table border=\"0\" cellspacing=\"0\" cellpadding=\"0\">\n<tbody>\n<tr style=\"height: 33.2pt\">\n<td style=\"padding-right: 5.4pt;padding-left: 5.4pt;padding-bottom: 0cm;width: 30.34%;padding-top: 0cm;height: 33.2pt;border: windowtext 1pt solid\" width=\"30%\">\n<p class=\"MsoNormal\" style=\"margin: 0cm 0cm 10pt;text-align: center\" align=\"center\"><strong><span>M\u00e9rito <\/span><\/strong><\/p>\n<\/td>\n<td style=\"padding-right: 5.4pt;padding-left: 5.4pt;padding-bottom: 0cm;width: 56.68%;padding-top: 0cm;height: 33.2pt\" width=\"56%\">\n<p class=\"MsoNormal\" style=\"margin: 0cm 0cm 10pt;text-align: center\" align=\"center\"><strong><span>Criterios <\/span><\/strong><\/p>\n<\/td>\n<td style=\"padding-right: 5.4pt;padding-left: 5.4pt;padding-bottom: 0cm;width: 12.98%;padding-top: 0cm;height: 33.2pt\" width=\"12%\">\n<p class=\"MsoNormal\" style=\"margin: 0cm 0cm 10pt;text-align: center\" align=\"center\"><strong><span>Puntuaci\u00f3n m\u00e1xima sobre 10 <\/span><\/strong><\/p>\n<\/td>\n<\/tr>\n<tr style=\"height: 19.7pt\">\n<td style=\"padding-right: 5.4pt;padding-left: 5.4pt;padding-bottom: 0cm;width: 30.34%;padding-top: 0cm;height: 19.7pt\" width=\"30%\">\n<p class=\"MsoNormal\" style=\"margin: 0cm 0cm 10pt\"><span>Baremaci\u00f3n del expediente acad\u00e9mico <\/span><\/p>\n<\/td>\n<td style=\"padding-right: 5.4pt;padding-left: 5.4pt;padding-bottom: 0cm;width: 56.68%;padding-top: 0cm;height: 19.7pt\" width=\"56%\">\n<p class=\"MsoNormal\" style=\"margin: 0cm 0cm 10pt;text-align: justify\"><span>Media tipo C seg\u00fan R.D. 1125\/2003 (ponderada por cr\u00e9ditos troncales superados hasta la convocatoria \u201cfebrero 2011\u201d ) y el n\u00famero de cr\u00e9ditos superados. <\/span><\/p>\n<p class=\"MsoNormal\" style=\"margin: 0cm 0cm 10pt;text-align: justify\"><span>Para el c\u00e1lculo de este valor se tendr\u00e1 en cuenta el 40% de la nota y el 60% de los cr\u00e9ditos superados. <\/span><\/p>\n<\/td>\n<td style=\"padding-right: 5.4pt;padding-left: 5.4pt;padding-bottom: 0cm;width: 12.98%;padding-top: 0cm;height: 19.7pt\" width=\"12%\">\n<p class=\"MsoNormal\" style=\"margin: 0cm 0cm 10pt;text-align: center\" align=\"center\"><span>4 <\/span><\/p>\n<\/td>\n<\/tr>\n<tr style=\"height: 18.25pt\">\n<td style=\"padding-right: 5.4pt;padding-left: 5.4pt;padding-bottom: 0cm;width: 30.34%;padding-top: 0cm;height: 18.25pt\" rowspan=\"3\" width=\"30%\">\n<p class=\"MsoNormal\" style=\"margin: 0cm 0cm 10pt\"><span>Conocimientos de INGLES <\/span><\/p>\n<\/td>\n<td style=\"padding-right: 5.4pt;padding-left: 5.4pt;padding-bottom: 0cm;width: 56.68%;padding-top: 0cm;height: 18.25pt\" width=\"56%\">\n<p class=\"MsoNormal\" style=\"margin: 0cm 0cm 10pt\"><span>Certificaci\u00f3n oficial B2 o superior <\/span><\/p>\n<\/td>\n<td style=\"padding-right: 5.4pt;padding-left: 5.4pt;padding-bottom: 0cm;width: 12.98%;padding-top: 0cm;height: 18.25pt\" width=\"12%\">\n<p class=\"MsoNormal\" style=\"margin: 0cm 0cm 10pt;text-align: center\" align=\"center\"><span>3 <\/span><\/p>\n<p class=\"MsoNormal\" style=\"margin: 0cm 0cm 10pt;text-align: center\" align=\"center\"><span>\u00a0 <\/span><\/p>\n<\/td>\n<\/tr>\n<tr style=\"height: 18.25pt\">\n<td style=\"padding-right: 5.4pt;padding-left: 5.4pt;padding-bottom: 0cm;width: 56.68%;padding-top: 0cm;height: 18.25pt\" width=\"56%\">\n<p class=\"MsoNormal\" style=\"margin: 0cm 0cm 10pt\"><span>Certificaci\u00f3n oficial B1 <\/span><\/p>\n<\/td>\n<td style=\"padding-right: 5.4pt;padding-left: 5.4pt;padding-bottom: 0cm;width: 12.98%;padding-top: 0cm;height: 18.25pt\" width=\"12%\">\n<p class=\"MsoNormal\" style=\"margin: 0cm 0cm 10pt;text-align: center\" align=\"center\"><span>2 <\/span><\/p>\n<\/td>\n<\/tr>\n<tr style=\"height: 18.25pt\">\n<td style=\"padding-right: 5.4pt;padding-left: 5.4pt;padding-bottom: 0cm;width: 56.68%;padding-top: 0cm;height: 18.25pt\" width=\"56%\">\n<p class=\"MsoNormal\" style=\"margin: 0cm 0cm 10pt\"><span>Otros certificados <\/span><\/p>\n<\/td>\n<td style=\"padding-right: 5.4pt;padding-left: 5.4pt;padding-bottom: 0cm;width: 12.98%;padding-top: 0cm;height: 18.25pt\" width=\"12%\">\n<p class=\"MsoNormal\" style=\"margin: 0cm 0cm 10pt;text-align: center\" align=\"center\"><span>1 <\/span><\/p>\n<\/td>\n<\/tr>\n<tr style=\"height: 18.25pt\">\n<td style=\"padding-right: 5.4pt;padding-left: 5.4pt;padding-bottom: 0cm;width: 30.34%;padding-top: 0cm;height: 18.25pt\" rowspan=\"3\" width=\"30%\">\n<p class=\"MsoNormal\" style=\"margin: 0cm 0cm 10pt\"><span>Conocimientos del idiomas de destino <\/span><\/p>\n<\/td>\n<td style=\"padding-right: 5.4pt;padding-left: 5.4pt;padding-bottom: 0cm;width: 56.68%;padding-top: 0cm;height: 18.25pt\" width=\"56%\">\n<p class=\"MsoNormal\" style=\"margin: 0cm 0cm 10pt\"><span>Certificaci\u00f3n oficial B2 o superior <\/span><\/p>\n<\/td>\n<td style=\"padding-right: 5.4pt;padding-left: 5.4pt;padding-bottom: 0cm;width: 12.98%;padding-top: 0cm;height: 18.25pt\" width=\"12%\">\n<p class=\"MsoNormal\" style=\"margin: 0cm 0cm 10pt;text-align: center\" align=\"center\"><span>2 <\/span><\/p>\n<p class=\"MsoNormal\" style=\"margin: 0cm 0cm 10pt;text-align: center\" align=\"center\"><span>\u00a0 <\/span><\/p>\n<\/td>\n<\/tr>\n<tr style=\"height: 18.25pt\">\n<td style=\"padding-right: 5.4pt;padding-left: 5.4pt;padding-bottom: 0cm;width: 56.68%;padding-top: 0cm;height: 18.25pt\" width=\"56%\">\n<p class=\"MsoNormal\" style=\"margin: 0cm 0cm 10pt\"><span>Certificaci\u00f3n oficial B1 <\/span><\/p>\n<\/td>\n<td style=\"padding-right: 5.4pt;padding-left: 5.4pt;padding-bottom: 0cm;width: 12.98%;padding-top: 0cm;height: 18.25pt\" width=\"12%\">\n<p class=\"MsoNormal\" style=\"margin: 0cm 0cm 10pt;text-align: center\" align=\"center\"><span>1,5 <\/span><\/p>\n<\/td>\n<\/tr>\n<tr style=\"height: 18.25pt\">\n<td style=\"padding-right: 5.4pt;padding-left: 5.4pt;padding-bottom: 0cm;width: 56.68%;padding-top: 0cm;height: 18.25pt\" width=\"56%\">\n<p class=\"MsoNormal\" style=\"margin: 0cm 0cm 10pt\"><span>Otros certificados <\/span><\/p>\n<\/td>\n<td style=\"padding-right: 5.4pt;padding-left: 5.4pt;padding-bottom: 0cm;width: 12.98%;padding-top: 0cm;height: 18.25pt\" width=\"12%\">\n<p class=\"MsoNormal\" style=\"margin: 0cm 0cm 10pt;text-align: center\" align=\"center\"><span>1 <\/span><\/p>\n<\/td>\n<\/tr>\n<tr style=\"height: 19.7pt\">\n<td style=\"padding-right: 5.4pt;padding-left: 5.4pt;padding-bottom: 0cm;width: 30.34%;padding-top: 0cm;height: 19.7pt\" width=\"30%\">\n<p class=\"MsoNormal\" style=\"margin: 0cm 0cm 10pt\"><span>Participaci\u00f3n en el programa <em>Buddy <\/em><\/span><\/p>\n<\/td>\n<td style=\"padding-right: 5.4pt;padding-left: 5.4pt;padding-bottom: 0cm;width: 56.68%;padding-top: 0cm;height: 19.7pt\" width=\"56%\">\n<p class=\"MsoNormal\" style=\"margin: 0cm 0cm 10pt\"><span>\u00a0 <\/span><\/p>\n<\/td>\n<td style=\"padding-right: 5.4pt;padding-left: 5.4pt;padding-bottom: 0cm;width: 12.98%;padding-top: 0cm;height: 19.7pt\" width=\"12%\">\n<p class=\"MsoNormal\" style=\"margin: 0cm 0cm 10pt;text-align: center\" align=\"center\"><span>1 <\/span><\/p>\n<\/td>\n<\/tr>\n<\/tbody>\n<\/table>\n<p style=\"text-align: justify\">\u00a0<\/p>\n<p>La selecci\u00f3n de candidatos ser\u00e1 realizada por la Comisi\u00f3n de selecci\u00f3n presidida por el Vicerrector de Relaciones Internacional es y Coordinadores en qui\u00e9n delegue.<\/p>\n<p>\u00a0<\/p>\n<p style=\"text-align: justify\">Todos los estudiantes que hayan obtenido una plaza deber\u00e1n formalizar con el Observatorio Ocupacional los anexos de pr\u00e1cticas necesarios para el inicio de las mismas.<\/p>\n<p style=\"text-align: justify\">Los estudiantes deber\u00e1n presentar un certificado de aceptaci\u00f3n de la empresa en el extranjero. En el caso de que no se cubran las 10 plazas, a partir del <strong>30 de Septiembre de 2011<\/strong>, las ayudas se ir\u00e1n adjudicando seg\u00fan se vayan recibiendo en la Oficina de Relaciones Internacional es.<\/p>\n<p style=\"text-align: justify\">El estudiante deber\u00e1 realizar por s\u00ed mismo la b\u00fasqueda de las pr\u00e1cticas en aquellas empresas que resulten de su inter\u00e9s.<\/p>\n<p style=\"text-align: justify\">Para la concesi\u00f3n de la beca ser\u00e1 requisito imprescindible presentar un certificado de aceptaci\u00f3n de la empresa donde se vayan a realizar las pr\u00e1cticas.<\/p>\n<p>\u00a0<\/p>\n<p style=\"text-align: center\"><strong>Para m\u00e1s informaci\u00f3n:<\/strong><\/p>\n<p style=\"text-align: center\">\u00a0Oficina de Relaciones Internacionales<\/p>\n<p style=\"text-align: center\">Universidad Miguel Hern\u00e1ndez de Elche<\/p>\n<p style=\"text-align: center\">Edificio de Rectorado y Consejo Social &#8211; Planta Baja<\/p>\n<p style=\"text-align: center\">Tel\u00e9fono: 966658710 &#8211; Fax: 966658705<\/p>\n<p style=\"text-align: center\">E-mail: movilidad@umh.es<\/p>\n<p style=\"text-align: center\">Website: <a href=\"http:\/\/www.umh.es\/internacional\">http:\/\/www.umh.es\/internacional<\/a><\/p>\n<p style=\"text-align: center\">\u00a0<\/p>\n<p style=\"text-align: center\">\u00a0<\/p>\n<\/p>\n<p><\/p>\n<div class='bookmarkify'><a name='bookmarkify'><\/a><div class='linkbuttons'><a href='http:\/\/www.facebook.com\/share.php?u=https:\/\/observatorio.umh.es\/en\/becas-erasmus-practicas-umh\/' title='Save to Facebook' onclick='target=\"_blank\";' rel='nofollow'><img src='https:\/\/observatorio.umh.es\/wp-content\/plugins\/bookmarkify\/facebook.png' style='width:16px; height:16px;' alt='[Facebook] ' \/><\/a> <a href='http:\/\/www.google.com\/bookmarks\/mark?op=edit&amp;output=popup&amp;bkmk=https:\/\/observatorio.umh.es\/en\/becas-erasmus-practicas-umh\/&amp;title=Becas Erasmus pr\u00e1cticas UMH' title='Save to Google Bookmarks' onclick='target=\"_blank\";' rel='nofollow'><img src='https:\/\/observatorio.umh.es\/wp-content\/plugins\/bookmarkify\/google.png' style='width:16px; height:16px;' alt='[Google] ' \/><\/a> <a href='http:\/\/twitter.com\/home\/?status=Becas Erasmus pr\u00e1cticas UMH+https:\/\/observatorio.umh.es\/en\/becas-erasmus-practicas-umh\/' title='Save to Twitter' onclick='target=\"_blank\";' rel='nofollow'><img src='https:\/\/observatorio.umh.es\/wp-content\/plugins\/bookmarkify\/twitter.png' style='width:16px; height:16px;' alt='[Twitter] ' \/><\/a> <\/div><\/div>","protected":false},"excerpt":{"rendered":"<p>El objeto de la convocatoria es seleccionar a los estudiantes de la UMH beneficiarios de las ayudas del Programa de Aprendizaje<br \/>\nPermanente (PAP)\/Erasmus para realizar un periodo de pr\u00e1cticas en empresas situadas en alguno de los pa\u00edses seleccionados en esta convocatoria: Alemania, Austria, B\u00e9lgica, Bulgaria, Chipre, Dinamarca, Eslovaquia, Eslovenia, Estonia, Finlandia, Francia, Grecia, Hungr\u00eda, Irlanda, Islandia, [&#8230;]<\/p>\n","protected":false},"author":445,"featured_media":0,"parent":0,"menu_order":0,"comment_status":"closed","ping_status":"closed","template":"","meta":{"_links_to":"","_links_to_target":""},"_links":{"self":[{"href":"https:\/\/observatorio.umh.es\/en\/wp-json\/wp\/v2\/pages\/989"}],"collection":[{"href":"https:\/\/observatorio.umh.es\/en\/wp-json\/wp\/v2\/pages"}],"about":[{"href":"https:\/\/observatorio.umh.es\/en\/wp-json\/wp\/v2\/types\/page"}],"author":[{"embeddable":true,"href":"https:\/\/observatorio.umh.es\/en\/wp-json\/wp\/v2\/users\/445"}],"replies":[{"embeddable":true,"href":"https:\/\/observatorio.umh.es\/en\/wp-json\/wp\/v2\/comments?post=989"}],"version-history":[{"count":0,"href":"https:\/\/observatorio.umh.es\/en\/wp-json\/wp\/v2\/pages\/989\/revisions"}],"wp:attachment":[{"href":"https:\/\/observatorio.umh.es\/en\/wp-json\/wp\/v2\/media?parent=989"}],"curies":[{"name":"wp","href":"https:\/\/api.w.org\/{rel}","templated":true}]}}