{"id":935,"date":"2011-10-18T11:15:25","date_gmt":"2011-10-18T09:15:25","guid":{"rendered":"http:\/\/observatorio.zeus.umh.es\/?page_id=935"},"modified":"2011-11-30T16:42:36","modified_gmt":"2011-11-30T16:42:36","slug":"autoempleo","status":"publish","type":"page","link":"https:\/\/observatorio.umh.es\/en\/autoempleo\/","title":{"rendered":"Autoempleo"},"content":{"rendered":"<p><\/p>\n<p>En las siguientes p\u00e1ginas encontrar\u00e1s informaci\u00f3n relacionada con:<\/p>\n<p>&#8211; Poner en marcha un proyecto empresarial, incluida subvenciones y asesor\u00edas.<\/p>\n<p>&#8211; Crear una empresa con respaldo de una marca.<\/p>\n<p>&#8211; Ayuda a las mujeres emprendedoras.<\/p>\n<p>\u00a0<\/p>\n<p><a href=\"http:\/\/www.autoempleomujer.com\/\">http:\/\/www.autoempleomujer.com\/<\/a><\/p>\n<p><a href=\"http:\/\/www.creaciondempresas.com\/\">http:\/\/www.creaciondempresas.com\/<\/a><\/p>\n<p><span style=\"text-decoration: underline\"><a href=\"http:\/\/www.camarademadrid.es\">http:\/\/www.camarademadrid.es<\/a> <\/span><\/p>\n<p><span style=\"text-decoration: underline\"><a href=\"http:\/\/www.emprenemjunts.es\/\">http:\/\/www.emprenemjunts.es\/<\/a> <\/span><\/p>\n<p><a href=\"http:\/\/www.enisa.es\/\">http:\/\/www.enisa.es\/<\/a><\/p>\n<p><a href=\"http:\/\/www.madridemprende.esmadrid.com\/\">http:\/\/www.madridemprende.esmadrid.com\/<\/a><span style=\"text-decoration: underline\"> <\/span><\/p>\n<p><a href=\"http:\/\/www.ventanillaempresarial.org\/\">http:\/\/www.ventanillaempresarial.org\/<\/a><\/p>\n<p><span style=\"text-decoration: underline\"><a href=\"http:\/\/www.tormo.com\/\">http:\/\/www.tormo.com\/<\/a> <\/span><\/p>\n<p><\/p>\n<div class='bookmarkify'><a name='bookmarkify'><\/a><div class='linkbuttons'><a href='http:\/\/www.facebook.com\/share.php?u=https:\/\/observatorio.umh.es\/en\/autoempleo\/' title='Save to Facebook' onclick='target=\"_blank\";' rel='nofollow'><img src='https:\/\/observatorio.umh.es\/wp-content\/plugins\/bookmarkify\/facebook.png' style='width:16px; height:16px;' alt='[Facebook] ' \/><\/a> <a href='http:\/\/www.google.com\/bookmarks\/mark?op=edit&amp;output=popup&amp;bkmk=https:\/\/observatorio.umh.es\/en\/autoempleo\/&amp;title=Autoempleo' title='Save to Google Bookmarks' onclick='target=\"_blank\";' rel='nofollow'><img src='https:\/\/observatorio.umh.es\/wp-content\/plugins\/bookmarkify\/google.png' style='width:16px; height:16px;' alt='[Google] ' \/><\/a> <a href='http:\/\/twitter.com\/home\/?status=Autoempleo+https:\/\/observatorio.umh.es\/en\/autoempleo\/' title='Save to Twitter' onclick='target=\"_blank\";' rel='nofollow'><img src='https:\/\/observatorio.umh.es\/wp-content\/plugins\/bookmarkify\/twitter.png' style='width:16px; height:16px;' alt='[Twitter] ' \/><\/a> <\/div><\/div>","protected":false},"excerpt":{"rendered":"<p>En las siguientes p\u00e1ginas encontrar\u00e1s informaci\u00f3n relacionada con:<br \/>\n&#8211; Poner en marcha un proyecto empresarial, incluida subvenciones y asesor\u00edas.<br \/>\n&#8211; Crear una empresa con respaldo de una marca.<br \/>\n&#8211; Ayuda a las mujeres emprendedoras.<br \/>\n\u00a0<br \/>\nhttp:\/\/www.autoempleomujer.com\/<br \/>\nhttp:\/\/www.creaciondempresas.com\/<br \/>\nhttp:\/\/www.camarademadrid.es<br \/>\nhttp:\/\/www.emprenemjunts.es\/<br \/>\nhttp:\/\/www.enisa.es\/<br \/>\nhttp:\/\/www.madridemprende.esmadrid.com\/<br \/>\nhttp:\/\/www.ventanillaempresarial.org\/<br \/>\nhttp:\/\/www.tormo.com\/ <\/p>\n","protected":false},"author":445,"featured_media":0,"parent":0,"menu_order":0,"comment_status":"closed","ping_status":"closed","template":"","meta":{"_links_to":"","_links_to_target":""},"_links":{"self":[{"href":"https:\/\/observatorio.umh.es\/en\/wp-json\/wp\/v2\/pages\/935"}],"collection":[{"href":"https:\/\/observatorio.umh.es\/en\/wp-json\/wp\/v2\/pages"}],"about":[{"href":"https:\/\/observatorio.umh.es\/en\/wp-json\/wp\/v2\/types\/page"}],"author":[{"embeddable":true,"href":"https:\/\/observatorio.umh.es\/en\/wp-json\/wp\/v2\/users\/445"}],"replies":[{"embeddable":true,"href":"https:\/\/observatorio.umh.es\/en\/wp-json\/wp\/v2\/comments?post=935"}],"version-history":[{"count":0,"href":"https:\/\/observatorio.umh.es\/en\/wp-json\/wp\/v2\/pages\/935\/revisions"}],"wp:attachment":[{"href":"https:\/\/observatorio.umh.es\/en\/wp-json\/wp\/v2\/media?parent=935"}],"curies":[{"name":"wp","href":"https:\/\/api.w.org\/{rel}","templated":true}]}}