{"id":821,"date":"2011-09-19T09:36:50","date_gmt":"2011-09-19T07:36:50","guid":{"rendered":"http:\/\/observatorio.zeus.umh.es\/?page_id=821"},"modified":"2015-05-12T11:13:39","modified_gmt":"2015-05-12T09:13:39","slug":"funciones-del-tutor","status":"publish","type":"page","link":"https:\/\/observatorio.umh.es\/en\/funciones-del-tutor\/","title":{"rendered":"Funciones del Tutor"},"content":{"rendered":"<p><\/p>\n<h3>Tutor acad\u00e9mico:<\/h3>\n<p>\u00a0<\/p>\n<p>Profesor de la Universidad Miguel Hern\u00e1ndez que realiza el seguimiento de las pr\u00e1cticas de los estudiantes en centros externos. Certificar\u00e1 las pr\u00e1cticas a su finalizaci\u00f3n siempre que considere esto oportuno.<\/p>\n<h3>Tutor profesional:<\/h3>\n<p>\u00a0<\/p>\n<p>El tutor profesional tiene un papel fundamental dentro de las pr\u00e1cticas, ya que es el nexo de uni\u00f3n entre la empresa y el estudiante y, por tanto, la imagen que el estudiante se lleva de la empresa.<br \/>\nSon tareas del tutor profesional:<br \/>\n&#8211; Proporcionarle al estudiante los conocimientos necesarios para el correcto desarrollo de la pr\u00e1ctica dentro de la empresa o instituci\u00f3n.<\/p>\n<p>&#8211; Resolver las dudas que puedan surgirle al estudiante durante el desarrollo de la misma.<\/p>\n<p>&#8211; Supervisar las funciones del estudiante y, en caso de detectar alg\u00fan error, explicar aquello que no haya sabido hacer.<br \/>\n&#8211; Una vez finalizada la pr\u00e1ctica y si el estudiante lo demanda, realizarle un informe certificando la realizaci\u00f3n de las mismas.<br \/>\n&#8211; Solo existir\u00e1 un tutor de cada tipo en cada anexo.<\/p>\n<p>\u00a0<\/p>\n<h3>Incidencias durante la pr\u00e1ctica:<\/h3>\n<p>\u00a0<\/p>\n<p>En caso de que cualquiera de las partes detectase la necesidad de modificar alguna de las condiciones pactadas de la pr\u00e1ctica las partes deber\u00e1n realizar una modificaci\u00f3n del anexo, mediante el procedimiento de addenda (en caso de acuerdo) o presentando una reclamaci\u00f3n al Observatorio Ocupacional.<\/p>\n<p><\/p>\n<div class='bookmarkify'><a name='bookmarkify'><\/a><div class='linkbuttons'><a href='http:\/\/www.facebook.com\/share.php?u=https:\/\/observatorio.umh.es\/en\/funciones-del-tutor\/' title='Save to Facebook' onclick='target=\"_blank\";' rel='nofollow'><img src='https:\/\/observatorio.umh.es\/wp-content\/plugins\/bookmarkify\/facebook.png' style='width:16px; height:16px;' alt='[Facebook] ' \/><\/a> <a href='http:\/\/www.google.com\/bookmarks\/mark?op=edit&amp;output=popup&amp;bkmk=https:\/\/observatorio.umh.es\/en\/funciones-del-tutor\/&amp;title=Funciones del Tutor' title='Save to Google Bookmarks' onclick='target=\"_blank\";' rel='nofollow'><img src='https:\/\/observatorio.umh.es\/wp-content\/plugins\/bookmarkify\/google.png' style='width:16px; height:16px;' alt='[Google] ' \/><\/a> <a href='http:\/\/twitter.com\/home\/?status=Funciones del Tutor+https:\/\/observatorio.umh.es\/en\/funciones-del-tutor\/' title='Save to Twitter' onclick='target=\"_blank\";' rel='nofollow'><img src='https:\/\/observatorio.umh.es\/wp-content\/plugins\/bookmarkify\/twitter.png' style='width:16px; height:16px;' alt='[Twitter] ' \/><\/a> <\/div><\/div>","protected":false},"excerpt":{"rendered":"<p>Tutor acad\u00e9mico:<br \/>\n\u00a0<br \/>\nProfesor de la Universidad Miguel Hern\u00e1ndez que realiza el seguimiento de las pr\u00e1cticas de los estudiantes en centros externos. Certificar\u00e1 las pr\u00e1cticas a su finalizaci\u00f3n siempre que considere esto oportuno.<br \/>\nTutor profesional:<br \/>\n\u00a0<br \/>\nEl tutor profesional tiene un papel fundamental dentro de las pr\u00e1cticas, ya que es el nexo de uni\u00f3n entre la empresa y el estudiante [&#8230;]<\/p>\n","protected":false},"author":445,"featured_media":0,"parent":0,"menu_order":0,"comment_status":"closed","ping_status":"closed","template":"","meta":{"_links_to":"","_links_to_target":""},"_links":{"self":[{"href":"https:\/\/observatorio.umh.es\/en\/wp-json\/wp\/v2\/pages\/821"}],"collection":[{"href":"https:\/\/observatorio.umh.es\/en\/wp-json\/wp\/v2\/pages"}],"about":[{"href":"https:\/\/observatorio.umh.es\/en\/wp-json\/wp\/v2\/types\/page"}],"author":[{"embeddable":true,"href":"https:\/\/observatorio.umh.es\/en\/wp-json\/wp\/v2\/users\/445"}],"replies":[{"embeddable":true,"href":"https:\/\/observatorio.umh.es\/en\/wp-json\/wp\/v2\/comments?post=821"}],"version-history":[{"count":0,"href":"https:\/\/observatorio.umh.es\/en\/wp-json\/wp\/v2\/pages\/821\/revisions"}],"wp:attachment":[{"href":"https:\/\/observatorio.umh.es\/en\/wp-json\/wp\/v2\/media?parent=821"}],"curies":[{"name":"wp","href":"https:\/\/api.w.org\/{rel}","templated":true}]}}