{"id":796,"date":"2011-09-08T11:06:36","date_gmt":"2011-09-08T09:06:36","guid":{"rendered":"http:\/\/observatorio.zeus.umh.es\/?page_id=796"},"modified":"2011-11-30T16:57:49","modified_gmt":"2011-11-30T16:57:49","slug":"valida-tu-idea-empresarial-innova-%e2%80%93-emprende","status":"publish","type":"page","link":"https:\/\/observatorio.umh.es\/en\/valida-tu-idea-empresarial-innova-%e2%80%93-emprende\/","title":{"rendered":"Valida tu idea Empresarial: Innova \u2013 Emprende"},"content":{"rendered":"<p><\/p>\n<p style=\"text-align: justify\"><a href=\"https:\/\/observatorio.umh.es\/files\/2011\/09\/caraa.jpg\"><img loading=\"lazy\" class=\"size-medium wp-image-797 alignright\" style=\"border: black 2px solid\" src=\"https:\/\/observatorio.umh.es\/files\/2011\/09\/caraa-146x300.jpg\" alt=\"\" width=\"131\" height=\"270\" srcset=\"https:\/\/observatorio.umh.es\/files\/2011\/09\/caraa-146x300.jpg 146w, https:\/\/observatorio.umh.es\/files\/2011\/09\/caraa.jpg 434w\" sizes=\"(max-width: 131px) 100vw, 131px\" \/><\/a>Se trata de un certamen que premia ideas de negocio innovadoras, dirigido a estudiantes, titulados y personal universitario, tanto de administraci\u00f3n y servicios (PAS), como docente e investigador (PDI)<\/p>\n<p style=\"text-align: justify\">Existen varias categor\u00edas en las que participar: medio ambiente, agroalimentaria, salud, nuevas tecnolog\u00edas, general, y mejor idea aplicada a nuestro entorno.<\/p>\n<p style=\"text-align: justify\">De esta manera, que todas las inquietudes y todos los estudiantes de las distintas titulaciones tienen cabida a la hora de presentar sus ideas. Pero la finalidad, adem\u00e1s de premiar las ideas m\u00e1s destacadas, va m\u00e1s all\u00e1, es decir, se busca que el emprendedor va tomando conciencia de la validez de su proyecto, llegando en muchos casos, a hacerlo realidad y se pone as\u00ed la semilla para que el emprendedor desarrolle su idea, se forme con la ayuda del PEU, analice su viabilidad, y la ponga en marcha.<\/p>\n<p style=\"text-align: justify\">\u00a0<\/p>\n<p style=\"text-align: justify\">A partir de la afloraci\u00f3n de ideas, independientemente de que resulten ganadoras en la categor\u00eda correspondiente, se incentiva su desarrollo en un plan de empresa, mostrando la viabilidad de su puesta en marcha, y se promociona la presentaci\u00f3n de \u00e9ste en otros premios para proyectos de negocio.<\/p>\n<p style=\"text-align: justify\">\u00a0<\/p>\n<p style=\"text-align: justify\">Sin iniciativas como la de este certamen, muchas de las ideas de los miembros de la comunidad universitaria no ver\u00edan la luz, al no creerse capaz el promotor de llevar a cabo el proyecto.<\/p>\n<p><\/p>\n<div class='bookmarkify'><a name='bookmarkify'><\/a><div class='linkbuttons'><a href='http:\/\/www.facebook.com\/share.php?u=https:\/\/observatorio.umh.es\/en\/valida-tu-idea-empresarial-innova-%e2%80%93-emprende\/' title='Save to Facebook' onclick='target=\"_blank\";' rel='nofollow'><img src='https:\/\/observatorio.umh.es\/wp-content\/plugins\/bookmarkify\/facebook.png' style='width:16px; height:16px;' alt='[Facebook] ' \/><\/a> <a href='http:\/\/www.google.com\/bookmarks\/mark?op=edit&amp;output=popup&amp;bkmk=https:\/\/observatorio.umh.es\/en\/valida-tu-idea-empresarial-innova-%e2%80%93-emprende\/&amp;title=Valida tu idea Empresarial: Innova \u2013 Emprende' title='Save to Google Bookmarks' onclick='target=\"_blank\";' rel='nofollow'><img src='https:\/\/observatorio.umh.es\/wp-content\/plugins\/bookmarkify\/google.png' style='width:16px; height:16px;' alt='[Google] ' \/><\/a> <a href='http:\/\/twitter.com\/home\/?status=Valida tu idea Empresarial: Innova \u2013 Emprende+https:\/\/observatorio.umh.es\/en\/valida-tu-idea-empresarial-innova-%e2%80%93-emprende\/' title='Save to Twitter' onclick='target=\"_blank\";' rel='nofollow'><img src='https:\/\/observatorio.umh.es\/wp-content\/plugins\/bookmarkify\/twitter.png' style='width:16px; height:16px;' alt='[Twitter] ' \/><\/a> <\/div><\/div>","protected":false},"excerpt":{"rendered":"<p>Se trata de un certamen que premia ideas de negocio innovadoras, dirigido a estudiantes, titulados y personal universitario, tanto de administraci\u00f3n y servicios (PAS), como docente e investigador (PDI)<br \/>\nExisten varias categor\u00edas en las que participar: medio ambiente, agroalimentaria, salud, nuevas tecnolog\u00edas, general, y mejor idea aplicada a nuestro entorno.<br \/>\nDe esta manera, que todas las inquietudes [&#8230;]<\/p>\n","protected":false},"author":445,"featured_media":0,"parent":0,"menu_order":0,"comment_status":"closed","ping_status":"closed","template":"","meta":{"_links_to":"","_links_to_target":""},"_links":{"self":[{"href":"https:\/\/observatorio.umh.es\/en\/wp-json\/wp\/v2\/pages\/796"}],"collection":[{"href":"https:\/\/observatorio.umh.es\/en\/wp-json\/wp\/v2\/pages"}],"about":[{"href":"https:\/\/observatorio.umh.es\/en\/wp-json\/wp\/v2\/types\/page"}],"author":[{"embeddable":true,"href":"https:\/\/observatorio.umh.es\/en\/wp-json\/wp\/v2\/users\/445"}],"replies":[{"embeddable":true,"href":"https:\/\/observatorio.umh.es\/en\/wp-json\/wp\/v2\/comments?post=796"}],"version-history":[{"count":0,"href":"https:\/\/observatorio.umh.es\/en\/wp-json\/wp\/v2\/pages\/796\/revisions"}],"wp:attachment":[{"href":"https:\/\/observatorio.umh.es\/en\/wp-json\/wp\/v2\/media?parent=796"}],"curies":[{"name":"wp","href":"https:\/\/api.w.org\/{rel}","templated":true}]}}