{"id":790,"date":"2011-09-08T10:52:57","date_gmt":"2011-09-08T08:52:57","guid":{"rendered":"http:\/\/observatorio.zeus.umh.es\/?page_id=790"},"modified":"2011-11-30T16:53:29","modified_gmt":"2011-11-30T16:53:29","slug":"formacion","status":"publish","type":"page","link":"https:\/\/observatorio.umh.es\/en\/formacion\/","title":{"rendered":"Formaci\u00f3n"},"content":{"rendered":"<p><\/p>\n<p style=\"text-align: justify\"><a href=\"https:\/\/observatorio.umh.es\/files\/2011\/09\/formacion.png\"><\/a><a href=\"https:\/\/observatorio.umh.es\/files\/2011\/09\/dsc_0117.jpg\"><\/a>Una vez despertada la inquietud emprendedora en los miembros de la comunidad universitaria, y tras contar con el apoyo de diversas entidades externas, es hora de generar la oferta formativa necesaria. As\u00ed, los emprendedores dispondr\u00e1n de los conocimientos necesarios para generar proyectos v\u00e1lidos, y para garantizar la gesti\u00f3n \u00f3ptima de la reci\u00e9n creada empresa.<\/p>\n<p style=\"text-align: justify\">\u00a0<\/p>\n<p style=\"text-align: justify\"><a href=\"https:\/\/observatorio.umh.es\/files\/2011\/09\/formacion.png\"><\/a><a href=\"https:\/\/observatorio.umh.es\/files\/2011\/09\/dsc_0117.jpg\"><img loading=\"lazy\" class=\"size-medium wp-image-803 alignright\" src=\"https:\/\/observatorio.umh.es\/files\/2011\/09\/dsc_0117-300x199.jpg\" alt=\"\" width=\"300\" height=\"199\" srcset=\"https:\/\/observatorio.umh.es\/files\/2011\/09\/dsc_0117-300x199.jpg 300w, https:\/\/observatorio.umh.es\/files\/2011\/09\/dsc_0117-1024x682.jpg 1024w, https:\/\/observatorio.umh.es\/files\/2011\/09\/dsc_0117.jpg 1349w\" sizes=\"(max-width: 300px) 100vw, 300px\" \/><\/a>En este sentido, la Universidad Miguel Hern\u00e1ndez apost\u00f3 desde el primer momento por ofertar diferentes cursos y seminarios en materia de creaci\u00f3n de empresas, y as\u00ed capacitar de la mejor forma posible a los futuros emprendedores. Adem\u00e1s, todos estos cursos cuentan desde el primer momento con el reconocimiento de la Comisi\u00f3n de Ordenaci\u00f3n Acad\u00e9mica, pudiendo formar parte del expediente acad\u00e9mico de todos aquellos interesados como <strong>cr\u00e9ditos de libre elecci\u00f3n<\/strong>.<\/p>\n<p style=\"text-align: justify\">\u00a0<\/p>\n<p style=\"text-align: justify\">Fruto de los diferentes convenios de colaboraci\u00f3n firmados con el Instituto Valenciano de la Juventud y con el Centro Europeo de Empresas Innovadoras CEEI-Elche, se ofertan diferentes cursos sobre creaci\u00f3n de empresas, tanto presenciales, como de formaci\u00f3n &#8220;on-line&#8221;.<\/p>\n<p style=\"text-align: justify\">\u00a0<\/p>\n<h3 style=\"text-align: justify\"><a href=\"https:\/\/observatorio.umh.es\/category\/cursos-y-jornadas\/\" target=\"_self\">Consulta Cursos y Jornadas<\/a><\/h3>\n<p style=\"text-align: justify\">\u00a0<\/p>\n<h3 style=\"text-align: justify\"><a href=\"http:\/\/www.campusceei.com\/umh\/FHome.aspx\" target=\"_self\">Cursos On &#8211; line CEEI<\/a><\/h3>\n<p style=\"text-align: justify\">\u00a0<\/p>\n<h3 style=\"text-align: justify\"><a href=\"https:\/\/observatorio.umh.es\/category\/emprendedores\/convocatoria-para-emprendedores\/\" target=\"_self\">Convocatorias para emprendedores<\/a><\/h3>\n<p style=\"text-align: justify\">\u00a0<\/p>\n<p style=\"text-align: justify\">\u00a0<\/p>\n<p style=\"text-align: justify\">\u00a0<\/p>\n<p style=\"text-align: justify\">\u00a0<\/p>\n<p style=\"text-align: justify\">\u00a0<\/p>\n<p><\/p>\n<div class='bookmarkify'><a name='bookmarkify'><\/a><div class='linkbuttons'><a href='http:\/\/www.facebook.com\/share.php?u=https:\/\/observatorio.umh.es\/en\/formacion\/' title='Save to Facebook' onclick='target=\"_blank\";' rel='nofollow'><img src='https:\/\/observatorio.umh.es\/wp-content\/plugins\/bookmarkify\/facebook.png' style='width:16px; height:16px;' alt='[Facebook] ' \/><\/a> <a href='http:\/\/www.google.com\/bookmarks\/mark?op=edit&amp;output=popup&amp;bkmk=https:\/\/observatorio.umh.es\/en\/formacion\/&amp;title=Formaci\u00f3n' title='Save to Google Bookmarks' onclick='target=\"_blank\";' rel='nofollow'><img src='https:\/\/observatorio.umh.es\/wp-content\/plugins\/bookmarkify\/google.png' style='width:16px; height:16px;' alt='[Google] ' \/><\/a> <a href='http:\/\/twitter.com\/home\/?status=Formaci\u00f3n+https:\/\/observatorio.umh.es\/en\/formacion\/' title='Save to Twitter' onclick='target=\"_blank\";' rel='nofollow'><img src='https:\/\/observatorio.umh.es\/wp-content\/plugins\/bookmarkify\/twitter.png' style='width:16px; height:16px;' alt='[Twitter] ' \/><\/a> <\/div><\/div>","protected":false},"excerpt":{"rendered":"<p>Una vez despertada la inquietud emprendedora en los miembros de la comunidad universitaria, y tras contar con el apoyo de diversas entidades externas, es hora de generar la oferta formativa necesaria. As\u00ed, los emprendedores dispondr\u00e1n de los conocimientos necesarios para generar proyectos v\u00e1lidos, y para garantizar la gesti\u00f3n \u00f3ptima de la reci\u00e9n creada empresa.<br \/>\n\u00a0<br \/>\nEn este [&#8230;]<\/p>\n","protected":false},"author":445,"featured_media":0,"parent":0,"menu_order":0,"comment_status":"closed","ping_status":"closed","template":"","meta":{"_links_to":"","_links_to_target":""},"_links":{"self":[{"href":"https:\/\/observatorio.umh.es\/en\/wp-json\/wp\/v2\/pages\/790"}],"collection":[{"href":"https:\/\/observatorio.umh.es\/en\/wp-json\/wp\/v2\/pages"}],"about":[{"href":"https:\/\/observatorio.umh.es\/en\/wp-json\/wp\/v2\/types\/page"}],"author":[{"embeddable":true,"href":"https:\/\/observatorio.umh.es\/en\/wp-json\/wp\/v2\/users\/445"}],"replies":[{"embeddable":true,"href":"https:\/\/observatorio.umh.es\/en\/wp-json\/wp\/v2\/comments?post=790"}],"version-history":[{"count":0,"href":"https:\/\/observatorio.umh.es\/en\/wp-json\/wp\/v2\/pages\/790\/revisions"}],"wp:attachment":[{"href":"https:\/\/observatorio.umh.es\/en\/wp-json\/wp\/v2\/media?parent=790"}],"curies":[{"name":"wp","href":"https:\/\/api.w.org\/{rel}","templated":true}]}}