{"id":789,"date":"2011-09-08T10:51:17","date_gmt":"2011-09-08T08:51:17","guid":{"rendered":"http:\/\/observatorio.zeus.umh.es\/?page_id=789"},"modified":"2014-05-22T13:44:23","modified_gmt":"2014-05-22T11:44:23","slug":"acciones-de-sensibilizacion","status":"publish","type":"page","link":"https:\/\/observatorio.umh.es\/en\/acciones-de-sensibilizacion\/","title":{"rendered":"Acciones de sensibilizaci\u00f3n"},"content":{"rendered":"<p><\/p>\n<p style=\"text-align: justify\"><a href=\"https:\/\/observatorio.umh.es\/files\/2011\/09\/ciclo-peu.png\"><\/a>M\u00e1s que un modelo lineal, en el que un \u00fanico itinerario despierta la inquietud<a href=\"https:\/\/observatorio.umh.es\/files\/2011\/09\/ciclo-peu.png\"><img loading=\"lazy\" class=\"size-medium wp-image-801 alignright\" src=\"https:\/\/observatorio.umh.es\/files\/2011\/09\/ciclo-peu-300x230.png\" alt=\"\" width=\"300\" height=\"230\" srcset=\"https:\/\/observatorio.umh.es\/files\/2011\/09\/ciclo-peu-300x230.png 300w, https:\/\/observatorio.umh.es\/files\/2011\/09\/ciclo-peu.png 326w\" sizes=\"(max-width: 300px) 100vw, 300px\" \/><\/a> emprendedora, disponemos de una visi\u00f3n circular del proceso mediante la cual, el est\u00edmulo del esp\u00edritu emprendedor en el colectivo universitario, junto al desarrollo de las habilidades necesarias para generar un proyecto de negocio, puede desembocar en una empresa real, en una experiencia exitosa que despierte\u00a0 ese esp\u00edritu entre los emprendedores potenciales de la comunidad universitaria.<\/p>\n<p style=\"text-align: justify\">\u00a0<\/p>\n<p style=\"text-align: justify\">Con el fin de detectar inquietudes, y de disponer de informaci\u00f3n acerca de aquellos estudiantes interesados en materia de creaci\u00f3n de empresas, se les facilita informaci\u00f3n sobre el Programa de Emprendedores Universitarios en el sobre de matr\u00edcula que reciben al comienzo de cada curso. Una vez disponen de informaci\u00f3n del mismo, pueden inscribirse en el PEU seleccionando una casilla en el programa inform\u00e1tico en el que se realiza la matr\u00edcula.<\/p>\n<p style=\"text-align: justify\">\u00a0<\/p>\n<p style=\"text-align: justify\">A lo largo del curso acad\u00e9mico se organizan diversas jornadas cuyo objetivo es poner en valor la figura del emprendedor, mostrar las ventajas y aspectos positivos de la creaci\u00f3n de empresas, e incentivar el autoempleo como una forma original de generar puestos de trabajo.<\/p>\n<p style=\"text-align: justify\">\u00a0<\/p>\n<h3 style=\"text-align: justify\"><a href=\"https:\/\/observatorio.umh.es\/category\/emprendedores\/convocatoria-para-emprendedores\/\" target=\"_self\">Consulta las \u00faltimas convocatorias para emprendedores<\/a><\/h3>\n<p><\/p>\n<div class='bookmarkify'><a name='bookmarkify'><\/a><div class='linkbuttons'><a href='http:\/\/www.facebook.com\/share.php?u=https:\/\/observatorio.umh.es\/en\/acciones-de-sensibilizacion\/' title='Save to Facebook' onclick='target=\"_blank\";' rel='nofollow'><img src='https:\/\/observatorio.umh.es\/wp-content\/plugins\/bookmarkify\/facebook.png' style='width:16px; height:16px;' alt='[Facebook] ' \/><\/a> <a href='http:\/\/www.google.com\/bookmarks\/mark?op=edit&amp;output=popup&amp;bkmk=https:\/\/observatorio.umh.es\/en\/acciones-de-sensibilizacion\/&amp;title=Acciones de sensibilizaci\u00f3n' title='Save to Google Bookmarks' onclick='target=\"_blank\";' rel='nofollow'><img src='https:\/\/observatorio.umh.es\/wp-content\/plugins\/bookmarkify\/google.png' style='width:16px; height:16px;' alt='[Google] ' \/><\/a> <a href='http:\/\/twitter.com\/home\/?status=Acciones de sensibilizaci\u00f3n+https:\/\/observatorio.umh.es\/en\/acciones-de-sensibilizacion\/' title='Save to Twitter' onclick='target=\"_blank\";' rel='nofollow'><img src='https:\/\/observatorio.umh.es\/wp-content\/plugins\/bookmarkify\/twitter.png' style='width:16px; height:16px;' alt='[Twitter] ' \/><\/a> <\/div><\/div>","protected":false},"excerpt":{"rendered":"<p>M\u00e1s que un modelo lineal, en el que un \u00fanico itinerario despierta la inquietud emprendedora, disponemos de una visi\u00f3n circular del proceso mediante la cual, el est\u00edmulo del esp\u00edritu emprendedor en el colectivo universitario, junto al desarrollo de las habilidades necesarias para generar un proyecto de negocio, puede desembocar en una empresa real, en una [&#8230;]<\/p>\n","protected":false},"author":445,"featured_media":0,"parent":0,"menu_order":0,"comment_status":"closed","ping_status":"closed","template":"","meta":{"_links_to":"","_links_to_target":""},"_links":{"self":[{"href":"https:\/\/observatorio.umh.es\/en\/wp-json\/wp\/v2\/pages\/789"}],"collection":[{"href":"https:\/\/observatorio.umh.es\/en\/wp-json\/wp\/v2\/pages"}],"about":[{"href":"https:\/\/observatorio.umh.es\/en\/wp-json\/wp\/v2\/types\/page"}],"author":[{"embeddable":true,"href":"https:\/\/observatorio.umh.es\/en\/wp-json\/wp\/v2\/users\/445"}],"replies":[{"embeddable":true,"href":"https:\/\/observatorio.umh.es\/en\/wp-json\/wp\/v2\/comments?post=789"}],"version-history":[{"count":0,"href":"https:\/\/observatorio.umh.es\/en\/wp-json\/wp\/v2\/pages\/789\/revisions"}],"wp:attachment":[{"href":"https:\/\/observatorio.umh.es\/en\/wp-json\/wp\/v2\/media?parent=789"}],"curies":[{"name":"wp","href":"https:\/\/api.w.org\/{rel}","templated":true}]}}