{"id":721,"date":"2011-07-28T11:08:15","date_gmt":"2011-07-28T09:08:15","guid":{"rendered":"http:\/\/observatorio.zeus.umh.es\/?page_id=721"},"modified":"2018-02-19T12:19:53","modified_gmt":"2018-02-19T11:19:53","slug":"preguntanos","status":"publish","type":"page","link":"https:\/\/observatorio.umh.es\/en\/contacta-con-nosotros\/preguntanos\/","title":{"rendered":"Preg\u00fantanos"},"content":{"rendered":"<p><\/p>\n<p style=\"text-align: justify;\"><a href=\"https:\/\/observatorio.umh.es\/files\/2011\/08\/duda.png\"><img loading=\"lazy\" class=\"size-medium wp-image-759 alignright\" src=\"https:\/\/observatorio.umh.es\/files\/2011\/08\/duda-138x300.png\" alt=\"\" width=\"138\" height=\"300\" srcset=\"https:\/\/observatorio.umh.es\/files\/2011\/08\/duda-138x300.png 138w, https:\/\/observatorio.umh.es\/files\/2011\/08\/duda.png 155w\" sizes=\"(max-width: 138px) 100vw, 138px\" \/><\/a>Estaremos encantados de resolver cualquier duda que puedas tener. Adem\u00e1s puedes localizarnos a trav\u00e9s de los\u00a0 tel\u00e9fonos y direcciones de correo electr\u00f3nico que encontrar\u00e1s en la p\u00e1gina \u201c<a href=\"http:\/\/www.umh.es\/frame.asp?url=\/busquedas\/resultados.asp?qu=blog%20observatorio\" target=\"_self\">Directorio<\/a>\u201d.<\/p>\n<h2 class=\"MsoNormal\" style=\"text-align: center;\">\u00bfTienes una duda y no sabes a qui\u00e9n preguntarle?<\/h2>\n<p class=\"MsoNormal\" align=\"center\"><span style=\"font-size: 14pt; font-family: 'Arial','sans-serif';\"><a href=\"https:\/\/observatorio.umh.es\/files\/2011\/07\/preguntanos.png\"><img loading=\"lazy\" class=\"size-medium wp-image-722 alignnone\" src=\"https:\/\/observatorio.umh.es\/files\/2011\/07\/preguntanos-300x117.png\" alt=\"\" width=\"300\" height=\"117\" srcset=\"https:\/\/observatorio.umh.es\/files\/2011\/07\/preguntanos-300x117.png 300w, https:\/\/observatorio.umh.es\/files\/2011\/07\/preguntanos.png 622w\" sizes=\"(max-width: 300px) 100vw, 300px\" \/><\/a><\/span><\/p>\n<p style=\"text-align: center;\"><div role=\"form\" class=\"wpcf7\" id=\"wpcf7-f4708-o3\" lang=\"en-US\" dir=\"ltr\">\n<div class=\"screen-reader-response\"><p role=\"status\" aria-live=\"polite\" aria-atomic=\"true\"><\/p> <ul><\/ul><\/div>\n<form action=\"\/en\/wp-json\/wp\/v2\/pages\/721#wpcf7-f4708-o3\" method=\"post\" class=\"wpcf7-form init\" novalidate=\"novalidate\" data-status=\"init\">\n<div style=\"display: none;\">\n<input type=\"hidden\" name=\"_wpcf7\" value=\"4708\" \/>\n<input type=\"hidden\" name=\"_wpcf7_version\" value=\"5.5.2\" \/>\n<input type=\"hidden\" name=\"_wpcf7_locale\" value=\"en_US\" \/>\n<input type=\"hidden\" name=\"_wpcf7_unit_tag\" value=\"wpcf7-f4708-o3\" \/>\n<input type=\"hidden\" name=\"_wpcf7_container_post\" value=\"0\" \/>\n<input type=\"hidden\" name=\"_wpcf7_posted_data_hash\" value=\"\" \/>\n<input type=\"hidden\" name=\"_wpcf7_recaptcha_response\" value=\"\" \/>\n<\/div>\n<p>Nombre y apellidos:<br \/>\n<span class=\"wpcf7-form-control-wrap Nombre\"><input type=\"text\" name=\"Nombre\" value=\"\" size=\"40\" class=\"wpcf7-form-control wpcf7-text wpcf7-validates-as-required\" aria-required=\"true\" aria-invalid=\"false\" \/><\/span> <\/p>\n<p>DNI:<br \/>\n<span class=\"wpcf7-form-control-wrap DNI\"><input type=\"text\" name=\"DNI\" value=\"\" size=\"40\" class=\"wpcf7-form-control wpcf7-text\" aria-invalid=\"false\" \/><\/span> <\/p>\n<p>Direcci\u00f3n de correo electr\u00f3nico:<br \/>\n<span class=\"wpcf7-form-control-wrap Direccindecorreoelectrnico\"><input type=\"email\" name=\"Direccindecorreoelectrnico\" value=\"\" size=\"40\" class=\"wpcf7-form-control wpcf7-text wpcf7-email wpcf7-validates-as-required wpcf7-validates-as-email\" aria-required=\"true\" aria-invalid=\"false\" \/><\/span><\/p>\n<p>Perfil:<br \/>\n<span class=\"wpcf7-form-control-wrap Perfil\"><select name=\"Perfil\" class=\"wpcf7-form-control wpcf7-select wpcf7-validates-as-required\" aria-required=\"true\" aria-invalid=\"false\"><option value=\"Estudiante\">Estudiante<\/option><option value=\"Titulado\/a\">Titulado\/a<\/option><option value=\"Empresa o entidad\">Empresa o entidad<\/option><option value=\"Tutor UMH\">Tutor UMH<\/option><option value=\"Otro\">Otro<\/option><\/select><\/span><\/p>\n<p>Consulta:<br \/>\n<span class=\"wpcf7-form-control-wrap Consulta\"><textarea name=\"Consulta\" cols=\"40\" rows=\"10\" class=\"wpcf7-form-control wpcf7-textarea wpcf7-validates-as-required\" aria-required=\"true\" aria-invalid=\"false\"><\/textarea><\/span><\/p>\n<p><span class=\"wpcf7-form-control-wrap RGPD\"><span class=\"wpcf7-form-control wpcf7-checkbox wpcf7-validates-as-required\"><\/span><\/span><br \/>\nPROTECCI\u00d3N DE DATOS: El abajo firmante ACEPTA y da su consentimiento expreso a que en cumplimiento de lo dispuesto en el REGLAMENTO (UE) 2016\/679 del Parlamento Europeo y del Consejo, de 27 de abril de 2016, relativo a la protecci\u00f3n de las personas f\u00edsicas en lo que respecta al tratamiento de datos personales y a la libre circulaci\u00f3n de estos datos, los datos personales contenidos en este documento, as\u00ed como en la documentaci\u00f3n que se adjunta para participar en los programas de cooperaci\u00f3n educativa de esta Universidad, con la \u00fanica finalidad de tramitar, gestionar y resolver la participaci\u00f3n conforme al procedimiento establecido en la misma. De acuerdo con lo previsto en la citada normativa, puede ejercitar los derechos de acceso, rectificaci\u00f3n, oposici\u00f3n, supresi\u00f3n, portabilidad y limitaci\u00f3n del tratamiento en cuanto a los datos facilitados, dirigiendo un escrito a: Universidad Miguel Hern\u00e1ndez de Elche, Servicio Jur\u00eddico, a la atenci\u00f3n del Delegado de Protecci\u00f3n de Datos, Edificio Rectorado y Consejo Social, Avda. de la Universidad S\/N, 03202, Elche-Alicante. Asimismo, tiene derecho a recabar la tutela de la Agencia Espa\u00f1ola de Protecci\u00f3n de Datos a trav\u00e9s de su p\u00e1gina web www.agpd.es.<\/p>\n<p>El\/La cedente DECLARA que son ciertos todos y cada uno de los datos consignados en esta solicitud, que re\u00fane las condiciones exigidas en programas de cooperaci\u00f3n educativa<\/p>\n<span class=\"wpcf7-form-control-wrap recaptcha\" data-name=\"recaptcha\"><span data-sitekey=\"6LdoYCckAAAAAPgmKlpU5rIrxI6dbPh9xkctj6p2\" class=\"wpcf7-form-control g-recaptcha wpcf7-recaptcha\"><\/span>\r\n<noscript>\r\n\t<div class=\"grecaptcha-noscript\">\r\n\t\t<iframe src=\"https:\/\/www.google.com\/recaptcha\/api\/fallback?k=6LdoYCckAAAAAPgmKlpU5rIrxI6dbPh9xkctj6p2\" frameborder=\"0\" scrolling=\"no\" width=\"310\" height=\"430\">\r\n\t\t<\/iframe>\r\n\t\t<textarea name=\"g-recaptcha-response\" rows=\"3\" cols=\"40\" placeholder=\"reCaptcha Response Here\">\r\n\t\t<\/textarea>\r\n\t<\/div>\r\n<\/noscript>\r\n<\/span>\n<p><\/p>\n<p><!--\n<span class=\"wpcf7-form-control-wrap recaptcha\" data-name=\"recaptcha\"><span data-sitekey=\"6LdoYCckAAAAAPgmKlpU5rIrxI6dbPh9xkctj6p2\" class=\"wpcf7-form-control g-recaptcha wpcf7-recaptcha\"><\/span>\r\n<noscript>\r\n\t<div class=\"grecaptcha-noscript\">\r\n\t\t<iframe src=\"https:\/\/www.google.com\/recaptcha\/api\/fallback?k=6LdoYCckAAAAAPgmKlpU5rIrxI6dbPh9xkctj6p2\" frameborder=\"0\" scrolling=\"no\" width=\"310\" height=\"430\">\r\n\t\t<\/iframe>\r\n\t\t<textarea name=\"g-recaptcha-response\" rows=\"3\" cols=\"40\" placeholder=\"reCaptcha Response Here\">\r\n\t\t<\/textarea>\r\n\t<\/div>\r\n<\/noscript>\r\n<\/span>\n<p> --><\/p>\n<p><input type=\"submit\" value=\"Send\" class=\"wpcf7-form-control has-spinner wpcf7-submit\" \/><\/p>\n<div class=\"wpcf7-response-output\" aria-hidden=\"true\"><\/div><\/form><\/div><\/p>\n<p><\/p>\n<div class='bookmarkify'><a name='bookmarkify'><\/a><div class='linkbuttons'><a href='http:\/\/www.facebook.com\/share.php?u=https:\/\/observatorio.umh.es\/en\/contacta-con-nosotros\/preguntanos\/' title='Save to Facebook' onclick='target=\"_blank\";' rel='nofollow'><img src='https:\/\/observatorio.umh.es\/wp-content\/plugins\/bookmarkify\/facebook.png' style='width:16px; height:16px;' alt='[Facebook] ' \/><\/a> <a href='http:\/\/www.google.com\/bookmarks\/mark?op=edit&amp;output=popup&amp;bkmk=https:\/\/observatorio.umh.es\/en\/contacta-con-nosotros\/preguntanos\/&amp;title=Preg\u00fantanos' title='Save to Google Bookmarks' onclick='target=\"_blank\";' rel='nofollow'><img src='https:\/\/observatorio.umh.es\/wp-content\/plugins\/bookmarkify\/google.png' style='width:16px; height:16px;' alt='[Google] ' \/><\/a> <a href='http:\/\/twitter.com\/home\/?status=Preg\u00fantanos+https:\/\/observatorio.umh.es\/en\/contacta-con-nosotros\/preguntanos\/' title='Save to Twitter' onclick='target=\"_blank\";' rel='nofollow'><img src='https:\/\/observatorio.umh.es\/wp-content\/plugins\/bookmarkify\/twitter.png' style='width:16px; height:16px;' alt='[Twitter] ' \/><\/a> <\/div><\/div>","protected":false},"excerpt":{"rendered":"<p>Estaremos encantados de resolver cualquier duda que puedas tener. Adem\u00e1s puedes localizarnos a trav\u00e9s de los\u00a0 tel\u00e9fonos y direcciones de correo electr\u00f3nico que encontrar\u00e1s en la p\u00e1gina \u201cDirectorio\u201d.<br \/>\n\u00bfTienes una duda y no sabes a qui\u00e9n preguntarle?<\/p>\n<p>Nombre y apellidos:<\/p>\n<p>DNI:<\/p>\n<p>Direcci\u00f3n de correo electr\u00f3nico:<\/p>\n<p>Perfil:<br \/>\nEstudianteTitulado\/aEmpresa o entidadTutor UMHOtro<br \/>\nConsulta:<\/p>\n<p>PROTECCI\u00d3N DE DATOS: El abajo firmante ACEPTA y da [&#8230;]<\/p>\n","protected":false},"author":445,"featured_media":0,"parent":419,"menu_order":25,"comment_status":"closed","ping_status":"closed","template":"","meta":{"_links_to":"","_links_to_target":""},"_links":{"self":[{"href":"https:\/\/observatorio.umh.es\/en\/wp-json\/wp\/v2\/pages\/721"}],"collection":[{"href":"https:\/\/observatorio.umh.es\/en\/wp-json\/wp\/v2\/pages"}],"about":[{"href":"https:\/\/observatorio.umh.es\/en\/wp-json\/wp\/v2\/types\/page"}],"author":[{"embeddable":true,"href":"https:\/\/observatorio.umh.es\/en\/wp-json\/wp\/v2\/users\/445"}],"replies":[{"embeddable":true,"href":"https:\/\/observatorio.umh.es\/en\/wp-json\/wp\/v2\/comments?post=721"}],"version-history":[{"count":0,"href":"https:\/\/observatorio.umh.es\/en\/wp-json\/wp\/v2\/pages\/721\/revisions"}],"up":[{"embeddable":true,"href":"https:\/\/observatorio.umh.es\/en\/wp-json\/wp\/v2\/pages\/419"}],"wp:attachment":[{"href":"https:\/\/observatorio.umh.es\/en\/wp-json\/wp\/v2\/media?parent=721"}],"curies":[{"name":"wp","href":"https:\/\/api.w.org\/{rel}","templated":true}]}}