{"id":714,"date":"2011-10-18T12:05:11","date_gmt":"2011-10-18T10:05:11","guid":{"rendered":"http:\/\/observatorio.zeus.umh.es\/?page_id=714"},"modified":"2022-01-20T18:35:50","modified_gmt":"2022-01-20T17:35:50","slug":"webs-de-interes","status":"publish","type":"page","link":"https:\/\/observatorio.umh.es\/en\/titulados\/webs-de-interes\/","title":{"rendered":"Webs de Inter\u00e9s"},"content":{"rendered":"<p><\/p>\n<p><a href=\"https:\/\/observatorio.umh.es\/files\/2011\/07\/webs.png\"><\/a>A continuaci\u00f3n te daremos una gu\u00eda de webs de inter\u00e9s para que te ayuden con la b\u00fasqueda de empleo y mejore tu empleabilidad.<\/p>\n<p>\u00a0<\/p>\n<p>&#8211; <a href=\"https:\/\/observatorio.umh.es\/buscadores-de-empleo\/\" target=\"_self\" rel=\"noopener\">Buscadores de empleo.<\/a><\/p>\n<p>&#8211; <a href=\"https:\/\/observatorio.umh.es\/buscadores-de-empleo-publico-y-oposiciones\/\" target=\"_self\" rel=\"noopener\">Buscadores de empleo p\u00fablico y oposiciines.<\/a><\/p>\n<p>&#8211; <a href=\"https:\/\/observatorio.umh.es\/autoempleo\/\" target=\"_self\" rel=\"noopener\">Autoempleo.\u00a0<\/a><\/p>\n<p>&#8211; <a href=\"https:\/\/observatorio.umh.es\/primer-empleo-y-estudiantes\/\" target=\"_self\" rel=\"noopener\">Primer empleo y estudiantes.<\/a><\/p>\n<p>&#8211; <a href=\"https:\/\/observatorio.umh.es\/empleo-en-el-extranjero\/\" target=\"_self\" rel=\"noopener\">Empleo en en extranjero.<\/a><\/p>\n<p>&#8211; <a href=\"https:\/\/observatorio.umh.es\/paginas-de-interes-por-titulacion\/\" target=\"_self\" rel=\"noopener\">P\u00e1ginas de inter\u00e9s por titulaci\u00f3n.<\/a><\/p>\n<p>&#8211; <a href=\"https:\/\/observatorio.umh.es\/files\/2011\/10\/otros.pdf\" target=\"_self\" rel=\"noopener\">Otras p\u00e1ginas de inter\u00e9s.<\/a><\/p>\n<p>\u00a0<\/p>\n<p>\u00a0<\/p>\n<p>\u00a0<\/p>\n<p style=\"text-align: center\"><a href=\"https:\/\/observatorio.umh.es\/files\/2011\/07\/guia-webs-de-interes.docx\"><\/a><\/p>\n<p><\/p>\n<div class='bookmarkify'><a name='bookmarkify'><\/a><div class='linkbuttons'><a href='http:\/\/www.facebook.com\/share.php?u=https:\/\/observatorio.umh.es\/en\/titulados\/webs-de-interes\/' title='Save to Facebook' onclick='target=\"_blank\";' rel='nofollow'><img src='https:\/\/observatorio.umh.es\/wp-content\/plugins\/bookmarkify\/facebook.png' style='width:16px; height:16px;' alt='[Facebook] ' \/><\/a> <a href='http:\/\/www.google.com\/bookmarks\/mark?op=edit&amp;output=popup&amp;bkmk=https:\/\/observatorio.umh.es\/en\/titulados\/webs-de-interes\/&amp;title=Webs de Inter\u00e9s' title='Save to Google Bookmarks' onclick='target=\"_blank\";' rel='nofollow'><img src='https:\/\/observatorio.umh.es\/wp-content\/plugins\/bookmarkify\/google.png' style='width:16px; height:16px;' alt='[Google] ' \/><\/a> <a href='http:\/\/twitter.com\/home\/?status=Webs de Inter\u00e9s+https:\/\/observatorio.umh.es\/en\/titulados\/webs-de-interes\/' title='Save to Twitter' onclick='target=\"_blank\";' rel='nofollow'><img src='https:\/\/observatorio.umh.es\/wp-content\/plugins\/bookmarkify\/twitter.png' style='width:16px; height:16px;' alt='[Twitter] ' \/><\/a> <\/div><\/div>","protected":false},"excerpt":{"rendered":"<p>A continuaci\u00f3n te daremos una gu\u00eda de webs de inter\u00e9s para que te ayuden con la b\u00fasqueda de empleo y mejore tu empleabilidad.<br \/>\n\u00a0<br \/>\n&#8211; Buscadores de empleo.<br \/>\n&#8211; Buscadores de empleo p\u00fablico y oposiciines.<br \/>\n&#8211; Autoempleo.\u00a0<br \/>\n&#8211; Primer empleo y estudiantes.<br \/>\n&#8211; Empleo en en extranjero.<br \/>\n&#8211; P\u00e1ginas de inter\u00e9s por titulaci\u00f3n.<br \/>\n&#8211; Otras p\u00e1ginas de inter\u00e9s.<br \/>\n\u00a0<br \/>\n\u00a0<br \/>\n\u00a0<\/p>\n","protected":false},"author":445,"featured_media":0,"parent":434,"menu_order":40,"comment_status":"closed","ping_status":"closed","template":"","meta":{"_links_to":"","_links_to_target":""},"_links":{"self":[{"href":"https:\/\/observatorio.umh.es\/en\/wp-json\/wp\/v2\/pages\/714"}],"collection":[{"href":"https:\/\/observatorio.umh.es\/en\/wp-json\/wp\/v2\/pages"}],"about":[{"href":"https:\/\/observatorio.umh.es\/en\/wp-json\/wp\/v2\/types\/page"}],"author":[{"embeddable":true,"href":"https:\/\/observatorio.umh.es\/en\/wp-json\/wp\/v2\/users\/445"}],"replies":[{"embeddable":true,"href":"https:\/\/observatorio.umh.es\/en\/wp-json\/wp\/v2\/comments?post=714"}],"version-history":[{"count":0,"href":"https:\/\/observatorio.umh.es\/en\/wp-json\/wp\/v2\/pages\/714\/revisions"}],"up":[{"embeddable":true,"href":"https:\/\/observatorio.umh.es\/en\/wp-json\/wp\/v2\/pages\/434"}],"wp:attachment":[{"href":"https:\/\/observatorio.umh.es\/en\/wp-json\/wp\/v2\/media?parent=714"}],"curies":[{"name":"wp","href":"https:\/\/api.w.org\/{rel}","templated":true}]}}