{"id":6434,"date":"2017-12-05T09:42:03","date_gmt":"2017-12-05T08:42:03","guid":{"rendered":"http:\/\/observatorio.umh.es\/?page_id=6434"},"modified":"2025-12-18T13:23:07","modified_gmt":"2025-12-18T12:23:07","slug":"solicitud-de-certificados-de-practicas-de-fisioterapia-para-homologacion","status":"publish","type":"page","link":"https:\/\/observatorio.umh.es\/en\/solicitud-de-certificados-de-practicas-de-fisioterapia-para-homologacion\/","title":{"rendered":"<span lang=\"es\">(Espa\u00f1ol) Solicitud de certificados de pr\u00e1cticas para homologaci\u00f3n del t\u00edtulo en el extranjero<\/span>"},"content":{"rendered":"<p class=\"qtranxs-available-languages-message qtranxs-available-languages-message-en\">Sorry, this entry is only available in <a href=\"https:\/\/observatorio.umh.es\/es\/wp-json\/wp\/v2\/pages\/6434\" class=\"qtranxs-available-language-link qtranxs-available-language-link-es\" title=\"Espa\u00f1ol\">European Spanish<\/a>.<\/p>","protected":false},"excerpt":{"rendered":"<p>Sorry, this entry is only available in European Spanish.<\/p>\n","protected":false},"author":55,"featured_media":0,"parent":0,"menu_order":99,"comment_status":"closed","ping_status":"closed","template":"","meta":{"_links_to":"","_links_to_target":""},"_links":{"self":[{"href":"https:\/\/observatorio.umh.es\/en\/wp-json\/wp\/v2\/pages\/6434"}],"collection":[{"href":"https:\/\/observatorio.umh.es\/en\/wp-json\/wp\/v2\/pages"}],"about":[{"href":"https:\/\/observatorio.umh.es\/en\/wp-json\/wp\/v2\/types\/page"}],"author":[{"embeddable":true,"href":"https:\/\/observatorio.umh.es\/en\/wp-json\/wp\/v2\/users\/55"}],"replies":[{"embeddable":true,"href":"https:\/\/observatorio.umh.es\/en\/wp-json\/wp\/v2\/comments?post=6434"}],"version-history":[{"count":0,"href":"https:\/\/observatorio.umh.es\/en\/wp-json\/wp\/v2\/pages\/6434\/revisions"}],"wp:attachment":[{"href":"https:\/\/observatorio.umh.es\/en\/wp-json\/wp\/v2\/media?parent=6434"}],"curies":[{"name":"wp","href":"https:\/\/api.w.org\/{rel}","templated":true}]}}