{"id":5490,"date":"2016-11-02T14:28:33","date_gmt":"2016-11-02T13:28:33","guid":{"rendered":"http:\/\/observatorio.umh.es\/?page_id=5490"},"modified":"2026-03-11T13:04:00","modified_gmt":"2026-03-11T12:04:00","slug":"responsables-de-titulacion-y-practicas-curriculares","status":"publish","type":"page","link":"https:\/\/observatorio.umh.es\/en\/personal-umh-paspdi\/responsables-de-titulacion-y-practicas-curriculares\/","title":{"rendered":"<span lang=\"es\">(Espa\u00f1ol) Responsables de titulaci\u00f3n y pr\u00e1cticas curriculares<\/span>"},"content":{"rendered":"<p><\/p>\n<div id=\"model-response-message-contentr_2f0383b5a7fec77c\" class=\"markdown markdown-main-panel enable-updated-hr-color\" dir=\"ltr\">\n<p>One of the functions of the <b>Employment Observatory<\/b> is to assist schools and degree programs in <b>improving the employability<\/b> of their students, as well as the <b>administrative management<\/b> of the curricular and extracurricular academic internships that their students undertake.<\/p>\n<hr \/>\n<ul>\n<li><a href=\"https:\/\/observatorio.umh.es\/personal-umh-paspdi\/responsables-de-titulacion-y-practicas-curriculares\/informacion-para-responsables-de-titulacion\/\"><b>Information for degree program managers about the programs they oversee regarding internships and employment<\/b><\/a><\/li>\n<li><a href=\"https:\/\/observatorio.umh.es\/personal-umh-paspdi\/responsables-de-titulacion-y-practicas-curriculares\/practicas-academicas-externas-curriculares\/\"><b>Information for external internship course instructors<\/b><\/a><\/li>\n<li><a href=\"https:\/\/observatorio.umh.es\/personal-umh-paspdi\/responsables-de-titulacion-y-practicas-curriculares\/retencion-de-credito-a-aplicar-a-titulos-autofinanciados-por-la-realizacion-de-practicas-en-concepto-de-seguridad-social\/\"><b>Credit retention to be applied to self-funded degrees for internships in the form of Social Security contributions.<\/b><\/a><\/li>\n<\/ul>\n<\/div>\n<p><\/p>\n<div class='bookmarkify'><a name='bookmarkify'><\/a><div class='linkbuttons'><a href='http:\/\/www.facebook.com\/share.php?u=https:\/\/observatorio.umh.es\/en\/personal-umh-paspdi\/responsables-de-titulacion-y-practicas-curriculares\/' title='Save to Facebook' onclick='target=\"_blank\";' rel='nofollow'><img src='https:\/\/observatorio.umh.es\/wp-content\/plugins\/bookmarkify\/facebook.png' style='width:16px; height:16px;' alt='[Facebook] ' \/><\/a> <a href='http:\/\/www.google.com\/bookmarks\/mark?op=edit&amp;output=popup&amp;bkmk=https:\/\/observatorio.umh.es\/en\/personal-umh-paspdi\/responsables-de-titulacion-y-practicas-curriculares\/&amp;title=<span lang=\"es\">(Espa\u00f1ol) Responsables de titulaci\u00f3n y pr\u00e1cticas curriculares<\/span>' title='Save to Google Bookmarks' onclick='target=\"_blank\";' rel='nofollow'><img src='https:\/\/observatorio.umh.es\/wp-content\/plugins\/bookmarkify\/google.png' style='width:16px; height:16px;' alt='[Google] ' \/><\/a> <a href='http:\/\/twitter.com\/home\/?status=<span lang=\"es\">(Espa\u00f1ol) Responsables de titulaci\u00f3n y pr\u00e1cticas curriculares<\/span>+https:\/\/observatorio.umh.es\/en\/personal-umh-paspdi\/responsables-de-titulacion-y-practicas-curriculares\/' title='Save to Twitter' onclick='target=\"_blank\";' rel='nofollow'><img src='https:\/\/observatorio.umh.es\/wp-content\/plugins\/bookmarkify\/twitter.png' style='width:16px; height:16px;' alt='[Twitter] ' \/><\/a> <\/div><\/div>","protected":false},"excerpt":{"rendered":"<p>One of the functions of the Employment Observatory is to assist schools and degree programs in improving the employability of their students, as well as the administrative management of the curricular and extracurricular academic internships that their students undertake.<\/p>\n<p>Information for degree program managers about the programs they oversee regarding internships and employment<br \/>\nInformation for external internship [&#8230;]<\/p>\n","protected":false},"author":55,"featured_media":0,"parent":5455,"menu_order":2,"comment_status":"closed","ping_status":"closed","template":"","meta":{"_links_to":"","_links_to_target":""},"_links":{"self":[{"href":"https:\/\/observatorio.umh.es\/en\/wp-json\/wp\/v2\/pages\/5490"}],"collection":[{"href":"https:\/\/observatorio.umh.es\/en\/wp-json\/wp\/v2\/pages"}],"about":[{"href":"https:\/\/observatorio.umh.es\/en\/wp-json\/wp\/v2\/types\/page"}],"author":[{"embeddable":true,"href":"https:\/\/observatorio.umh.es\/en\/wp-json\/wp\/v2\/users\/55"}],"replies":[{"embeddable":true,"href":"https:\/\/observatorio.umh.es\/en\/wp-json\/wp\/v2\/comments?post=5490"}],"version-history":[{"count":0,"href":"https:\/\/observatorio.umh.es\/en\/wp-json\/wp\/v2\/pages\/5490\/revisions"}],"up":[{"embeddable":true,"href":"https:\/\/observatorio.umh.es\/en\/wp-json\/wp\/v2\/pages\/5455"}],"wp:attachment":[{"href":"https:\/\/observatorio.umh.es\/en\/wp-json\/wp\/v2\/media?parent=5490"}],"curies":[{"name":"wp","href":"https:\/\/api.w.org\/{rel}","templated":true}]}}