{"id":480,"date":"2011-08-04T13:27:36","date_gmt":"2011-08-04T11:27:36","guid":{"rendered":"http:\/\/observatorio.zeus.umh.es\/?page_id=480"},"modified":"2024-09-03T09:35:16","modified_gmt":"2024-09-03T07:35:16","slug":"informacion-para-el-tutor","status":"publish","type":"page","link":"https:\/\/observatorio.umh.es\/en\/empresas\/informacion-para-el-tutor\/","title":{"rendered":"Tarjeta UMH Tutor"},"content":{"rendered":"<p><\/p>\n<p style=\"text-align: justify\">\u00a0<span style=\"font-size: small\"><span style=\"font-family: Calibri\"><a href=\"https:\/\/observatorio.umh.es\/files\/2011\/07\/tarjeta-umh-tutor-2.jpg\"><img loading=\"lazy\" class=\"size-medium wp-image-678 alignright\" src=\"https:\/\/observatorio.umh.es\/files\/2011\/07\/tarjeta-umh-tutor-2-284x300.jpg\" alt=\"\" width=\"142\" height=\"126\" \/><\/a>El OBSERVATORIO OCUPACIONAL quiere agradecer a los tutores de las entidades colaboradoras su esfuerzo en la formaci\u00f3n pr\u00e1ctica de los futuros titulados de la UMH. Por ello crea la tarjeta &#8220;UMH Tutor&#8221; por la que los tutores de pr\u00e1cticas que hayan tutelado a alg\u00fan estudiante en los \u00faltimos 12 meses podr\u00e1n acceder a los siguientes beneficios:<\/span><\/span><\/p>\n<p style=\"text-align: justify\"><span style=\"font-size: small;font-family: Calibri\">&#8211; Uso de los servicios de las bibliotecas de los campus de la UMH (Elche, Sant Joan d&#8217;Alacant, Orihuela y Altea), incluido el de pr\u00e9stamo. <\/span><span style=\"font-size: small;font-family: Calibri\">(<\/span><a href=\"http:\/\/www.umh.es\/bibliotecas\"><span style=\"font-size: small;font-family: Calibri\">www.umh.es\/bibliotecas<\/span><\/a><span style=\"font-size: small\"><span style=\"font-family: Calibri\">)<\/span><\/span><\/p>\n<p style=\"text-align: justify\"><span style=\"font-size: small\"><span style=\"font-family: Calibri\">&#8211; <\/span><span style=\"font-size: small\"><span style=\"font-family: Calibri\">Acceso a los aparcamientos de los cuatro campus de la UMH.<\/span><\/span><\/span><\/p>\n<p style=\"text-align: justify\"><span style=\"font-size: small\"><span style=\"font-family: Calibri\">&#8211; Disfrute de las instalaciones deportivas, entre otros el Palau dels Esports, la piscina cubierta, el campo de golf, las pistas de p\u00e1del y deportivas de los campus de Elche y Orihuela, etc. (blogs.umh.es\/deportes).<\/span><\/span><\/p>\n<p style=\"text-align: justify\"><span style=\"font-size: small\"><span style=\"font-family: Calibri\">&#8211; <\/span><span style=\"font-size: small\"><span style=\"font-family: Calibri\">Beneficiarse de los servicios y descuentos comerciales que disfrutan los miembros de la comunidad universitaria: cines, restaurantes, gimnasios, librer\u00edas, veh\u00edculos, transportes y otras ventajas espec\u00edficas. (blogs.umh.es\/ventajas).<\/span><\/span><\/span><\/p>\n<p style=\"text-align: justify\"><span style=\"font-size: small\"><span style=\"font-family: Calibri\">&#8211; Certificado de tutor de las pr\u00e1cticas que hayas tutelado, solic\u00edtalo <a href=\"https:\/\/observatorio.umh.es\/solicitud-certificado-de-tutor\/\" target=\"_self\" rel=\"noopener noreferrer\">aqu\u00ed<\/a><\/span><\/span><\/p>\n<p class=\"MsoNormal\" style=\"text-align: justify\"><span style=\"font-size: small\"><span style=\"font-family: Calibri\">\u00a0\u00a0<\/span><\/span><\/p>\n<p class=\"MsoNormal\" style=\"text-align: justify\"><span style=\"font-size: small;font-family: Calibri\">Si lo deseas, puedes solicitar la tarjeta universitaria enviando un correo a: <\/span><a href=\"mailto:observatorio4@umh.es\"><span style=\"font-size: small;font-family: Calibri\">observatorio4@umh.es<\/span><\/a><span style=\"font-size: small\"><span style=\"font-family: Calibri\">\u00a0o llamando al tel\u00e9fono 966 658 682 <\/span><\/span><\/p>\n<p class=\"MsoNormal\" style=\"text-align: justify\">\u00a0<\/p>\n<h4 class=\"MsoNormal\" style=\"text-align: justify\"><a href=\"https:\/\/observatorio.umh.es\/funciones-del-tutor\/\" target=\"_self\" rel=\"noopener noreferrer\">Funciones del tutor<\/a><\/h4>\n<h4 class=\"MsoNormal\" style=\"text-align: justify\"><a href=\"https:\/\/observatorio.umh.es\/files\/2011\/07\/umh_tarjetatutor4.pdf\">Folleto informativo<\/a>\u00a0<\/h4>\n<p class=\"MsoNormal\" style=\"text-align: justify\">\u00a0<\/p>\n<p class=\"MsoNormal\" style=\"text-align: justify\">\u00a0<\/p>\n<p><\/p>\n<div class='bookmarkify'><a name='bookmarkify'><\/a><div class='linkbuttons'><a href='http:\/\/www.facebook.com\/share.php?u=https:\/\/observatorio.umh.es\/en\/empresas\/informacion-para-el-tutor\/' title='Save to Facebook' onclick='target=\"_blank\";' rel='nofollow'><img src='https:\/\/observatorio.umh.es\/wp-content\/plugins\/bookmarkify\/facebook.png' style='width:16px; height:16px;' alt='[Facebook] ' \/><\/a> <a href='http:\/\/www.google.com\/bookmarks\/mark?op=edit&amp;output=popup&amp;bkmk=https:\/\/observatorio.umh.es\/en\/empresas\/informacion-para-el-tutor\/&amp;title=Tarjeta UMH Tutor' title='Save to Google Bookmarks' onclick='target=\"_blank\";' rel='nofollow'><img src='https:\/\/observatorio.umh.es\/wp-content\/plugins\/bookmarkify\/google.png' style='width:16px; height:16px;' alt='[Google] ' \/><\/a> <a href='http:\/\/twitter.com\/home\/?status=Tarjeta UMH Tutor+https:\/\/observatorio.umh.es\/en\/empresas\/informacion-para-el-tutor\/' title='Save to Twitter' onclick='target=\"_blank\";' rel='nofollow'><img src='https:\/\/observatorio.umh.es\/wp-content\/plugins\/bookmarkify\/twitter.png' style='width:16px; height:16px;' alt='[Twitter] ' \/><\/a> <\/div><\/div>","protected":false},"excerpt":{"rendered":"<p>\u00a0El OBSERVATORIO OCUPACIONAL quiere agradecer a los tutores de las entidades colaboradoras su esfuerzo en la formaci\u00f3n pr\u00e1ctica de los futuros titulados de la UMH. Por ello crea la tarjeta &#8220;UMH Tutor&#8221; por la que los tutores de pr\u00e1cticas que hayan tutelado a alg\u00fan estudiante en los \u00faltimos 12 meses podr\u00e1n acceder a los siguientes [&#8230;]<\/p>\n","protected":false},"author":445,"featured_media":0,"parent":436,"menu_order":40,"comment_status":"closed","ping_status":"closed","template":"","meta":{"_links_to":"","_links_to_target":""},"_links":{"self":[{"href":"https:\/\/observatorio.umh.es\/en\/wp-json\/wp\/v2\/pages\/480"}],"collection":[{"href":"https:\/\/observatorio.umh.es\/en\/wp-json\/wp\/v2\/pages"}],"about":[{"href":"https:\/\/observatorio.umh.es\/en\/wp-json\/wp\/v2\/types\/page"}],"author":[{"embeddable":true,"href":"https:\/\/observatorio.umh.es\/en\/wp-json\/wp\/v2\/users\/445"}],"replies":[{"embeddable":true,"href":"https:\/\/observatorio.umh.es\/en\/wp-json\/wp\/v2\/comments?post=480"}],"version-history":[{"count":0,"href":"https:\/\/observatorio.umh.es\/en\/wp-json\/wp\/v2\/pages\/480\/revisions"}],"up":[{"embeddable":true,"href":"https:\/\/observatorio.umh.es\/en\/wp-json\/wp\/v2\/pages\/436"}],"wp:attachment":[{"href":"https:\/\/observatorio.umh.es\/en\/wp-json\/wp\/v2\/media?parent=480"}],"curies":[{"name":"wp","href":"https:\/\/api.w.org\/{rel}","templated":true}]}}