{"id":478,"date":"2011-06-14T12:26:29","date_gmt":"2011-06-14T10:26:29","guid":{"rendered":"http:\/\/observatorio.zeus.umh.es\/?page_id=478"},"modified":"2024-09-17T10:01:40","modified_gmt":"2024-09-17T08:01:40","slug":"solicitud-de-estudiantes-y-titulados-2","status":"publish","type":"page","link":"https:\/\/observatorio.umh.es\/en\/empresas\/solicitud-de-estudiantes-y-titulados-2\/","title":{"rendered":"Solicitud de Estudiantes y Titulados (publicaci\u00f3n de ofertas)"},"content":{"rendered":"<p><\/p>\n<p><p style=\"text-align: justify\">\u00a0<\/p>\n<h2><a href=\"http:\/\/www.umh.es\/obsocup-gestion\/paginas\/empresas\/prelogin.asp\"><\/a><span style=\"color: #800000\">Empresas con convenio de colaboraci\u00f3n<\/span><\/h2>\n<p>En el siguiente enlace puede tramitar tanto una solicitud de estudiante en pr\u00e1cticas, como de titulados (si su oferta es de trabajo):\u00a0<\/p>\n<p style=\"text-align: center\"><a href=\"http:\/\/www.umh.es\/obsocup-gestion\/paginas\/empresas\/prelogin.asp\"><img loading=\"lazy\" class=\"size-medium wp-image-667         aligncenter\" src=\"https:\/\/observatorio.umh.es\/files\/2011\/07\/empreconconv-300x56.png\" alt=\"\" width=\"300\" height=\"56\" srcset=\"https:\/\/observatorio.umh.es\/files\/2011\/07\/empreconconv-300x56.png 300w, https:\/\/observatorio.umh.es\/files\/2011\/07\/empreconconv.png 729w\" sizes=\"(max-width: 300px) 100vw, 300px\" \/><\/a><\/p>\n<p>\u00a0\u00a0<\/p>\n<h2 style=\"text-align: justify\"><span style=\"color: #800000\">Empresas\u00a0que a\u00fan no han firmado convenio\u00a0de <\/span><span style=\"color: #800000\">colaboraci\u00f3n<\/span>\u00a0<\/h2>\n<p class=\"MsoNormal\" style=\"text-align: justify\"><span style=\"font-size: small\"><span style=\"font-family: Calibri\">Aquellas empresas que deseen\u00a0solicitar estudiantes en pr\u00e1cticas, deben <\/span><\/span><span style=\"font-size: small\"><span style=\"font-family: Calibri\">firmar un convenio de <\/span><\/span><span style=\"font-size: small\"><span style=\"font-family: Calibri\">cooperaci\u00f3n educativa en materia de pr\u00e1cticas.\u00a0M\u00e1s abajo encontrar\u00e1 los <\/span><\/span><span style=\"font-size: small\"><span style=\"font-family: Calibri\">formularios que debe complimentar (P<\/span><\/span><span style=\"font-size: small;font-family: Calibri\">ara\u00a0solicitar titulados o realizar ofertas\u00a0de empleo no es necesario tramitar el c<\/span><span style=\"font-size: small;font-family: Calibri\">onvenio de colaboraci\u00f3n).<\/span><\/p>\n<p class=\"MsoNormal\" style=\"text-align: justify\">\u00a0<\/p>\n<p class=\"MsoNormal\" style=\"text-align: justify\"><strong>Formularios:<\/strong><\/p>\n<ul>\n<li>\n<div id=\"[object]\" class=\"MsoNormal\" style=\"text-align: justify\" lang=\"[object]\"><span style=\"font-size: small\"><span style=\"font-family: Calibri\"><a href=\"https:\/\/observatorio.umh.es\/empresas\/solicitud-de-estudiantes-y-titulados\/solicitud-de-convenio\/\" target=\"_blank\" rel=\"noopener noreferrer\"><strong>SOLICITUD DE CONVENIO DE COOPERACI\u00d3N EDUCATIVA<\/strong><\/a><\/span><\/span><\/div>\n<\/li>\n<li>\n<div id=\"[object]\" class=\"MsoNormal\" style=\"text-align: justify\" lang=\"[object]\"><span style=\"font-size: small\"><span style=\"font-family: Calibri\"><a href=\"https:\/\/observatorio.umh.es\/empresas\/solicitud-de-estudiantes-y-titulados\/solicitud-de-estudiante-en-practica\/\" target=\"_blank\" rel=\"noopener noreferrer\"><strong>SOLICITUD DE ESTUDIANTE EN PR\u00c1CTICAS<\/strong><\/a><\/span><\/span><\/div>\n<\/li>\n<li>\n<div id=\"[object]\" class=\"MsoNormal\" style=\"text-align: justify\" lang=\"[object]\"><span style=\"font-size: small\"><span style=\"font-family: Calibri\"><a href=\"https:\/\/observatorio.umh.es\/empresas\/solicitud-de-estudiantes-y-titulados\/solicitud-de-titulados-bolsa-de-trabajo\/\" target=\"_blank\" rel=\"noopener noreferrer\"><strong>SOLICITUD DE TITULADOS DE LA BOLSA DE TRABAJO<\/strong><\/a><\/span><\/span><\/div>\n<\/li>\n<\/ul>\n<p class=\"MsoNormal\" style=\"text-align: justify\">\u00a0<\/p>\n<p class=\"MsoNormal\" style=\"text-align: justify\">Puede consultar el contenido de cada uno de estos documentos\u00a0en los siguientes <strong>MODELOS INFORMATIVOS<\/strong>:<\/p>\n<ul>\n<li>\n<div id=\"[object]\" class=\"MsoNormal\" style=\"text-align: justify\" lang=\"[object]\"><span style=\"font-size: small\"><span style=\"font-family: Calibri\"><a href=\"https:\/\/observatorio.umh.es\/files\/2011\/07\/07_convenio_informativo_5_2.pdf\" target=\"_blank\" rel=\"noopener noreferrer\">Convenio de colaboraci\u00f3n\u00a0con la Universidad Miguel Hern\u00e1ndez de Elche<\/a>.<\/span><\/span><\/div>\n<\/li>\n<li>\n<div id=\"[object]\" class=\"MsoNormal\" style=\"text-align: justify\" lang=\"[object]\"><span style=\"font-size: small\"><span style=\"font-family: Calibri\"><a href=\"https:\/\/observatorio.umh.es\/files\/2011\/07\/07_anexo-cooperacion-educativa.pdf\" target=\"_blank\" rel=\"noopener noreferrer\">Anexo al convenio de colaboraci\u00f3n entre la Universidad Miguel Hern\u00e1ndez de Elche y la empresa.<\/a> En este documento figurar\u00e1n las condiciones espec\u00edficas de cada pr\u00e1ctica.<\/span><\/span><\/div>\n<\/li>\n<\/ul>\n<p class=\"MsoNormal\" style=\"text-align: justify\">\u00a0<\/p>\n<\/p>\n<p><\/p>\n<div class='bookmarkify'><a name='bookmarkify'><\/a><div class='linkbuttons'><a href='http:\/\/www.facebook.com\/share.php?u=https:\/\/observatorio.umh.es\/en\/empresas\/solicitud-de-estudiantes-y-titulados-2\/' title='Save to Facebook' onclick='target=\"_blank\";' rel='nofollow'><img src='https:\/\/observatorio.umh.es\/wp-content\/plugins\/bookmarkify\/facebook.png' style='width:16px; height:16px;' alt='[Facebook] ' \/><\/a> <a href='http:\/\/www.google.com\/bookmarks\/mark?op=edit&amp;output=popup&amp;bkmk=https:\/\/observatorio.umh.es\/en\/empresas\/solicitud-de-estudiantes-y-titulados-2\/&amp;title=Solicitud de Estudiantes y Titulados (publicaci\u00f3n de ofertas)' title='Save to Google Bookmarks' onclick='target=\"_blank\";' rel='nofollow'><img src='https:\/\/observatorio.umh.es\/wp-content\/plugins\/bookmarkify\/google.png' style='width:16px; height:16px;' alt='[Google] ' \/><\/a> <a href='http:\/\/twitter.com\/home\/?status=Solicitud de Estudiantes y Titulados (publicaci\u00f3n de ofertas)+https:\/\/observatorio.umh.es\/en\/empresas\/solicitud-de-estudiantes-y-titulados-2\/' title='Save to Twitter' onclick='target=\"_blank\";' rel='nofollow'><img src='https:\/\/observatorio.umh.es\/wp-content\/plugins\/bookmarkify\/twitter.png' style='width:16px; height:16px;' alt='[Twitter] ' \/><\/a> <\/div><\/div>","protected":false},"excerpt":{"rendered":"<p>\u00a0<br \/>\nEmpresas con convenio de colaboraci\u00f3n<br \/>\nEn el siguiente enlace puede tramitar tanto una solicitud de estudiante en pr\u00e1cticas, como de titulados (si su oferta es de trabajo):\u00a0<\/p>\n<p>\u00a0\u00a0<br \/>\nEmpresas\u00a0que a\u00fan no han firmado convenio\u00a0de colaboraci\u00f3n\u00a0<br \/>\nAquellas empresas que deseen\u00a0solicitar estudiantes en pr\u00e1cticas, deben firmar un convenio de cooperaci\u00f3n educativa en materia de pr\u00e1cticas.\u00a0M\u00e1s abajo encontrar\u00e1 los formularios que debe [&#8230;]<\/p>\n","protected":false},"author":445,"featured_media":0,"parent":436,"menu_order":2,"comment_status":"closed","ping_status":"closed","template":"","meta":{"_links_to":"","_links_to_target":""},"_links":{"self":[{"href":"https:\/\/observatorio.umh.es\/en\/wp-json\/wp\/v2\/pages\/478"}],"collection":[{"href":"https:\/\/observatorio.umh.es\/en\/wp-json\/wp\/v2\/pages"}],"about":[{"href":"https:\/\/observatorio.umh.es\/en\/wp-json\/wp\/v2\/types\/page"}],"author":[{"embeddable":true,"href":"https:\/\/observatorio.umh.es\/en\/wp-json\/wp\/v2\/users\/445"}],"replies":[{"embeddable":true,"href":"https:\/\/observatorio.umh.es\/en\/wp-json\/wp\/v2\/comments?post=478"}],"version-history":[{"count":0,"href":"https:\/\/observatorio.umh.es\/en\/wp-json\/wp\/v2\/pages\/478\/revisions"}],"up":[{"embeddable":true,"href":"https:\/\/observatorio.umh.es\/en\/wp-json\/wp\/v2\/pages\/436"}],"wp:attachment":[{"href":"https:\/\/observatorio.umh.es\/en\/wp-json\/wp\/v2\/media?parent=478"}],"curies":[{"name":"wp","href":"https:\/\/api.w.org\/{rel}","templated":true}]}}