{"id":472,"date":"2011-06-14T12:21:28","date_gmt":"2011-06-14T10:21:28","guid":{"rendered":"http:\/\/observatorio.zeus.umh.es\/?page_id=472"},"modified":"2024-09-30T14:03:35","modified_gmt":"2024-09-30T12:03:35","slug":"programa-de-emprendedores-universitarios-peu","status":"publish","type":"page","link":"https:\/\/observatorio.umh.es\/en\/titulados\/programa-de-emprendedores-universitarios-peu\/","title":{"rendered":"Programa de Emprendedores Universitarios (PEU)"},"content":{"rendered":"<p><\/p>\n<p style=\"text-align: justify\"><a href=\"https:\/\/observatorio.umh.es\/files\/2011\/09\/logo-peu-peque1.jpg\"><img loading=\"lazy\" class=\"size-medium wp-image-806 alignleft\" src=\"https:\/\/observatorio.umh.es\/files\/2011\/09\/logo-peu-peque1.jpg\" alt=\"\" width=\"169\" height=\"239\" \/><\/a>El Programa de Emprendedores Universitarios (PEU), naci\u00f3 en el a\u00f1o 1999 y persigue fomentar las iniciativas emprendedoras de los estudiantes, titulados y personal de la UMH.<\/p>\n<p style=\"text-align: justify\">El PEU es el encargado de estimular la creaci\u00f3n de empresas desde una doble vertiente. Por un lado, creando las condiciones necesarias para que todos aquellos miembros de la comunidad universitaria con inquietudes emprendedoras puedan tener respuesta a sus dudas, mediante un servicio de asesoramiento, formaci\u00f3n y consultas avanzadas. Por otro, incentivando la creaci\u00f3n de empresas mediante la puesta en valor de la figura del emprendedor, mostrando casos de \u00e9xito que sirvan de ejemplo a nuevos emprendedores, y promocionando las ideas y proyectos generados en diversos foros.<\/p>\n<p style=\"text-align: justify\">De este modo, la Universidad Miguel Hern\u00e1ndez apuesta por el fomento del emprendedurismo de una forma integral, desde todas las \u00e1reas posibles de apoyo, con el fin de generar en el entorno socioecon\u00f3mico de la provincia de Alicante, creaci\u00f3n de empresas, empleo y riqueza.<\/p>\n<p style=\"text-align: justify\">\u00a0<\/p>\n<p style=\"text-align: justify\">El PEU ofrecer los siguientes servicios y actividades:<\/p>\n<p style=\"text-align: justify\">&#8211; <strong><a href=\"https:\/\/observatorio.umh.es\/acciones-de-sensibilizacion\/\" target=\"_self\" rel=\"noopener noreferrer\">Acciones de sensibilizaci\u00f3n<\/a><\/strong>, poniendo en valor la figura del emprendedor, mostrando las ventajas de constituir un proyecto empresarial, haciendo visibles casos de \u00e9xito, y estimulando la afloraci\u00f3n de emprendedores potenciales.<\/p>\n<p style=\"text-align: justify\">&#8211; Una vez despertada la inquietud emprendedora, debe ofrecerse la <strong><a href=\"https:\/\/observatorio.umh.es\/formacion\/\" target=\"_self\" rel=\"noopener noreferrer\">formaci\u00f3n<\/a><\/strong> necesaria. Gracias a los convenios existentes con diferentes entidades colaboradoras.<\/p>\n<p style=\"text-align: justify\">&#8211; Se ofrece tambi\u00e9n <strong><a href=\"https:\/\/observatorio.umh.es\/asesoramiento\/\" target=\"_self\" rel=\"noopener noreferrer\">asesoramiento<\/a><\/strong> para aclarar cualquier duda que pueda surgirle al emprendedor, en varios aspectos. Legal, comercial, laboral, fiscal tecn\u00f3logico, contable, financiero, etc.<\/p>\n<p style=\"text-align: justify\">\u00a0&#8211; Programa <a href=\"https:\/\/observatorio.umh.es\/programa-consultores-para-universitarios\/\" target=\"_self\" rel=\"noopener noreferrer\"><strong>\u201cConsultores para Universitarios\u201d.<\/strong> <\/a>El PEU pone a disposici\u00f3n de sus participantes esta iniciativa, que permite realizar consultas o recibir asesoramiento espec\u00edfico de aspectos relacionados con el desarrollo del proyecto empresarial, o de la empresa reci\u00e9n creada.<\/p>\n<p style=\"text-align: justify\">&#8211; Certamen <strong>\u201c<a href=\"https:\/\/observatorio.umh.es\/innova-emprende\/\">Valida tu idea empresarial: Innova-emprende<\/a>\u201d.<\/strong> Premia ideas de negocio innovadoras surgidas desde el colectivo universitario.<\/p>\n<p style=\"text-align: justify\">&#8211; Distinci\u00f3n <a href=\"https:\/\/observatorio.umh.es\/emprendedor-5-estrellas\/\" target=\"_self\" rel=\"noopener noreferrer\"><strong>\u201cEmprendedor 5 Estrellas\u201d.<\/strong> <\/a>se otorga un reconocimiento desde la UMH a determinadas empresas surgidas desde el Programa de Emprendedores Universitarios. Los 5 \u00edtems a valorar son: supervivencia de la empresa; cooperaci\u00f3n educativa con la Universidad; solidaridad din\u00e1mica del emprendedor, participaci\u00f3n en actividades del PEU y proyecci\u00f3n empresarial.<\/p>\n<p style=\"text-align: justify\">\u00a0<\/p>\n<p style=\"text-align: justify\">\u00a0<\/p>\n<h2 style=\"text-align: justify\"><a href=\"https:\/\/observatorio.umh.es\/formulario-de-inscripcion-certamen-innova-emprende\/\" target=\"_self\" rel=\"noopener noreferrer\">Formulario de inscripci\u00f3n Certamen Innova &#8211; Emprende<\/a><\/h2>\n<p style=\"text-align: justify\">\u00a0<\/p>\n<h2 style=\"text-align: justify\"><a href=\"https:\/\/observatorio.umh.es\/850\/\" target=\"_self\" rel=\"noopener noreferrer\">Ejemplo de algunas empresas creadas a trav\u00e9s del PEU.<\/a><\/h2>\n<p style=\"text-align: justify\">\u00a0<\/p>\n<h2 style=\"text-align: justify\"><a href=\"https:\/\/observatorio.umh.es\/category\/emprendedores\/convocatorias-para-emprendedores\/\" target=\"_self\" rel=\"noopener noreferrer\">Consulta las \u00faltimas convocatorias para emprendedores<\/a><\/h2>\n<p style=\"text-align: justify\">\u00a0<\/p>\n<p style=\"text-align: justify\">\u00a0<\/p>\n<p style=\"text-align: justify\"><code>[kml_flashembed movie=\"http:\/\/www.youtube.com\/v\/QPiYS2z0AgU\" width=\"480\" height=\"385\" wmode=\"transparent\" \/]<\/code><\/p>\n<p style=\"text-align: justify\">\u00a0<\/p>\n<p style=\"text-align: justify\">El n\u00famero de entidades colaboradoras en el Programa de Emprendedores Universitarios de la UMH no ha hecho m\u00e1s que crecer desde los inicios y entre las entidades colaboradoras tenemos las siguientes:<\/p>\n<p style=\"text-align: justify\">\u00a0<\/p>\n<p style=\"text-align: justify\"><a href=\"https:\/\/observatorio.umh.es\/files\/2011\/09\/logos-consultores-para-universitarios.png\"><img loading=\"lazy\" class=\"size-medium wp-image-784 aligncenter\" src=\"https:\/\/observatorio.umh.es\/files\/2011\/09\/logos-consultores-para-universitarios-300x249.png\" alt=\"\" width=\"300\" height=\"249\" srcset=\"https:\/\/observatorio.umh.es\/files\/2011\/09\/logos-consultores-para-universitarios-300x249.png 300w, https:\/\/observatorio.umh.es\/files\/2011\/09\/logos-consultores-para-universitarios-1024x850.png 1024w, https:\/\/observatorio.umh.es\/files\/2011\/09\/logos-consultores-para-universitarios.png 1095w\" sizes=\"(max-width: 300px) 100vw, 300px\" \/><\/a><\/p>\n<p style=\"text-align: justify\">\u00a0<\/p>\n<h3 style=\"text-align: justify\"><a href=\"https:\/\/observatorio.umh.es\/files\/2011\/09\/enlaces-de-interes-peu.pdf\" target=\"_blank\" rel=\"noopener noreferrer\">Enlaces de inter\u00e9s<\/a><\/h3>\n<p><\/p>\n<div class='bookmarkify'><a name='bookmarkify'><\/a><div class='linkbuttons'><a href='http:\/\/www.facebook.com\/share.php?u=https:\/\/observatorio.umh.es\/en\/titulados\/programa-de-emprendedores-universitarios-peu\/' title='Save to Facebook' onclick='target=\"_blank\";' rel='nofollow'><img src='https:\/\/observatorio.umh.es\/wp-content\/plugins\/bookmarkify\/facebook.png' style='width:16px; height:16px;' alt='[Facebook] ' \/><\/a> <a href='http:\/\/www.google.com\/bookmarks\/mark?op=edit&amp;output=popup&amp;bkmk=https:\/\/observatorio.umh.es\/en\/titulados\/programa-de-emprendedores-universitarios-peu\/&amp;title=Programa de Emprendedores Universitarios (PEU)' title='Save to Google Bookmarks' onclick='target=\"_blank\";' rel='nofollow'><img src='https:\/\/observatorio.umh.es\/wp-content\/plugins\/bookmarkify\/google.png' style='width:16px; height:16px;' alt='[Google] ' \/><\/a> <a href='http:\/\/twitter.com\/home\/?status=Programa de Emprendedores Universitarios (PEU)+https:\/\/observatorio.umh.es\/en\/titulados\/programa-de-emprendedores-universitarios-peu\/' title='Save to Twitter' onclick='target=\"_blank\";' rel='nofollow'><img src='https:\/\/observatorio.umh.es\/wp-content\/plugins\/bookmarkify\/twitter.png' style='width:16px; height:16px;' alt='[Twitter] ' \/><\/a> <\/div><\/div>","protected":false},"excerpt":{"rendered":"<p>El Programa de Emprendedores Universitarios (PEU), naci\u00f3 en el a\u00f1o 1999 y persigue fomentar las iniciativas emprendedoras de los estudiantes, titulados y personal de la UMH.<br \/>\nEl PEU es el encargado de estimular la creaci\u00f3n de empresas desde una doble vertiente. Por un lado, creando las condiciones necesarias para que todos aquellos miembros de la comunidad [&#8230;]<\/p>\n","protected":false},"author":445,"featured_media":0,"parent":434,"menu_order":30,"comment_status":"closed","ping_status":"closed","template":"","meta":{"_links_to":"","_links_to_target":""},"_links":{"self":[{"href":"https:\/\/observatorio.umh.es\/en\/wp-json\/wp\/v2\/pages\/472"}],"collection":[{"href":"https:\/\/observatorio.umh.es\/en\/wp-json\/wp\/v2\/pages"}],"about":[{"href":"https:\/\/observatorio.umh.es\/en\/wp-json\/wp\/v2\/types\/page"}],"author":[{"embeddable":true,"href":"https:\/\/observatorio.umh.es\/en\/wp-json\/wp\/v2\/users\/445"}],"replies":[{"embeddable":true,"href":"https:\/\/observatorio.umh.es\/en\/wp-json\/wp\/v2\/comments?post=472"}],"version-history":[{"count":0,"href":"https:\/\/observatorio.umh.es\/en\/wp-json\/wp\/v2\/pages\/472\/revisions"}],"up":[{"embeddable":true,"href":"https:\/\/observatorio.umh.es\/en\/wp-json\/wp\/v2\/pages\/434"}],"wp:attachment":[{"href":"https:\/\/observatorio.umh.es\/en\/wp-json\/wp\/v2\/media?parent=472"}],"curies":[{"name":"wp","href":"https:\/\/api.w.org\/{rel}","templated":true}]}}