{"id":4382,"date":"2015-04-27T13:55:05","date_gmt":"2015-04-27T11:55:05","guid":{"rendered":"http:\/\/observatorio.umh.es\/?page_id=4382"},"modified":"2015-04-27T15:37:51","modified_gmt":"2015-04-27T13:37:51","slug":"programa-para-jovenes-espanoles-residentes-en-el-extranjero-2","status":"publish","type":"page","link":"https:\/\/observatorio.umh.es\/en\/programa-para-jovenes-espanoles-residentes-en-el-extranjero-2\/","title":{"rendered":"<span lang=\"es\">(Espa\u00f1ol) Programa para j\u00f3venes espa\u00f1oles residentes en el extranjero<\/span>"},"content":{"rendered":"<p class=\"qtranxs-available-languages-message qtranxs-available-languages-message-en\">Sorry, this entry is only available in <a href=\"https:\/\/observatorio.umh.es\/es\/wp-json\/wp\/v2\/pages\/4382\" class=\"qtranxs-available-language-link qtranxs-available-language-link-es\" title=\"Espa\u00f1ol\">European Spanish<\/a>.<\/p>","protected":false},"excerpt":{"rendered":"<p>Sorry, this entry is only available in European Spanish.<\/p>\n","protected":false},"author":446,"featured_media":0,"parent":0,"menu_order":0,"comment_status":"closed","ping_status":"closed","template":"","meta":{"_links_to":"","_links_to_target":""},"_links":{"self":[{"href":"https:\/\/observatorio.umh.es\/en\/wp-json\/wp\/v2\/pages\/4382"}],"collection":[{"href":"https:\/\/observatorio.umh.es\/en\/wp-json\/wp\/v2\/pages"}],"about":[{"href":"https:\/\/observatorio.umh.es\/en\/wp-json\/wp\/v2\/types\/page"}],"author":[{"embeddable":true,"href":"https:\/\/observatorio.umh.es\/en\/wp-json\/wp\/v2\/users\/446"}],"replies":[{"embeddable":true,"href":"https:\/\/observatorio.umh.es\/en\/wp-json\/wp\/v2\/comments?post=4382"}],"version-history":[{"count":0,"href":"https:\/\/observatorio.umh.es\/en\/wp-json\/wp\/v2\/pages\/4382\/revisions"}],"wp:attachment":[{"href":"https:\/\/observatorio.umh.es\/en\/wp-json\/wp\/v2\/media?parent=4382"}],"curies":[{"name":"wp","href":"https:\/\/api.w.org\/{rel}","templated":true}]}}