{"id":2626,"date":"2013-06-13T13:02:54","date_gmt":"2013-06-13T11:02:54","guid":{"rendered":"http:\/\/observatorio.umh.es\/?page_id=2626"},"modified":"2024-11-08T09:17:30","modified_gmt":"2024-11-08T08:17:30","slug":"informacion-para-tutores-academicos","status":"publish","type":"page","link":"https:\/\/observatorio.umh.es\/en\/personal-umh-paspdi\/informacion-para-tutores-academicos\/","title":{"rendered":"<span lang=\"es\">(Espa\u00f1ol) Informaci\u00f3n para tutores acad\u00e9micos<\/span>"},"content":{"rendered":"<p><\/p>\n<\/p>\n<p><\/p>\n<div class='bookmarkify'><a name='bookmarkify'><\/a><div class='linkbuttons'><a href='http:\/\/www.facebook.com\/share.php?u=https:\/\/observatorio.umh.es\/en\/personal-umh-paspdi\/informacion-para-tutores-academicos\/' title='Save to Facebook' onclick='target=\"_blank\";' rel='nofollow'><img src='https:\/\/observatorio.umh.es\/wp-content\/plugins\/bookmarkify\/facebook.png' style='width:16px; height:16px;' alt='[Facebook] ' \/><\/a> <a href='http:\/\/www.google.com\/bookmarks\/mark?op=edit&amp;output=popup&amp;bkmk=https:\/\/observatorio.umh.es\/en\/personal-umh-paspdi\/informacion-para-tutores-academicos\/&amp;title=<span lang=\"es\">(Espa\u00f1ol) Informaci\u00f3n para tutores acad\u00e9micos<\/span>' title='Save to Google Bookmarks' onclick='target=\"_blank\";' rel='nofollow'><img src='https:\/\/observatorio.umh.es\/wp-content\/plugins\/bookmarkify\/google.png' style='width:16px; height:16px;' alt='[Google] ' \/><\/a> <a href='http:\/\/twitter.com\/home\/?status=<span lang=\"es\">(Espa\u00f1ol) Informaci\u00f3n para tutores acad\u00e9micos<\/span>+https:\/\/observatorio.umh.es\/en\/personal-umh-paspdi\/informacion-para-tutores-academicos\/' title='Save to Twitter' onclick='target=\"_blank\";' rel='nofollow'><img src='https:\/\/observatorio.umh.es\/wp-content\/plugins\/bookmarkify\/twitter.png' style='width:16px; height:16px;' alt='[Twitter] ' \/><\/a> <\/div><\/div>","protected":false},"excerpt":{"rendered":"","protected":false},"author":357,"featured_media":0,"parent":5455,"menu_order":3,"comment_status":"closed","ping_status":"open","template":"","meta":{"_links_to":"","_links_to_target":""},"_links":{"self":[{"href":"https:\/\/observatorio.umh.es\/en\/wp-json\/wp\/v2\/pages\/2626"}],"collection":[{"href":"https:\/\/observatorio.umh.es\/en\/wp-json\/wp\/v2\/pages"}],"about":[{"href":"https:\/\/observatorio.umh.es\/en\/wp-json\/wp\/v2\/types\/page"}],"author":[{"embeddable":true,"href":"https:\/\/observatorio.umh.es\/en\/wp-json\/wp\/v2\/users\/357"}],"replies":[{"embeddable":true,"href":"https:\/\/observatorio.umh.es\/en\/wp-json\/wp\/v2\/comments?post=2626"}],"version-history":[{"count":0,"href":"https:\/\/observatorio.umh.es\/en\/wp-json\/wp\/v2\/pages\/2626\/revisions"}],"up":[{"embeddable":true,"href":"https:\/\/observatorio.umh.es\/en\/wp-json\/wp\/v2\/pages\/5455"}],"wp:attachment":[{"href":"https:\/\/observatorio.umh.es\/en\/wp-json\/wp\/v2\/media?parent=2626"}],"curies":[{"name":"wp","href":"https:\/\/api.w.org\/{rel}","templated":true}]}}