{"id":1788,"date":"2012-05-29T12:18:35","date_gmt":"2012-05-29T11:18:35","guid":{"rendered":"http:\/\/observatorio.umh.es\/procedimiento-para-realizar-practicas-en-la-direccion-territorial-de-alicante-de-la-conselleria-de-bienestar-social\/"},"modified":"2017-10-26T12:11:18","modified_gmt":"2017-10-26T10:11:18","slug":"procedimiento-para-realizar-practicas-en-la-direccion-territorial-de-alicante-de-la-conselleria-de-bienestar-social","status":"publish","type":"page","link":"https:\/\/observatorio.umh.es\/en\/procedimiento-para-realizar-practicas-en-la-direccion-territorial-de-alicante-de-la-conselleria-de-bienestar-social\/","title":{"rendered":"<span lang=\"es\">(Espa\u00f1ol) Procedimiento para realizar pr\u00e1cticas en organismos dependientes de la Direcci\u00f3n Territorial de Alicante de la Vicepresidencia i la Conselleria d&#8217;Igualtat i pol\u00edtiques inclusives<\/span>"},"content":{"rendered":"<p><\/p>\n<\/p>\n<p><\/p>\n<div class='bookmarkify'><a name='bookmarkify'><\/a><div class='linkbuttons'><a href='http:\/\/www.facebook.com\/share.php?u=https:\/\/observatorio.umh.es\/en\/procedimiento-para-realizar-practicas-en-la-direccion-territorial-de-alicante-de-la-conselleria-de-bienestar-social\/' title='Save to Facebook' onclick='target=\"_blank\";' rel='nofollow'><img src='https:\/\/observatorio.umh.es\/wp-content\/plugins\/bookmarkify\/facebook.png' style='width:16px; height:16px;' alt='[Facebook] ' \/><\/a> <a href='http:\/\/www.google.com\/bookmarks\/mark?op=edit&amp;output=popup&amp;bkmk=https:\/\/observatorio.umh.es\/en\/procedimiento-para-realizar-practicas-en-la-direccion-territorial-de-alicante-de-la-conselleria-de-bienestar-social\/&amp;title=<span lang=\"es\">(Espa\u00f1ol) Procedimiento para realizar pr\u00e1cticas en organismos dependientes de la Direcci\u00f3n Territorial de Alicante de la Vicepresidencia i la Conselleria d&#8217;Igualtat i pol\u00edtiques inclusives<\/span>' title='Save to Google Bookmarks' onclick='target=\"_blank\";' rel='nofollow'><img src='https:\/\/observatorio.umh.es\/wp-content\/plugins\/bookmarkify\/google.png' style='width:16px; height:16px;' alt='[Google] ' \/><\/a> <a href='http:\/\/twitter.com\/home\/?status=<span lang=\"es\">(Espa\u00f1ol) Procedimiento para realizar pr\u00e1cticas en organismos dependientes de la Direcci\u00f3n Territorial de Alicante de la Vicepresidencia i la Conselleria d&#8217;Igualtat i pol\u00edtiques inclusives<\/span>+https:\/\/observatorio.umh.es\/en\/procedimiento-para-realizar-practicas-en-la-direccion-territorial-de-alicante-de-la-conselleria-de-bienestar-social\/' title='Save to Twitter' onclick='target=\"_blank\";' rel='nofollow'><img src='https:\/\/observatorio.umh.es\/wp-content\/plugins\/bookmarkify\/twitter.png' style='width:16px; height:16px;' alt='[Twitter] ' \/><\/a> <\/div><\/div>","protected":false},"excerpt":{"rendered":"","protected":false},"author":357,"featured_media":0,"parent":0,"menu_order":0,"comment_status":"closed","ping_status":"closed","template":"","meta":{"_links_to":"","_links_to_target":""},"_links":{"self":[{"href":"https:\/\/observatorio.umh.es\/en\/wp-json\/wp\/v2\/pages\/1788"}],"collection":[{"href":"https:\/\/observatorio.umh.es\/en\/wp-json\/wp\/v2\/pages"}],"about":[{"href":"https:\/\/observatorio.umh.es\/en\/wp-json\/wp\/v2\/types\/page"}],"author":[{"embeddable":true,"href":"https:\/\/observatorio.umh.es\/en\/wp-json\/wp\/v2\/users\/357"}],"replies":[{"embeddable":true,"href":"https:\/\/observatorio.umh.es\/en\/wp-json\/wp\/v2\/comments?post=1788"}],"version-history":[{"count":0,"href":"https:\/\/observatorio.umh.es\/en\/wp-json\/wp\/v2\/pages\/1788\/revisions"}],"wp:attachment":[{"href":"https:\/\/observatorio.umh.es\/en\/wp-json\/wp\/v2\/media?parent=1788"}],"curies":[{"name":"wp","href":"https:\/\/api.w.org\/{rel}","templated":true}]}}