{"id":17071,"date":"2025-09-29T09:17:36","date_gmt":"2025-09-29T07:17:36","guid":{"rendered":"https:\/\/observatorio.umh.es\/?page_id=17071"},"modified":"2026-04-02T13:35:30","modified_gmt":"2026-04-02T11:35:30","slug":"programa-de-mentorizacion-y-gestion-del-talento-universitario-ccta-de-banc-sabadell-2","status":"publish","type":"page","link":"https:\/\/observatorio.umh.es\/en\/estudiantes-bolsa-de-practicas\/programas-de-becas-de-otras-entidades\/programa-de-mentorizacion-y-gestion-del-talento-universitario-ccta-de-banc-sabadell-2\/","title":{"rendered":"<span lang=\"es\">(Espa\u00f1ol) Programa de Mentorizaci\u00f3n y Gesti\u00f3n del Talento Universitario &#8211; CCTA de Banc Sabadell 2025-26<\/span>"},"content":{"rendered":"<p class=\"qtranxs-available-languages-message qtranxs-available-languages-message-en\">Sorry, this entry is only available in <a href=\"https:\/\/observatorio.umh.es\/es\/wp-json\/wp\/v2\/pages\/17071\" class=\"qtranxs-available-language-link qtranxs-available-language-link-es\" title=\"Espa\u00f1ol\">European Spanish<\/a>.<\/p>","protected":false},"excerpt":{"rendered":"<p>Sorry, this entry is only available in European Spanish.<\/p>\n","protected":false},"author":47,"featured_media":0,"parent":14634,"menu_order":4,"comment_status":"closed","ping_status":"closed","template":"","meta":{"_links_to":"","_links_to_target":""},"_links":{"self":[{"href":"https:\/\/observatorio.umh.es\/en\/wp-json\/wp\/v2\/pages\/17071"}],"collection":[{"href":"https:\/\/observatorio.umh.es\/en\/wp-json\/wp\/v2\/pages"}],"about":[{"href":"https:\/\/observatorio.umh.es\/en\/wp-json\/wp\/v2\/types\/page"}],"author":[{"embeddable":true,"href":"https:\/\/observatorio.umh.es\/en\/wp-json\/wp\/v2\/users\/47"}],"replies":[{"embeddable":true,"href":"https:\/\/observatorio.umh.es\/en\/wp-json\/wp\/v2\/comments?post=17071"}],"version-history":[{"count":0,"href":"https:\/\/observatorio.umh.es\/en\/wp-json\/wp\/v2\/pages\/17071\/revisions"}],"up":[{"embeddable":true,"href":"https:\/\/observatorio.umh.es\/en\/wp-json\/wp\/v2\/pages\/14634"}],"wp:attachment":[{"href":"https:\/\/observatorio.umh.es\/en\/wp-json\/wp\/v2\/media?parent=17071"}],"curies":[{"name":"wp","href":"https:\/\/api.w.org\/{rel}","templated":true}]}}