{"id":14673,"date":"2024-03-25T14:54:11","date_gmt":"2024-03-25T13:54:11","guid":{"rendered":"https:\/\/observatorio.umh.es\/?page_id=14673"},"modified":"2026-04-22T10:10:20","modified_gmt":"2026-04-22T08:10:20","slug":"practicas-fundacion-once-crue","status":"publish","type":"page","link":"https:\/\/observatorio.umh.es\/en\/estudiantes-bolsa-de-practicas\/programas-de-becas-de-otras-entidades\/practicas-fundacion-once-crue\/","title":{"rendered":"<span lang=\"es\">(Espa\u00f1ol) Pr\u00e1cticas Fundaci\u00f3n ONCE-CRUE<\/span>"},"content":{"rendered":"<p class=\"qtranxs-available-languages-message qtranxs-available-languages-message-en\">Sorry, this entry is only available in <a href=\"https:\/\/observatorio.umh.es\/es\/wp-json\/wp\/v2\/pages\/14673\" class=\"qtranxs-available-language-link qtranxs-available-language-link-es\" title=\"Espa\u00f1ol\">European Spanish<\/a>.<\/p>","protected":false},"excerpt":{"rendered":"<p>Sorry, this entry is only available in European Spanish.<\/p>\n","protected":false},"author":47,"featured_media":0,"parent":14634,"menu_order":4,"comment_status":"closed","ping_status":"closed","template":"","meta":{"_links_to":"","_links_to_target":""},"_links":{"self":[{"href":"https:\/\/observatorio.umh.es\/en\/wp-json\/wp\/v2\/pages\/14673"}],"collection":[{"href":"https:\/\/observatorio.umh.es\/en\/wp-json\/wp\/v2\/pages"}],"about":[{"href":"https:\/\/observatorio.umh.es\/en\/wp-json\/wp\/v2\/types\/page"}],"author":[{"embeddable":true,"href":"https:\/\/observatorio.umh.es\/en\/wp-json\/wp\/v2\/users\/47"}],"replies":[{"embeddable":true,"href":"https:\/\/observatorio.umh.es\/en\/wp-json\/wp\/v2\/comments?post=14673"}],"version-history":[{"count":0,"href":"https:\/\/observatorio.umh.es\/en\/wp-json\/wp\/v2\/pages\/14673\/revisions"}],"up":[{"embeddable":true,"href":"https:\/\/observatorio.umh.es\/en\/wp-json\/wp\/v2\/pages\/14634"}],"wp:attachment":[{"href":"https:\/\/observatorio.umh.es\/en\/wp-json\/wp\/v2\/media?parent=14673"}],"curies":[{"name":"wp","href":"https:\/\/api.w.org\/{rel}","templated":true}]}}