{"id":985,"date":"2011-10-25T10:26:32","date_gmt":"2011-10-25T08:26:32","guid":{"rendered":"http:\/\/observatorio.zeus.umh.es\/?page_id=985"},"modified":"2014-09-01T13:24:09","modified_gmt":"2014-09-01T11:24:09","slug":"%c2%bfquieres-hacer-practicas-en-el-extranjero","status":"publish","type":"page","link":"https:\/\/observatorio.umh.es\/ca\/%c2%bfquieres-hacer-practicas-en-el-extranjero\/","title":{"rendered":"\u00bfQuieres hacer pr\u00e1cticas en el extranjero?"},"content":{"rendered":"<p><\/p>\n<p style=\"text-align: justify\"><a href=\"https:\/\/observatorio.umh.es\/files\/2011\/06\/hermes-alum.gif\"><img loading=\"lazy\" class=\"size-medium wp-image-647 alignleft\" src=\"https:\/\/observatorio.umh.es\/files\/2011\/06\/hermes-alum-300x225.gif\" alt=\"\" width=\"300\" height=\"225\" srcset=\"https:\/\/observatorio.umh.es\/files\/2011\/06\/hermes-alum-300x225.gif 300w, https:\/\/observatorio.umh.es\/files\/2011\/06\/hermes-alum.gif 960w\" sizes=\"(max-width: 300px) 100vw, 300px\" \/><\/a>Si has superado el 50% de los cr\u00e9ditos o eres estudiante de 2\u00ba ciclo, y quieres hacer pr\u00e1cticas en el extranjero, siempre puedes tramitar la documentaci\u00f3n UMH. Con ella, podr\u00e1s solicitar cr\u00e9ditos de libre elecci\u00f3n o cr\u00e9ditos optativos y tendr\u00e1s un seguro complementario pagado por la UMH.<\/p>\n<p style=\"text-align: justify\">Empezamos por tener claro unos puntos b\u00e1sicos:<\/p>\n<p style=\"text-align: justify\"><span style=\"color: #99cc00\"><span style=\"color: #000000\"><strong>PUNTO1:<\/strong><\/span><\/span><\/p>\n<p style=\"text-align: justify\"><span style=\"color: #99cc00\">\u00a0<\/span><span style=\"color: #000000\"><span style=\"text-decoration: underline\">Decidir donde quiero ir y preparar el idioma:<\/span>\u00a0<\/span><\/p>\n<p style=\"text-align: justify\">Como m\u00ednimo deber\u00e1s ser capaz de comunicarte con la empresa a la que aspires. Es IMPORTANT\u00cdSIMO ponerse a mejorar el idioma cuanto antes mejor.<\/p>\n<p style=\"text-align: justify\"><span style=\"text-decoration: underline\">Destino y periodo:<\/span> Hay que tener claro los pa\u00edses y el per\u00edodo que tenemos disponible para irnos, as\u00ed sacaremos un mayor rendimiento a nuestra b\u00fasqueda.<\/p>\n<p style=\"text-align: justify\">Financiaci\u00f3n: Hay que ser avispados en este tema, ya que cada caso es un mundo. Empezamos dividendo en dos las posibles opciones:<\/p>\n<p style=\"text-align: justify\">\n-Paga la entidad: Caso ideal si con el dinero que nos dan podemos pagarnos la estancia. Tambi\u00e9n podr\u00eda la empresa ayudarnos econ\u00f3micamente dentro de sus posibilidades y solicitar una beca que se ajuste a nuestra situaci\u00f3n.<\/p>\n<p style=\"text-align: justify\">\n-No nos paga la entidad: Intentaremos buscar becas que se ajusten a nuestro perfil, +info en 96522211<\/p>\n<p style=\"text-align: justify\">-Ni beca ni remuneraci\u00f3n: Siempre podremos como \u00faltimo recurso autofinanciarnos nuestra estancia. Como se supone que ir al extranjero supone una inversi\u00f3n y no un gasto, existen mil maneras para afrontar el tema econ\u00f3mico:<\/p>\n<p style=\"text-align: justify\">Ahorrar, trabajar a tiempo parcial, pedir un minicr\u00e9dito, etc.<\/p>\n<p style=\"text-align: justify\"><strong><\/strong><\/p>\n<p style=\"text-align: justify\"><strong>PUNTO\u00a02:<\/strong> <span style=\"text-decoration: underline\">Buscar la Empresa:<\/span><\/p>\n<p style=\"text-align: justify\">\u00bfD\u00d3NDE BUSCAR ENTIDADES? Autocandidatura (CV+Carta de motivaci\u00f3n) Tienes plantillas en\u00a0el blog.\u00a0<\/p>\n<p style=\"text-align: justify\">\u00a0<\/p>\n<p style=\"text-align: justify\"><strong>Punto 3:<\/strong> <span style=\"text-decoration: underline\">Convertirte en\u00a0el mejor candidato para la entidad<\/span><\/p>\n<p style=\"text-align: justify\">Env\u00edanos tu CV y carta de presentaci\u00f3n ANTES de enviarlas a las entidades. As\u00ed podremos orientarte de manera que tus posibilidades aumenten.<\/p>\n<p style=\"text-align: justify\">Si necesitas asesoramiento ap\u00fantate a los <a href=\"https:\/\/ewlumh.umh.es\/pls\/obsweb\/p_acceso.login?pmenu=I\" target=\"_self\">cursos ofertados <\/a>en la UMH<\/p>\n<p style=\"text-align: justify\">\u00a0<\/p>\n<p style=\"text-align: justify\"><strong>IMPORTANTE:<br \/>\n<\/strong>La informaci\u00f3n respecto a las becas (financiaci\u00f3n) es muy din\u00e1mica (puede llegar a cambiar DIARIAMENTE, por lo que te recomiendo que la compruebes personalmente A TRAV\u00c9S DE LA WEB DE LAS ENTIDADES QUE LAS OFRECEN, CONFIRMANDO LA INFORMACI\u00d3N QUE EL OBSERVTORIO TE OFRECE EN LA WEB.<\/p>\n<p style=\"text-align: justify\">\u00a0<\/p>\n<p style=\"text-align: justify\">\u00a0<\/p>\n<p><\/p>\n<div class='bookmarkify'><a name='bookmarkify'><\/a><div class='linkbuttons'><a href='http:\/\/www.facebook.com\/share.php?u=https:\/\/observatorio.umh.es\/ca\/%c2%bfquieres-hacer-practicas-en-el-extranjero\/' title='Save to Facebook' onclick='target=\"_blank\";' rel='nofollow'><img src='https:\/\/observatorio.umh.es\/wp-content\/plugins\/bookmarkify\/facebook.png' style='width:16px; height:16px;' alt='[Facebook] ' \/><\/a> <a href='http:\/\/www.google.com\/bookmarks\/mark?op=edit&amp;output=popup&amp;bkmk=https:\/\/observatorio.umh.es\/ca\/%c2%bfquieres-hacer-practicas-en-el-extranjero\/&amp;title=\u00bfQuieres hacer pr\u00e1cticas en el extranjero?' title='Save to Google Bookmarks' onclick='target=\"_blank\";' rel='nofollow'><img src='https:\/\/observatorio.umh.es\/wp-content\/plugins\/bookmarkify\/google.png' style='width:16px; height:16px;' alt='[Google] ' \/><\/a> <a href='http:\/\/twitter.com\/home\/?status=\u00bfQuieres hacer pr\u00e1cticas en el extranjero?+https:\/\/observatorio.umh.es\/ca\/%c2%bfquieres-hacer-practicas-en-el-extranjero\/' title='Save to Twitter' onclick='target=\"_blank\";' rel='nofollow'><img src='https:\/\/observatorio.umh.es\/wp-content\/plugins\/bookmarkify\/twitter.png' style='width:16px; height:16px;' alt='[Twitter] ' \/><\/a> <\/div><\/div>","protected":false},"excerpt":{"rendered":"<p>Si has superado el 50% de los cr\u00e9ditos o eres estudiante de 2\u00ba ciclo, y quieres hacer pr\u00e1cticas en el extranjero, siempre puedes tramitar la documentaci\u00f3n UMH. Con ella, podr\u00e1s solicitar cr\u00e9ditos de libre elecci\u00f3n o cr\u00e9ditos optativos y tendr\u00e1s un seguro complementario pagado por la UMH.<br \/>\nEmpezamos por tener claro unos puntos b\u00e1sicos:<br \/>\nPUNTO1:<br \/>\n\u00a0Decidir donde quiero [&#8230;]<\/p>\n","protected":false},"author":445,"featured_media":0,"parent":0,"menu_order":0,"comment_status":"closed","ping_status":"closed","template":"","meta":{"_links_to":"","_links_to_target":""},"_links":{"self":[{"href":"https:\/\/observatorio.umh.es\/ca\/wp-json\/wp\/v2\/pages\/985"}],"collection":[{"href":"https:\/\/observatorio.umh.es\/ca\/wp-json\/wp\/v2\/pages"}],"about":[{"href":"https:\/\/observatorio.umh.es\/ca\/wp-json\/wp\/v2\/types\/page"}],"author":[{"embeddable":true,"href":"https:\/\/observatorio.umh.es\/ca\/wp-json\/wp\/v2\/users\/445"}],"replies":[{"embeddable":true,"href":"https:\/\/observatorio.umh.es\/ca\/wp-json\/wp\/v2\/comments?post=985"}],"version-history":[{"count":0,"href":"https:\/\/observatorio.umh.es\/ca\/wp-json\/wp\/v2\/pages\/985\/revisions"}],"wp:attachment":[{"href":"https:\/\/observatorio.umh.es\/ca\/wp-json\/wp\/v2\/media?parent=985"}],"curies":[{"name":"wp","href":"https:\/\/api.w.org\/{rel}","templated":true}]}}