{"id":938,"date":"2011-10-18T12:01:21","date_gmt":"2011-10-18T10:01:21","guid":{"rendered":"http:\/\/observatorio.zeus.umh.es\/?page_id=938"},"modified":"2014-10-24T14:09:26","modified_gmt":"2014-10-24T12:09:26","slug":"paginas-de-interes-por-titulacion","status":"publish","type":"page","link":"https:\/\/observatorio.umh.es\/ca\/paginas-de-interes-por-titulacion\/","title":{"rendered":"P\u00e1ginas de inter\u00e9s por titulaci\u00f3n"},"content":{"rendered":"<p><\/p>\n<p><\/p>\n<h4>\u00a0Administraci\u00f3n y Direcci\u00f3n de Empresas<\/h4>\n<p><span style=\"text-decoration: underline\"><a href=\"http:\/\/www.economistas.org\/\">http:\/\/www.economistas.org\/<\/a> <\/span><\/p>\n<p><a href=\"http:\/\/www.secretariaplus.com\/\">http:\/\/www.secretariaplus.com\/<\/a><span style=\"text-decoration: underline\"> <\/span><\/p>\n<p>\u00a0<\/p>\n<h4>Ciencias ambientales<\/h4>\n<p><a href=\"http:\/\/www.ecoempleo.com\/\">http:\/\/www.ecoempleo.com\/<\/a><\/p>\n<p>\u00a0<\/p>\n<h4>Ciencias de la actividad f\u00edsica y del deporte<\/h4>\n<p><a href=\"http:\/\/www.jobsinsports.com\/\">http:\/\/www.jobsinsports.com\/<\/a><\/p>\n<h3>\u00a0<\/h3>\n<h4>Fisioterapeutas<\/h4>\n<p><span style=\"text-decoration: underline\"><a href=\"http:\/\/www.fisionet.net\/\">http:\/\/www.fisionet.net\/<\/a> <\/span><\/p>\n<h3>\u00a0<\/h3>\n<h4>Inform\u00e1tica y telecomunicaciones<\/h4>\n<p><span style=\"text-decoration: underline\"><a href=\"http:\/\/www.ati.es\/jobs\/\">http:\/\/www.ati.es\/jobs\/<\/a> <\/span><\/p>\n<p><span style=\"text-decoration: underline\"><a href=\"http:\/\/itjobs-online.com\/\">http:\/\/itjobs-online.com\/<\/a> \u00a0 <\/span><\/p>\n<p><span style=\"text-decoration: underline\"><a href=\"http:\/\/www.tecnoempleo.com\/\">http:\/\/www.tecnoempleo.com\/<\/a> <\/span><\/p>\n<h3>\u00a0<\/h3>\n<h4>Ingenier\u00edas<\/h4>\n<p><span style=\"text-decoration: underline\"><a href=\"http:\/\/www.civileng.com\">http:\/\/www.civileng.com<\/a> <\/span><\/p>\n<h3>\u00a0<\/h3>\n<h4>Medicina<\/h4>\n<p><span style=\"text-decoration: underline\"><a href=\"http:\/\/www.portalesmedicos.com\/empleo_formacion_medicina_salud\/\">http:\/\/www.portalesmedicos.com\/empleo_formacion_medicina_salud\/<\/a> <\/span><\/p>\n<h4>Periodismo<\/h4>\n<p><span style=\"text-decoration: underline\"><a href=\"http:\/\/es.periodistas.trabajar.com\/\">http:\/\/es.periodistas.trabajar.com\/<\/a> <\/span><\/p>\n<h4>Psicolog\u00eda<\/h4>\n<p><a href=\"http:\/\/www.eduso.net\/\">http:\/\/www.eduso.net\/<\/a><\/p>\n<\/p>\n<p><\/p>\n<div class='bookmarkify'><a name='bookmarkify'><\/a><div class='linkbuttons'><a href='http:\/\/www.facebook.com\/share.php?u=https:\/\/observatorio.umh.es\/ca\/paginas-de-interes-por-titulacion\/' title='Save to Facebook' onclick='target=\"_blank\";' rel='nofollow'><img src='https:\/\/observatorio.umh.es\/wp-content\/plugins\/bookmarkify\/facebook.png' style='width:16px; height:16px;' alt='[Facebook] ' \/><\/a> <a href='http:\/\/www.google.com\/bookmarks\/mark?op=edit&amp;output=popup&amp;bkmk=https:\/\/observatorio.umh.es\/ca\/paginas-de-interes-por-titulacion\/&amp;title=P\u00e1ginas de inter\u00e9s por titulaci\u00f3n' title='Save to Google Bookmarks' onclick='target=\"_blank\";' rel='nofollow'><img src='https:\/\/observatorio.umh.es\/wp-content\/plugins\/bookmarkify\/google.png' style='width:16px; height:16px;' alt='[Google] ' \/><\/a> <a href='http:\/\/twitter.com\/home\/?status=P\u00e1ginas de inter\u00e9s por titulaci\u00f3n+https:\/\/observatorio.umh.es\/ca\/paginas-de-interes-por-titulacion\/' title='Save to Twitter' onclick='target=\"_blank\";' rel='nofollow'><img src='https:\/\/observatorio.umh.es\/wp-content\/plugins\/bookmarkify\/twitter.png' style='width:16px; height:16px;' alt='[Twitter] ' \/><\/a> <\/div><\/div>","protected":false},"excerpt":{"rendered":"<p>\u00a0Administraci\u00f3n y Direcci\u00f3n de Empresas<br \/>\nhttp:\/\/www.economistas.org\/<br \/>\nhttp:\/\/www.secretariaplus.com\/<br \/>\n\u00a0<br \/>\nCiencias ambientales<br \/>\nhttp:\/\/www.ecoempleo.com\/<br \/>\n\u00a0<br \/>\nCiencias de la actividad f\u00edsica y del deporte<br \/>\nhttp:\/\/www.jobsinsports.com\/<br \/>\n\u00a0<br \/>\nFisioterapeutas<br \/>\nhttp:\/\/www.fisionet.net\/<br \/>\n\u00a0<br \/>\nInform\u00e1tica y telecomunicaciones<br \/>\nhttp:\/\/www.ati.es\/jobs\/<br \/>\nhttp:\/\/itjobs-online.com\/ \u00a0<br \/>\nhttp:\/\/www.tecnoempleo.com\/<br \/>\n\u00a0<br \/>\nIngenier\u00edas<br \/>\nhttp:\/\/www.civileng.com<br \/>\n\u00a0<br \/>\nMedicina<br \/>\nhttp:\/\/www.portalesmedicos.com\/empleo_formacion_medicina_salud\/<br \/>\nPeriodismo<br \/>\nhttp:\/\/es.periodistas.trabajar.com\/<br \/>\nPsicolog\u00eda<br \/>\nhttp:\/\/www.eduso.net\/<\/p>\n","protected":false},"author":445,"featured_media":0,"parent":0,"menu_order":0,"comment_status":"closed","ping_status":"closed","template":"","meta":{"_links_to":"","_links_to_target":""},"_links":{"self":[{"href":"https:\/\/observatorio.umh.es\/ca\/wp-json\/wp\/v2\/pages\/938"}],"collection":[{"href":"https:\/\/observatorio.umh.es\/ca\/wp-json\/wp\/v2\/pages"}],"about":[{"href":"https:\/\/observatorio.umh.es\/ca\/wp-json\/wp\/v2\/types\/page"}],"author":[{"embeddable":true,"href":"https:\/\/observatorio.umh.es\/ca\/wp-json\/wp\/v2\/users\/445"}],"replies":[{"embeddable":true,"href":"https:\/\/observatorio.umh.es\/ca\/wp-json\/wp\/v2\/comments?post=938"}],"version-history":[{"count":0,"href":"https:\/\/observatorio.umh.es\/ca\/wp-json\/wp\/v2\/pages\/938\/revisions"}],"wp:attachment":[{"href":"https:\/\/observatorio.umh.es\/ca\/wp-json\/wp\/v2\/media?parent=938"}],"curies":[{"name":"wp","href":"https:\/\/api.w.org\/{rel}","templated":true}]}}