{"id":799,"date":"2011-09-08T11:17:44","date_gmt":"2011-09-08T09:17:44","guid":{"rendered":"http:\/\/observatorio.zeus.umh.es\/?page_id=799"},"modified":"2011-11-30T16:41:18","modified_gmt":"2011-11-30T16:41:18","slug":"emprendedor-5-estrellas","status":"publish","type":"page","link":"https:\/\/observatorio.umh.es\/ca\/emprendedor-5-estrellas\/","title":{"rendered":"&#8220;Emprendedor 5 Estrellas&#8221;"},"content":{"rendered":"<p><\/p>\n<p style=\"text-align: justify\"><a href=\"https:\/\/observatorio.umh.es\/files\/2011\/10\/lq.jpg\"><\/a><a href=\"https:\/\/observatorio.umh.es\/files\/2011\/10\/terra-fecundis.jpg\"><\/a><a href=\"https:\/\/observatorio.umh.es\/files\/2011\/10\/poveda.jpg\"><\/a><a href=\"https:\/\/observatorio.umh.es\/files\/2011\/10\/qbs-consultora1.jpg\"><\/a><a href=\"https:\/\/observatorio.umh.es\/files\/2011\/10\/future.jpg\"><\/a><a href=\"https:\/\/observatorio.umh.es\/files\/2011\/10\/20110603164848_1668635.jpg\"><\/a><a href=\"https:\/\/observatorio.umh.es\/files\/2011\/09\/empresa-5-estrellas.jpg\"><img loading=\"lazy\" class=\"size-medium wp-image-805 alignleft\" src=\"https:\/\/observatorio.umh.es\/files\/2011\/09\/empresa-5-estrellas.jpg\" alt=\"\" width=\"153\" height=\"75\" srcset=\"https:\/\/observatorio.umh.es\/files\/2011\/09\/empresa-5-estrellas.jpg 153w, https:\/\/observatorio.umh.es\/files\/2011\/09\/empresa-5-estrellas-150x75.jpg 150w\" sizes=\"(max-width: 153px) 100vw, 153px\" \/><\/a>En la \u00f3ptica de que los propios miembros del PEU generen inquietudes emprendedoras en los estudiantes, y sirvan de ejemplo para \u00e9stos, nace la distinci\u00f3n Emprendedor 5 estrellas.<\/p>\n<p style=\"text-align: justify\">La figura del Emprendedor 5 estrellas surge como una actuaci\u00f3n innovadora, mediante la que se otorga un reconocimiento desde la UMH a determinadas empresas surgidas desde el Programa de Emprendedores Universitarios.<\/p>\n<p style=\"text-align: justify\">\u00a0<\/p>\n<p style=\"text-align: justify\">Las 5 caracter\u00edsticas con las que cuenta este emprendedor son:<\/p>\n<p style=\"text-align: justify\">&#8211; Supervivencia de la empresa superior a 3 a\u00f1os.<\/p>\n<p style=\"text-align: justify\">&#8211; Cooperaci\u00f3n educativa con la Universidad.<\/p>\n<p style=\"text-align: justify\">&#8211; Solidaridad din\u00e1mica del emprendedor: difusi\u00f3n de su experiencia, participaci\u00f3n en jornadas de estimulaci\u00f3n para incentivar a otros estudiantes, etc.<\/p>\n<p style=\"text-align: justify\">&#8211; Participaci\u00f3n en actividades del PEU: jornadas, cursos, Certamen Innova-emprende, asesoramiento, etc.<\/p>\n<p style=\"text-align: justify\">&#8211; Proyecci\u00f3n empresarial: n\u00famero de puestos de trabajo creados, facturaci\u00f3n, etc.<\/p>\n<p style=\"text-align: justify\">\u00a0<\/p>\n<h2 style=\"text-align: justify\">\u00a0Premio &#8220;Emprendedor 5 Estrellas&#8221;<\/h2>\n<p style=\"text-align: justify\">\u00a0<\/p>\n<p style=\"text-align: justify\"><a href=\"http:\/\/luqentia.es\/informacion_corporativa.asp\"><img loading=\"lazy\" class=\"alignnone size-medium wp-image-876\" src=\"https:\/\/observatorio.umh.es\/files\/2011\/10\/lq.jpg\" alt=\"\" width=\"155\" height=\"72\" \/><\/a>\u00a0\u00a0\u00a0\u00a0 <a href=\"http:\/\/www.terrafecundis.com\/\"><img loading=\"lazy\" class=\"alignnone size-medium wp-image-877\" src=\"https:\/\/observatorio.umh.es\/files\/2011\/10\/terra-fecundis.jpg\" alt=\"\" width=\"155\" height=\"71\" \/><\/a>\u00a0\u00a0 <a href=\"https:\/\/observatorio.umh.es\/files\/2011\/10\/20110603164848_1668635.jpg\"><img loading=\"lazy\" class=\"alignnone size-medium wp-image-881\" src=\"https:\/\/observatorio.umh.es\/files\/2011\/10\/20110603164848_1668635.jpg\" alt=\"\" width=\"170\" height=\"69\" \/><\/a><a href=\"http:\/\/povedatelematica.com\/\"><\/a><\/p>\n<p style=\"text-align: justify\">\u00a0 Luqentia Ingenier\u00eda S.L.\u00a0\u00a0\u00a0\u00a0\u00a0\u00a0\u00a0\u00a0\u00a0\u00a0\u00a0 Terra Fecundis\u00a0\u00a0\u00a0\u00a0\u00a0\u00a0\u00a0\u00a0\u00a0\u00a0\u00a0\u00a0\u00a0\u00a0\u00a0\u00a0\u00a0\u00a0\u00a0\u00a0\u00a0 Poveda Telem\u00e1tica S.L.<\/p>\n<p style=\"text-align: justify\">\u00a0<\/p>\n<p style=\"text-align: justify\">\u00a0\u00a0\u00a0\u00a0\u00a0\u00a0\u00a0\u00a0\u00a0\u00a0\u00a0\u00a0\u00a0 \u00a0\u00a0\u00a0\u00a0\u00a0 <a href=\"http:\/\/www.qbsconsultora.es\/\"><img loading=\"lazy\" class=\"alignnone size-medium wp-image-879\" src=\"https:\/\/observatorio.umh.es\/files\/2011\/10\/qbs-consultora1.jpg\" alt=\"\" width=\"155\" height=\"75\" \/><\/a>\u00a0\u00a0\u00a0\u00a0\u00a0 <img loading=\"lazy\" class=\"alignnone size-medium wp-image-880\" src=\"https:\/\/observatorio.umh.es\/files\/2011\/10\/future-300x247.jpg\" alt=\"\" width=\"155\" height=\"75\" \/><\/p>\n<p style=\"text-align: justify\">\u00a0\u00a0\u00a0\u00a0\u00a0\u00a0\u00a0\u00a0\u00a0\u00a0\u00a0\u00a0\u00a0\u00a0\u00a0\u00a0\u00a0\u00a0\u00a0\u00a0 QBS Consultores\u00a0\u00a0\u00a0\u00a0\u00a0\u00a0\u00a0\u00a0\u00a0\u00a0\u00a0\u00a0\u00a0\u00a0\u00a0\u00a0\u00a0\u00a0\u00a0\u00a0Premio Protoemprendedor<\/p>\n<p style=\"text-align: justify\">\u00a0\u00a0\u00a0\u00a0\u00a0\u00a0\u00a0\u00a0\u00a0\u00a0\u00a0\u00a0\u00a0\u00a0\u00a0\u00a0\u00a0\u00a0\u00a0\u00a0\u00a0\u00a0\u00a0\u00a0\u00a0\u00a0\u00a0\u00a0\u00a0\u00a0\u00a0\u00a0\u00a0\u00a0\u00a0\u00a0\u00a0\u00a0\u00a0\u00a0\u00a0\u00a0\u00a0\u00a0\u00a0\u00a0\u00a0\u00a0\u00a0\u00a0\u00a0\u00a0\u00a0\u00a0\u00a0\u00a0\u00a0\u00a0\u00a0\u00a0\u00a0Por el proyecto &#8220;Future Advertising&#8221;<\/p>\n<p style=\"text-align: justify\">\u00a0<\/p>\n<p><\/p>\n<div class='bookmarkify'><a name='bookmarkify'><\/a><div class='linkbuttons'><a href='http:\/\/www.facebook.com\/share.php?u=https:\/\/observatorio.umh.es\/ca\/emprendedor-5-estrellas\/' title='Save to Facebook' onclick='target=\"_blank\";' rel='nofollow'><img src='https:\/\/observatorio.umh.es\/wp-content\/plugins\/bookmarkify\/facebook.png' style='width:16px; height:16px;' alt='[Facebook] ' \/><\/a> <a href='http:\/\/www.google.com\/bookmarks\/mark?op=edit&amp;output=popup&amp;bkmk=https:\/\/observatorio.umh.es\/ca\/emprendedor-5-estrellas\/&amp;title=&#8220;Emprendedor 5 Estrellas&#8221;' title='Save to Google Bookmarks' onclick='target=\"_blank\";' rel='nofollow'><img src='https:\/\/observatorio.umh.es\/wp-content\/plugins\/bookmarkify\/google.png' style='width:16px; height:16px;' alt='[Google] ' \/><\/a> <a href='http:\/\/twitter.com\/home\/?status=&#8220;Emprendedor 5 Estrellas&#8221;+https:\/\/observatorio.umh.es\/ca\/emprendedor-5-estrellas\/' title='Save to Twitter' onclick='target=\"_blank\";' rel='nofollow'><img src='https:\/\/observatorio.umh.es\/wp-content\/plugins\/bookmarkify\/twitter.png' style='width:16px; height:16px;' alt='[Twitter] ' \/><\/a> <\/div><\/div>","protected":false},"excerpt":{"rendered":"<p>En la \u00f3ptica de que los propios miembros del PEU generen inquietudes emprendedoras en los estudiantes, y sirvan de ejemplo para \u00e9stos, nace la distinci\u00f3n Emprendedor 5 estrellas.<br \/>\nLa figura del Emprendedor 5 estrellas surge como una actuaci\u00f3n innovadora, mediante la que se otorga un reconocimiento desde la UMH a determinadas empresas surgidas desde el Programa [&#8230;]<\/p>\n","protected":false},"author":445,"featured_media":0,"parent":0,"menu_order":0,"comment_status":"closed","ping_status":"closed","template":"","meta":{"_links_to":"","_links_to_target":""},"_links":{"self":[{"href":"https:\/\/observatorio.umh.es\/ca\/wp-json\/wp\/v2\/pages\/799"}],"collection":[{"href":"https:\/\/observatorio.umh.es\/ca\/wp-json\/wp\/v2\/pages"}],"about":[{"href":"https:\/\/observatorio.umh.es\/ca\/wp-json\/wp\/v2\/types\/page"}],"author":[{"embeddable":true,"href":"https:\/\/observatorio.umh.es\/ca\/wp-json\/wp\/v2\/users\/445"}],"replies":[{"embeddable":true,"href":"https:\/\/observatorio.umh.es\/ca\/wp-json\/wp\/v2\/comments?post=799"}],"version-history":[{"count":0,"href":"https:\/\/observatorio.umh.es\/ca\/wp-json\/wp\/v2\/pages\/799\/revisions"}],"wp:attachment":[{"href":"https:\/\/observatorio.umh.es\/ca\/wp-json\/wp\/v2\/media?parent=799"}],"curies":[{"name":"wp","href":"https:\/\/api.w.org\/{rel}","templated":true}]}}