{"id":794,"date":"2011-09-08T11:03:05","date_gmt":"2011-09-08T09:03:05","guid":{"rendered":"http:\/\/observatorio.zeus.umh.es\/?page_id=794"},"modified":"2013-11-26T18:41:16","modified_gmt":"2013-11-26T17:41:16","slug":"programa-consultores-para-universitarios","status":"publish","type":"page","link":"https:\/\/observatorio.umh.es\/ca\/programa-consultores-para-universitarios\/","title":{"rendered":"Programa &#8220;Consultores para Universitarios&#8221;"},"content":{"rendered":"<p><\/p>\n<p style=\"text-align: justify\"><a href=\"https:\/\/observatorio.umh.es\/files\/2011\/09\/logos-consultores-para-universitarios.png\"><\/a>El Programa de Emprendedores Universitarios pone a disposici\u00f3n de sus participantes esta iniciativa, que permite realizar consultas o asesoramiento espec\u00edfico de aspectos relacionados con el desarrollo del proyecto empresarial, o de la empresa reci\u00e9n creada, por miembros de la comunidad universitaria.<\/p>\n<p style=\"text-align: justify\">\u00a0<\/p>\n<p style=\"text-align: justify\">Con esta actuaci\u00f3n espec\u00edfica, la UMH brinda a sus emprendedores universitarios la posibilidad de recibir, actualmente de la mano de \u00a0importantes firmas de consultor\u00eda, un asesoramiento (sin coste) en diverso temas:<\/p>\n<p style=\"text-align: justify\">&#8211; Fiscal<\/p>\n<p style=\"text-align: justify\">&#8211; Laboral<\/p>\n<p style=\"text-align: justify\">&#8211; Mercantil<\/p>\n<p style=\"text-align: justify\">&#8211; Contable<\/p>\n<p style=\"text-align: justify\">&#8211; Financiero<\/p>\n<p style=\"text-align: justify\">&#8211; Bancario<\/p>\n<p style=\"text-align: justify\">&#8211; Comercial y de Marketing<\/p>\n<p style=\"text-align: justify\">&#8211; Productivo<\/p>\n<p style=\"text-align: justify\">&#8211; Tecnol\u00f3gico<\/p>\n<p style=\"text-align: justify\">&#8211; Estrat\u00e9gico<\/p>\n<p style=\"text-align: justify\">&#8211; Calidad<\/p>\n<p style=\"text-align: justify\">\u00a0<\/p>\n<p style=\"text-align: justify\">De esta manera, cuando un miembro de la comunidad universitaria con una necesidad concreta y con un proyecto empresarial vinculado al P.E.U. pueda necesitar una asesor\u00eda espec\u00edfica, lo pondr\u00e1 en conocimiento del Observatorio Ocupacional, que inmediatamente gestionar\u00e1 la ayuda de las firmas asociadas al Programa.<\/p>\n<p style=\"text-align: justify\">Las Entidades colaboradoras son las siguientes:<\/p>\n<p style=\"text-align: justify\">\u00a0<\/p>\n<p style=\"text-align: center\"><a href=\"https:\/\/observatorio.umh.es\/files\/2011\/09\/logos-consultores-para-universitarios.png\"><img loading=\"lazy\" class=\"size-medium wp-image-784 aligncenter\" src=\"https:\/\/observatorio.umh.es\/files\/2011\/09\/logos-consultores-para-universitarios-300x249.png\" alt=\"\" width=\"300\" height=\"249\" srcset=\"https:\/\/observatorio.umh.es\/files\/2011\/09\/logos-consultores-para-universitarios-300x249.png 300w, https:\/\/observatorio.umh.es\/files\/2011\/09\/logos-consultores-para-universitarios-1024x850.png 1024w, https:\/\/observatorio.umh.es\/files\/2011\/09\/logos-consultores-para-universitarios.png 1095w\" sizes=\"(max-width: 300px) 100vw, 300px\" \/><\/a><\/p>\n<p><\/p>\n<div class='bookmarkify'><a name='bookmarkify'><\/a><div class='linkbuttons'><a href='http:\/\/www.facebook.com\/share.php?u=https:\/\/observatorio.umh.es\/ca\/programa-consultores-para-universitarios\/' title='Save to Facebook' onclick='target=\"_blank\";' rel='nofollow'><img src='https:\/\/observatorio.umh.es\/wp-content\/plugins\/bookmarkify\/facebook.png' style='width:16px; height:16px;' alt='[Facebook] ' \/><\/a> <a href='http:\/\/www.google.com\/bookmarks\/mark?op=edit&amp;output=popup&amp;bkmk=https:\/\/observatorio.umh.es\/ca\/programa-consultores-para-universitarios\/&amp;title=Programa &#8220;Consultores para Universitarios&#8221;' title='Save to Google Bookmarks' onclick='target=\"_blank\";' rel='nofollow'><img src='https:\/\/observatorio.umh.es\/wp-content\/plugins\/bookmarkify\/google.png' style='width:16px; height:16px;' alt='[Google] ' \/><\/a> <a href='http:\/\/twitter.com\/home\/?status=Programa &#8220;Consultores para Universitarios&#8221;+https:\/\/observatorio.umh.es\/ca\/programa-consultores-para-universitarios\/' title='Save to Twitter' onclick='target=\"_blank\";' rel='nofollow'><img src='https:\/\/observatorio.umh.es\/wp-content\/plugins\/bookmarkify\/twitter.png' style='width:16px; height:16px;' alt='[Twitter] ' \/><\/a> <\/div><\/div>","protected":false},"excerpt":{"rendered":"<p>El Programa de Emprendedores Universitarios pone a disposici\u00f3n de sus participantes esta iniciativa, que permite realizar consultas o asesoramiento espec\u00edfico de aspectos relacionados con el desarrollo del proyecto empresarial, o de la empresa reci\u00e9n creada, por miembros de la comunidad universitaria.<br \/>\n\u00a0<br \/>\nCon esta actuaci\u00f3n espec\u00edfica, la UMH brinda a sus emprendedores universitarios la posibilidad de recibir, [&#8230;]<\/p>\n","protected":false},"author":445,"featured_media":0,"parent":0,"menu_order":0,"comment_status":"closed","ping_status":"closed","template":"","meta":{"_links_to":"","_links_to_target":""},"_links":{"self":[{"href":"https:\/\/observatorio.umh.es\/ca\/wp-json\/wp\/v2\/pages\/794"}],"collection":[{"href":"https:\/\/observatorio.umh.es\/ca\/wp-json\/wp\/v2\/pages"}],"about":[{"href":"https:\/\/observatorio.umh.es\/ca\/wp-json\/wp\/v2\/types\/page"}],"author":[{"embeddable":true,"href":"https:\/\/observatorio.umh.es\/ca\/wp-json\/wp\/v2\/users\/445"}],"replies":[{"embeddable":true,"href":"https:\/\/observatorio.umh.es\/ca\/wp-json\/wp\/v2\/comments?post=794"}],"version-history":[{"count":0,"href":"https:\/\/observatorio.umh.es\/ca\/wp-json\/wp\/v2\/pages\/794\/revisions"}],"wp:attachment":[{"href":"https:\/\/observatorio.umh.es\/ca\/wp-json\/wp\/v2\/media?parent=794"}],"curies":[{"name":"wp","href":"https:\/\/api.w.org\/{rel}","templated":true}]}}