{"id":792,"date":"2011-09-08T10:54:53","date_gmt":"2011-09-08T08:54:53","guid":{"rendered":"http:\/\/observatorio.zeus.umh.es\/?page_id=792"},"modified":"2011-11-30T16:42:13","modified_gmt":"2011-11-30T16:42:13","slug":"asesoramiento","status":"publish","type":"page","link":"https:\/\/observatorio.umh.es\/ca\/asesoramiento\/","title":{"rendered":"Asesoramiento"},"content":{"rendered":"<p><\/p>\n<p style=\"text-align: justify\"><a href=\"https:\/\/observatorio.umh.es\/files\/2011\/09\/asesoramiento-peu.png\"><img loading=\"lazy\" class=\"size-medium wp-image-804 alignleft\" src=\"https:\/\/observatorio.umh.es\/files\/2011\/09\/asesoramiento-peu-300x192.png\" alt=\"\" width=\"300\" height=\"192\" srcset=\"https:\/\/observatorio.umh.es\/files\/2011\/09\/asesoramiento-peu-300x192.png 300w, https:\/\/observatorio.umh.es\/files\/2011\/09\/asesoramiento-peu.png 631w\" sizes=\"(max-width: 300px) 100vw, 300px\" \/><\/a>Desde el Programa de Emprendedores Universitarios se ofrece asesoramiento gratuito para aclarar cualquier duda que pueda surgirle al emprendedor, tanto en el desarrollo de su idea, como en los primeros pasos de la empresa ya creada. El servicio de asesoramiento atiende dudas relativas a cualquier aspecto: tr\u00e1mites de constituci\u00f3n y puesta en marcha, elecci\u00f3n de la forma jur\u00eddica, o informaci\u00f3n sobre las ayudas y subvenciones existentes.<\/p>\n<p style=\"text-align: justify\">\u00a0<\/p>\n<p style=\"text-align: justify\">El servicio de asesoramiento pasa asimismo por el an\u00e1lisis de la viabilidad de la idea, por lo que se desarrolla un plan de negocio para, entre otros:<\/p>\n<p style=\"text-align: justify\">&#8211; Definir el mercado.<\/p>\n<p style=\"text-align: justify\">&#8211; Estimar costes.<\/p>\n<p style=\"text-align: justify\">&#8211; Marcar precios de venta.<\/p>\n<p style=\"text-align: justify\">&#8211; Elaborar un plan de marketing.<\/p>\n<p style=\"text-align: justify\">&#8211; Analizar la inversi\u00f3n a realizar.<\/p>\n<p style=\"text-align: justify\">\u00a0<\/p>\n<p style=\"text-align: justify\">Este servicio de asesoramiento trata de servir de apoyo a cualquier tipo de emprendedor, independientemente del desarrollo de su proyecto. De este modo, cualquier miembro de la comunidad universitaria que disponga de una idea, puede analizar su viabilidad mediante el desarrollo del citado plan de negocio, siendo acompa\u00f1ado en todo momento por los miembros del Programa de Emprendedores Universitarios. Estos le orientar\u00e1n en todas aquellas dudas que puedan surgirle, de modo que el posible a su idea de negocio.<\/p>\n<p style=\"text-align: justify\">\u00a0<\/p>\n<p style=\"text-align: justify\">\u00a0<\/p>\n<h3 class=\"MsoNormal\" style=\"margin: 0cm 0cm 10pt\"><a href=\"https:\/\/observatorio.umh.es\/category\/emprendedores\/convocatoria-para-emprendedores\/\" target=\"_self\">Consulta las \u00faltimas convocatorias para emprendedores<\/a><\/h3>\n<p class=\"MsoNormal\" style=\"margin: 0cm 0cm 10pt\">\u00a0<\/p>\n<p class=\"MsoNormal\" style=\"margin: 0cm 0cm 10pt\">\u00a0<\/p>\n<p class=\"MsoNormal\" style=\"margin: 0cm 0cm 10pt\">\u00a0<\/p>\n<p class=\"MsoNormal\" style=\"margin: 0cm 0cm 10pt\">\u00a0<\/p>\n<p class=\"MsoNormal\" style=\"margin: 0cm 0cm 10pt\">\u00a0<\/p>\n<p><\/p>\n<div class='bookmarkify'><a name='bookmarkify'><\/a><div class='linkbuttons'><a href='http:\/\/www.facebook.com\/share.php?u=https:\/\/observatorio.umh.es\/ca\/asesoramiento\/' title='Save to Facebook' onclick='target=\"_blank\";' rel='nofollow'><img src='https:\/\/observatorio.umh.es\/wp-content\/plugins\/bookmarkify\/facebook.png' style='width:16px; height:16px;' alt='[Facebook] ' \/><\/a> <a href='http:\/\/www.google.com\/bookmarks\/mark?op=edit&amp;output=popup&amp;bkmk=https:\/\/observatorio.umh.es\/ca\/asesoramiento\/&amp;title=Asesoramiento' title='Save to Google Bookmarks' onclick='target=\"_blank\";' rel='nofollow'><img src='https:\/\/observatorio.umh.es\/wp-content\/plugins\/bookmarkify\/google.png' style='width:16px; height:16px;' alt='[Google] ' \/><\/a> <a href='http:\/\/twitter.com\/home\/?status=Asesoramiento+https:\/\/observatorio.umh.es\/ca\/asesoramiento\/' title='Save to Twitter' onclick='target=\"_blank\";' rel='nofollow'><img src='https:\/\/observatorio.umh.es\/wp-content\/plugins\/bookmarkify\/twitter.png' style='width:16px; height:16px;' alt='[Twitter] ' \/><\/a> <\/div><\/div>","protected":false},"excerpt":{"rendered":"<p>Desde el Programa de Emprendedores Universitarios se ofrece asesoramiento gratuito para aclarar cualquier duda que pueda surgirle al emprendedor, tanto en el desarrollo de su idea, como en los primeros pasos de la empresa ya creada. El servicio de asesoramiento atiende dudas relativas a cualquier aspecto: tr\u00e1mites de constituci\u00f3n y puesta en marcha, elecci\u00f3n de [&#8230;]<\/p>\n","protected":false},"author":445,"featured_media":0,"parent":0,"menu_order":0,"comment_status":"closed","ping_status":"closed","template":"","meta":{"_links_to":"","_links_to_target":""},"_links":{"self":[{"href":"https:\/\/observatorio.umh.es\/ca\/wp-json\/wp\/v2\/pages\/792"}],"collection":[{"href":"https:\/\/observatorio.umh.es\/ca\/wp-json\/wp\/v2\/pages"}],"about":[{"href":"https:\/\/observatorio.umh.es\/ca\/wp-json\/wp\/v2\/types\/page"}],"author":[{"embeddable":true,"href":"https:\/\/observatorio.umh.es\/ca\/wp-json\/wp\/v2\/users\/445"}],"replies":[{"embeddable":true,"href":"https:\/\/observatorio.umh.es\/ca\/wp-json\/wp\/v2\/comments?post=792"}],"version-history":[{"count":0,"href":"https:\/\/observatorio.umh.es\/ca\/wp-json\/wp\/v2\/pages\/792\/revisions"}],"wp:attachment":[{"href":"https:\/\/observatorio.umh.es\/ca\/wp-json\/wp\/v2\/media?parent=792"}],"curies":[{"name":"wp","href":"https:\/\/api.w.org\/{rel}","templated":true}]}}