{"id":731,"date":"2011-08-02T10:13:45","date_gmt":"2011-08-02T08:13:45","guid":{"rendered":"http:\/\/observatorio.zeus.umh.es\/?page_id=731"},"modified":"2024-12-20T13:28:29","modified_gmt":"2024-12-20T12:28:29","slug":"certificado-aenor","status":"publish","type":"page","link":"https:\/\/observatorio.umh.es\/ca\/presentacion\/certificado-aenor\/","title":{"rendered":"Certificado AENOR"},"content":{"rendered":"<p><\/p>\n<p style=\"text-align: justify\"><a href=\"https:\/\/observatorio.umh.es\/files\/2011\/08\/500.png\"><\/a><a href=\"https:\/\/observatorio.umh.es\/files\/2011\/08\/logo-aenor-2.png\"><\/a><a href=\"https:\/\/observatorio.umh.es\/files\/2011\/08\/logo-iqnet.png\"><\/a>El Certificado <strong>AENOR <\/strong>es muestra del compromiso con la calidad que adquiere la UMH con sus empresas colaboradoras. Nuestro objetivo es servir de puente para la realizaci\u00f3n de pr\u00e1cticas de estudiantes en empresas e instituciones salvando el primer y dif\u00edcil paso de adquirir una experiencia, que sirva de aval al universitario en su futura incorporaci\u00f3n al mercado laboral.<\/p>\n<p style=\"text-align: justify\">\u00a0<\/p>\n<p style=\"text-align: justify\">El nuestro ha sido un importante paso que tiene como objetivo asegurar tanto a estudiantes como\u00a0 a empresas la ceerteza y garant\u00eda de un servicio de calidad.<\/p>\n<p>\u00a0<\/p>\n<p><a href=\"https:\/\/observatorio.umh.es\/files\/2011\/08\/500.png\"><img loading=\"lazy\" class=\"alignnone size-medium wp-image-732\" src=\"https:\/\/observatorio.umh.es\/files\/2011\/08\/500-211x300.png\" alt=\"\" width=\"148\" height=\"210\" srcset=\"https:\/\/observatorio.umh.es\/files\/2011\/08\/500-211x300.png 211w, https:\/\/observatorio.umh.es\/files\/2011\/08\/500-721x1024.png 721w, https:\/\/observatorio.umh.es\/files\/2011\/08\/500.png 796w\" sizes=\"(max-width: 148px) 100vw, 148px\" \/><\/a>\u00a0\u00a0\u00a0\u00a0\u00a0\u00a0\u00a0\u00a0\u00a0\u00a0\u00a0\u00a0 \u00a0 \u00a0 <a href=\"https:\/\/observatorio.umh.es\/files\/2011\/08\/logo-aenor-2.png\"><img loading=\"lazy\" class=\"alignnone size-medium wp-image-733\" src=\"https:\/\/observatorio.umh.es\/files\/2011\/08\/logo-aenor-2-180x300.png\" alt=\"\" width=\"126\" height=\"210\" srcset=\"https:\/\/observatorio.umh.es\/files\/2011\/08\/logo-aenor-2-180x300.png 180w, https:\/\/observatorio.umh.es\/files\/2011\/08\/logo-aenor-2-615x1024.png 615w, https:\/\/observatorio.umh.es\/files\/2011\/08\/logo-aenor-2.png 635w\" sizes=\"(max-width: 126px) 100vw, 126px\" \/><\/a>\u00a0\u00a0\u00a0\u00a0\u00a0\u00a0\u00a0\u00a0\u00a0\u00a0\u00a0 \u00a0\u00a0 <a href=\"https:\/\/observatorio.umh.es\/files\/2011\/08\/logo-iqnet.png\"><img loading=\"lazy\" class=\"alignnone size-medium wp-image-734\" src=\"https:\/\/observatorio.umh.es\/files\/2011\/08\/logo-iqnet.png\" alt=\"\" width=\"153\" height=\"155\" \/><\/a><\/p>\n<p><\/p>\n<div class='bookmarkify'><a name='bookmarkify'><\/a><div class='linkbuttons'><a href='http:\/\/www.facebook.com\/share.php?u=https:\/\/observatorio.umh.es\/ca\/presentacion\/certificado-aenor\/' title='Save to Facebook' onclick='target=\"_blank\";' rel='nofollow'><img src='https:\/\/observatorio.umh.es\/wp-content\/plugins\/bookmarkify\/facebook.png' style='width:16px; height:16px;' alt='[Facebook] ' \/><\/a> <a href='http:\/\/www.google.com\/bookmarks\/mark?op=edit&amp;output=popup&amp;bkmk=https:\/\/observatorio.umh.es\/ca\/presentacion\/certificado-aenor\/&amp;title=Certificado AENOR' title='Save to Google Bookmarks' onclick='target=\"_blank\";' rel='nofollow'><img src='https:\/\/observatorio.umh.es\/wp-content\/plugins\/bookmarkify\/google.png' style='width:16px; height:16px;' alt='[Google] ' \/><\/a> <a href='http:\/\/twitter.com\/home\/?status=Certificado AENOR+https:\/\/observatorio.umh.es\/ca\/presentacion\/certificado-aenor\/' title='Save to Twitter' onclick='target=\"_blank\";' rel='nofollow'><img src='https:\/\/observatorio.umh.es\/wp-content\/plugins\/bookmarkify\/twitter.png' style='width:16px; height:16px;' alt='[Twitter] ' \/><\/a> <\/div><\/div>","protected":false},"excerpt":{"rendered":"<p>El Certificado AENOR es muestra del compromiso con la calidad que adquiere la UMH con sus empresas colaboradoras. Nuestro objetivo es servir de puente para la realizaci\u00f3n de pr\u00e1cticas de estudiantes en empresas e instituciones salvando el primer y dif\u00edcil paso de adquirir una experiencia, que sirva de aval al universitario en su futura incorporaci\u00f3n [&#8230;]<\/p>\n","protected":false},"author":445,"featured_media":0,"parent":409,"menu_order":35,"comment_status":"closed","ping_status":"closed","template":"","meta":{"_links_to":"","_links_to_target":""},"_links":{"self":[{"href":"https:\/\/observatorio.umh.es\/ca\/wp-json\/wp\/v2\/pages\/731"}],"collection":[{"href":"https:\/\/observatorio.umh.es\/ca\/wp-json\/wp\/v2\/pages"}],"about":[{"href":"https:\/\/observatorio.umh.es\/ca\/wp-json\/wp\/v2\/types\/page"}],"author":[{"embeddable":true,"href":"https:\/\/observatorio.umh.es\/ca\/wp-json\/wp\/v2\/users\/445"}],"replies":[{"embeddable":true,"href":"https:\/\/observatorio.umh.es\/ca\/wp-json\/wp\/v2\/comments?post=731"}],"version-history":[{"count":0,"href":"https:\/\/observatorio.umh.es\/ca\/wp-json\/wp\/v2\/pages\/731\/revisions"}],"up":[{"embeddable":true,"href":"https:\/\/observatorio.umh.es\/ca\/wp-json\/wp\/v2\/pages\/409"}],"wp:attachment":[{"href":"https:\/\/observatorio.umh.es\/ca\/wp-json\/wp\/v2\/media?parent=731"}],"curies":[{"name":"wp","href":"https:\/\/api.w.org\/{rel}","templated":true}]}}