{"id":599,"date":"2011-06-21T11:54:53","date_gmt":"2011-06-21T10:54:53","guid":{"rendered":"http:\/\/observatorio.zeus.umh.es\/?page_id=599"},"modified":"2024-09-03T09:55:55","modified_gmt":"2024-09-03T07:55:55","slug":"modificar-condiciones-practica-existente","status":"publish","type":"page","link":"https:\/\/observatorio.umh.es\/ca\/estudiantes-bolsa-de-practicas\/practicas\/modificar-condiciones-practica-existente\/","title":{"rendered":"Modificar condiciones pr\u00e1ctica actual (adenda)"},"content":{"rendered":"<p><\/p>\n<h1>Instruccions per a l&#8217;emplenament<\/h1>\n<p>Per a documentar alguna modificaci\u00f3 d&#8217;una pr\u00e0ctica\u00a0que estigues realitzant\u00a0has d&#8217;emplenar una addenda.\u00a0L&#8217;addenda\u00a0\u00e9s un document que es\u00a0realitza una vegada est\u00e0 signat l&#8217;annex per les tres parts (Universitat, empresa i estudiant), per a introduir modificacions\u00a0en el\u00a0mateix.<\/p>\n<ul>\n<li>Pot utilitzar-se per a qualsevol canvi,\u00a0excepte per a ampliar el per\u00edode de pr\u00e0ctiques, que haur\u00e0 de realitzar-se renovant les pr\u00e0ctiques amb un\u00a0nou annex.<\/li>\n<li>Emplena-ho a ordinador (no es tramitar\u00e0 documentaci\u00f3 amb bol\u00edgraf)<\/li>\n<li>Dades incompletes, o erronis, poden donar lloc a la no tramitaci\u00f3<\/li>\n<li>Emplene nom\u00e9s els apartats que desitja modificar.<\/li>\n<li>Emplene els buits en gris segons el tipus de canvi que vulga formalitzar<\/li>\n<li>Indique en la columna \u201cDada anterior\u201d les dades originals recollits en l&#8217;annex que es va tramitar en el seu moment.<\/li>\n<li>Indique en la columna \u201cNou dada\u201d els nous valors que regiran el funcionament de la pr\u00e0ctica des del moment de gesti\u00f3 del document<\/li>\n<li>Ha d&#8217;indicar que ep\u00edgrafs desitja modificar en la deixant el valor \u201cSI\u201d o \u201cNO\u201d per a cada cas<\/li>\n<li>Quan es varie el nombre total d&#8217;hores de la pr\u00e0ctica haur\u00e0 d&#8217;indicar-se el total d&#8217;hores que es va acordar inicialment i el total d&#8217;hores despr\u00e9s del canvi.<br \/>\nL&#8217;addenda\u00a0ha d&#8217;imprimir-se per triplicat(igual que els annexos), i hauran de signar-se en original per l&#8217;empresa, incloent el segell d&#8217;aquesta, i per l&#8217;estudiant.<\/li>\n<li>Una vegada aconseguides les signatures i segell, les tres c\u00f2pies han de\u00a0remetre&#8217;s a l&#8217;Observatori Ocupacional personalment, per correu intern o per\u00a0correu ordinari.<\/li>\n<\/ul>\n<p>L&#8217;addenda\u00a0ha d&#8217;imprimir-se per triplicat\u00a0(igual que els annexos), i hauran de signar-se en original per l&#8217;empresa, incloent el segell d&#8217;aquesta, i per l&#8217;estudiant. Una vegada aconseguides les signatures i segell, les tres c\u00f2pies han de\u00a0remetre&#8217;s<\/p>\n<p>L&#8217;addenda\u00a0ha d&#8217;imprimir-se per triplicat(igual que els annexos), i hauran de signar-se en original per l&#8217;empresa, incloent el segell d&#8217;aquesta, i per l&#8217;estudiant. Una vegada aconseguides les signatures i segell, les tres c\u00f2pies han de\u00a0remetre&#8217;s a l&#8217;Observatori Ocupacional personalment, per correu intern o per\u00a0correu ordinari.<\/p>\n<h2>Consideracions:<\/h2>\n<p>CAP\u00c7ALERA: Has d&#8217;indicar les dades de l&#8217;annex, comprova el document original de la pr\u00e0ctica i c\u00f2pia les dades que falten en aquesta plantilla.<\/p>\n<p>ADDENDA A l&#8217;ANNEX N\u00fam. \u00a0\u00a0\u00a0\u00a0\u00a0 DEL CONVENI DE COL\u00b7LABORACI\u00d3 ENTRE Nom empresa I LA UNIVERSITAT MIGUEL HERN\u00c1NDEZ D&#8217;ELX PER A PROGRAMES DE COOPERACI\u00d3 EDUCATIVA de data Data conveni<\/p>\n<p>Nom de l&#8217;estudiant, ha d&#8217;identificar a continuaci\u00f3 el nom de l&#8217;estudiant i el de l&#8217;entitat:<\/p>\n<p>Mitjan\u00e7ant la present Addenda, les parts signants acorden una modificaci\u00f3 de les condicions de la pr\u00e0ctica que est\u00e0 realitzant el\/la estudiant Cognoms i nomene estudiant en l&#8217;entitat Nom entitat.<\/p>\n<p>(A) Canvis de per\u00edode: no es permet modificacions de pr\u00e0ctiques per a canviar la data d&#8217;inici de les pr\u00e0ctiques amb car\u00e0cter retroactiu.<br \/>\n(A) Canvis de per\u00edode: La data de fi no excedir\u00e0 la data de fi de curs acad\u00e8mic en el qual es van iniciar les pr\u00e0ctiques (30 de setembre)<br \/>\n(A) Canvis de per\u00edode: En cas d&#8217;escur\u00e7ar el per\u00edode de pr\u00e0ctiques i que l&#8217;empresa haja abonat el segur i les despeses administratives d&#8217;algun mes en qu\u00e8 no vages a realitzar pr\u00e0ctiques, podr\u00e0 sol\u00b7licitar la devoluci\u00f3 de l&#8217;import corresponent adjuntant el justificant de l&#8217;ingr\u00e9s, l&#8217;addenda i un n\u00famero de compte on desitge que se li ingresse l&#8217;import.<br \/>\n(B) Horaris: No es permeten amb car\u00e0cter general horaris que impliquen m\u00e9s de 8 hores di\u00e0ries o 40 setmanals.<br \/>\n(C) Canvis de bossa d&#8217;ajuda econ\u00f2mica a l&#8217;estudiant, si la pr\u00e0ctica passa a dotar-se de qualsevol quantitat econ\u00f2mica diner\u00e0ria o en esp\u00e8cie, procedir\u00e0 l&#8217;alta en la Seguretat Social com assimilat a treballador per compte d&#8217;altri. En aquests casos el procediment ser\u00e0 finalitzar anticipadament l&#8217;annex amb pr\u00e0ctiques no remunerades i generar un nou annex de pr\u00e0ctiques amb la quantitat a aportar per l&#8217;entitat. M\u00e9s informaci\u00f3 sobre pr\u00e0ctiques remunerades en: https:\/\/observatorio.umh.es\/empresas\/informacion\/informacion-fiscal-y-tributaria-solo-para-el-caso-de-practicas-remuneradas-a-estudiantes\/<br \/>\n(D) (E) Canvis de tutor. Les variacions de les persones vinculades a la tutoritzaci\u00f3 de les pr\u00e0ctiques han de detallar-se perqu\u00e8 els tutors puguen comunicar-se en un moment donat i poder remetre&#8217;ls els informes i requeriments per a l&#8217;avaluaci\u00f3 d&#8217;aquestes.<br \/>\n(F) La modificaci\u00f3 de tasques, haur\u00e0 de ser conforme amb els estudis que estiga matriculat l&#8217;estudiant.<br \/>\n(G) La tipologia de canvis \u201caltres\u201d, no pot contravindre cap de les disposicions anteriors, les disposicions generals, o acords de major rang.<br \/>\n(H) Si desitja indicar que la pr\u00e0ctica signada finalment no es va executar, fa\u00e7a-ho constar en l&#8217;\u00faltim apartat indicant un SI en el text corresponent en aqueix cas el document anterior quedar\u00e0 totalment sense efecte.<\/p>\n<p>Has d&#8217;emplenar tots els camps, passant de l&#8217;un a l&#8217;altre utilitzant el tabulador. Si no recordes alguna dada, pots preguntar-lo per mail: observatorio@umh.es.<br \/>\nDades incompletes, o erronis, poden donar lloc a la no tramitaci\u00f3.<\/p>\n<h2>Descarregue el model d&#8217;adenda<\/h2>\n<p style=\"text-align: center\"><a href=\"https:\/\/observatorio.umh.es\/files\/2020\/03\/F11-11-Modelo-de-Adenda-firma-vestudiantes.docx\">F11-11-Modelo-de-Adenda-firma-vestudiantes<\/a><\/p>\n<p><a href=\"https:\/\/observatorio.umh.es\/files\/2020\/03\/F11-11-Modelo-de-Adenda-firma-vestudiantes.docx\"><img loading=\"lazy\" class=\"aligncenter wp-image-5959 size-thumbnail\" src=\"https:\/\/observatorio.umh.es\/files\/2011\/08\/Imagen1-150x150.jpg\" alt=\"\" width=\"150\" height=\"150\" \/><\/a><\/p>\n<h2>Pr\u00e0ctiques internes<\/h2>\n<p>\u2013 Per a un canvi de condicions en una pr\u00e0ctica interna (en departaments, \u00e0rees o serveis de la Universitat Miguel Hern\u00e1ndez), enviar mail a: observatorio1@umh.es<\/p>\n<h2>PROTECCI\u00d3 DE DADES:<\/h2>\n<p>Els signants ACCEPTEN i donen el seu consentiment expr\u00e9s al fet que en compliment del que es disposa en el REGLAMENT (UE) 2016\/679 del Parlament Europeu i del Consell, de 27 d&#8217;abril de 2016, relatiu a la protecci\u00f3 de les persones f\u00edsiques pel que fa al tractament de dades personals i a la lliure circulaci\u00f3 d&#8217;aquestes dades, les dades personals continguts en aquesta inst\u00e0ncia, aix\u00ed com en la documentaci\u00f3 que s&#8217;adjunta per a participar en la present convocat\u00f2ria siguen tractats per l&#8217;OBSERVATORI OCUPACIONAL d&#8217;aquesta Universitat, amb l&#8217;\u00fanica finalitat de tramitar, gestionar i resoldre la sol\u00b7licitud de participaci\u00f3 conforme al procediment establit en aquesta. D&#8217;acord amb el que es preveu en la citada normativa, pot exercitar els drets d&#8217;acc\u00e9s, rectificaci\u00f3, oposici\u00f3, supressi\u00f3, portabilitat i limitaci\u00f3 del tractament quant a les dades facilitades, dirigint un escrit a: Universitat Miguel Hern\u00e1ndez d&#8217;Elx, Servei Jur\u00eddic, a l&#8217;atenci\u00f3 del Delegat de Protecci\u00f3 de Dades, Edifici Rectorat i Consell Social, Av. de la Universitat S\/N, 03202, Elx-Alacant. Aix\u00ed mateix, t\u00e9 dret a recaptar la tutela de l&#8217;Ag\u00e8ncia Espanyola de Protecci\u00f3 de Dades a trav\u00e9s de la seua p\u00e0gina web www.agpd.es.<\/p>\n<div class='bookmarkify'><a name='bookmarkify'><\/a><div class='linkbuttons'><a href='http:\/\/www.facebook.com\/share.php?u=https:\/\/observatorio.umh.es\/ca\/estudiantes-bolsa-de-practicas\/practicas\/modificar-condiciones-practica-existente\/' title='Save to Facebook' onclick='target=\"_blank\";' rel='nofollow'><img src='https:\/\/observatorio.umh.es\/wp-content\/plugins\/bookmarkify\/facebook.png' style='width:16px; height:16px;' alt='[Facebook] ' \/><\/a> <a href='http:\/\/www.google.com\/bookmarks\/mark?op=edit&amp;output=popup&amp;bkmk=https:\/\/observatorio.umh.es\/ca\/estudiantes-bolsa-de-practicas\/practicas\/modificar-condiciones-practica-existente\/&amp;title=Modificar condiciones pr\u00e1ctica actual (adenda)' title='Save to Google Bookmarks' onclick='target=\"_blank\";' rel='nofollow'><img src='https:\/\/observatorio.umh.es\/wp-content\/plugins\/bookmarkify\/google.png' style='width:16px; height:16px;' alt='[Google] ' \/><\/a> <a href='http:\/\/twitter.com\/home\/?status=Modificar condiciones pr\u00e1ctica actual (adenda)+https:\/\/observatorio.umh.es\/ca\/estudiantes-bolsa-de-practicas\/practicas\/modificar-condiciones-practica-existente\/' title='Save to Twitter' onclick='target=\"_blank\";' rel='nofollow'><img src='https:\/\/observatorio.umh.es\/wp-content\/plugins\/bookmarkify\/twitter.png' style='width:16px; height:16px;' alt='[Twitter] ' \/><\/a> <\/div><\/div>","protected":false},"excerpt":{"rendered":"<p>Instruccions per a l&#8217;emplenament<br \/>\nPer a documentar alguna modificaci\u00f3 d&#8217;una pr\u00e0ctica\u00a0que estigues realitzant\u00a0has d&#8217;emplenar una addenda.\u00a0L&#8217;addenda\u00a0\u00e9s un document que es\u00a0realitza una vegada est\u00e0 signat l&#8217;annex per les tres parts (Universitat, empresa i estudiant), per a introduir modificacions\u00a0en el\u00a0mateix.<\/p>\n<p>Pot utilitzar-se per a qualsevol canvi,\u00a0excepte per a ampliar el per\u00edode de pr\u00e0ctiques, que haur\u00e0 de realitzar-se renovant les [&#8230;]<\/p>\n","protected":false},"author":445,"featured_media":0,"parent":441,"menu_order":25,"comment_status":"closed","ping_status":"closed","template":"","meta":{"_links_to":"","_links_to_target":""},"_links":{"self":[{"href":"https:\/\/observatorio.umh.es\/ca\/wp-json\/wp\/v2\/pages\/599"}],"collection":[{"href":"https:\/\/observatorio.umh.es\/ca\/wp-json\/wp\/v2\/pages"}],"about":[{"href":"https:\/\/observatorio.umh.es\/ca\/wp-json\/wp\/v2\/types\/page"}],"author":[{"embeddable":true,"href":"https:\/\/observatorio.umh.es\/ca\/wp-json\/wp\/v2\/users\/445"}],"replies":[{"embeddable":true,"href":"https:\/\/observatorio.umh.es\/ca\/wp-json\/wp\/v2\/comments?post=599"}],"version-history":[{"count":0,"href":"https:\/\/observatorio.umh.es\/ca\/wp-json\/wp\/v2\/pages\/599\/revisions"}],"up":[{"embeddable":true,"href":"https:\/\/observatorio.umh.es\/ca\/wp-json\/wp\/v2\/pages\/441"}],"wp:attachment":[{"href":"https:\/\/observatorio.umh.es\/ca\/wp-json\/wp\/v2\/media?parent=599"}],"curies":[{"name":"wp","href":"https:\/\/api.w.org\/{rel}","templated":true}]}}