{"id":5519,"date":"2016-11-14T10:55:38","date_gmt":"2016-11-14T09:55:38","guid":{"rendered":"http:\/\/observatorio.umh.es\/?page_id=5519"},"modified":"2018-07-24T13:56:23","modified_gmt":"2018-07-24T11:56:23","slug":"5519-2","status":"publish","type":"page","link":"https:\/\/observatorio.umh.es\/ca\/5519-2\/","title":{"rendered":"<span lang=\"es\">(Espa\u00f1ol) Informaci\u00f3n tras solicitud de estudiantes en pr\u00e1cticas<\/span>"},"content":{"rendered":"<p class=\"qtranxs-available-languages-message qtranxs-available-languages-message-ca\">Ho sentim, aquesta entrada es troba disponible \u00fanicament en <a href=\"https:\/\/observatorio.umh.es\/es\/wp-json\/wp\/v2\/pages\/5519\" class=\"qtranxs-available-language-link qtranxs-available-language-link-es\" title=\"Espa\u00f1ol\">Espanyol Europeu<\/a>.<\/p>","protected":false},"excerpt":{"rendered":"<p>Ho sentim, aquesta entrada es troba disponible \u00fanicament en Espanyol Europeu.<\/p>\n","protected":false},"author":55,"featured_media":0,"parent":0,"menu_order":0,"comment_status":"closed","ping_status":"closed","template":"","meta":{"_links_to":"","_links_to_target":""},"_links":{"self":[{"href":"https:\/\/observatorio.umh.es\/ca\/wp-json\/wp\/v2\/pages\/5519"}],"collection":[{"href":"https:\/\/observatorio.umh.es\/ca\/wp-json\/wp\/v2\/pages"}],"about":[{"href":"https:\/\/observatorio.umh.es\/ca\/wp-json\/wp\/v2\/types\/page"}],"author":[{"embeddable":true,"href":"https:\/\/observatorio.umh.es\/ca\/wp-json\/wp\/v2\/users\/55"}],"replies":[{"embeddable":true,"href":"https:\/\/observatorio.umh.es\/ca\/wp-json\/wp\/v2\/comments?post=5519"}],"version-history":[{"count":0,"href":"https:\/\/observatorio.umh.es\/ca\/wp-json\/wp\/v2\/pages\/5519\/revisions"}],"wp:attachment":[{"href":"https:\/\/observatorio.umh.es\/ca\/wp-json\/wp\/v2\/media?parent=5519"}],"curies":[{"name":"wp","href":"https:\/\/api.w.org\/{rel}","templated":true}]}}