{"id":5509,"date":"2016-11-08T09:42:40","date_gmt":"2016-11-08T08:42:40","guid":{"rendered":"http:\/\/observatorio.umh.es\/?page_id=5509"},"modified":"2026-03-03T14:46:28","modified_gmt":"2026-03-03T13:46:28","slug":"informacion-para-responsables-de-titulacion","status":"publish","type":"page","link":"https:\/\/observatorio.umh.es\/ca\/personal-umh-paspdi\/responsables-de-titulacion-y-practicas-curriculares\/informacion-para-responsables-de-titulacion\/","title":{"rendered":"<span lang=\"es\">(Espa\u00f1ol) Informaci\u00f3n para responsables de titulaci\u00f3n<\/span>"},"content":{"rendered":"<p class=\"qtranxs-available-languages-message qtranxs-available-languages-message-ca\">Ho sentim, aquesta entrada es troba disponible \u00fanicament en <a href=\"https:\/\/observatorio.umh.es\/es\/wp-json\/wp\/v2\/pages\/5509\" class=\"qtranxs-available-language-link qtranxs-available-language-link-es\" title=\"Espa\u00f1ol\">Espanyol Europeu<\/a>.<\/p>","protected":false},"excerpt":{"rendered":"<p>Ho sentim, aquesta entrada es troba disponible \u00fanicament en Espanyol Europeu.<\/p>\n","protected":false},"author":55,"featured_media":0,"parent":5490,"menu_order":0,"comment_status":"closed","ping_status":"closed","template":"","meta":{"_links_to":"","_links_to_target":""},"_links":{"self":[{"href":"https:\/\/observatorio.umh.es\/ca\/wp-json\/wp\/v2\/pages\/5509"}],"collection":[{"href":"https:\/\/observatorio.umh.es\/ca\/wp-json\/wp\/v2\/pages"}],"about":[{"href":"https:\/\/observatorio.umh.es\/ca\/wp-json\/wp\/v2\/types\/page"}],"author":[{"embeddable":true,"href":"https:\/\/observatorio.umh.es\/ca\/wp-json\/wp\/v2\/users\/55"}],"replies":[{"embeddable":true,"href":"https:\/\/observatorio.umh.es\/ca\/wp-json\/wp\/v2\/comments?post=5509"}],"version-history":[{"count":0,"href":"https:\/\/observatorio.umh.es\/ca\/wp-json\/wp\/v2\/pages\/5509\/revisions"}],"up":[{"embeddable":true,"href":"https:\/\/observatorio.umh.es\/ca\/wp-json\/wp\/v2\/pages\/5490"}],"wp:attachment":[{"href":"https:\/\/observatorio.umh.es\/ca\/wp-json\/wp\/v2\/media?parent=5509"}],"curies":[{"name":"wp","href":"https:\/\/api.w.org\/{rel}","templated":true}]}}