{"id":5490,"date":"2016-11-02T14:28:33","date_gmt":"2016-11-02T13:28:33","guid":{"rendered":"http:\/\/observatorio.umh.es\/?page_id=5490"},"modified":"2026-03-11T13:04:00","modified_gmt":"2026-03-11T12:04:00","slug":"responsables-de-titulacion-y-practicas-curriculares","status":"publish","type":"page","link":"https:\/\/observatorio.umh.es\/ca\/personal-umh-paspdi\/responsables-de-titulacion-y-practicas-curriculares\/","title":{"rendered":"Responsables de t\u00edtols i pr\u00e0ctiques curriculars"},"content":{"rendered":"<p>Una de les funcions que desenvolupa\u00a0l&#8217;Observatori Ocupacional \u00e9s auxiliar als centres i\u00a0t\u00edtols en la mejora de l&#8217;empleabilitat dels seus estudiants, gesti\u00f3 administrativa de les pr\u00e0ctiques acad\u00e8miques externes curriculars i extracurriculars que realitzaran els seus estudiants.<\/p>\n<blockquote>\n<ul>\n<li><a href=\"https:\/\/observatorio.umh.es\/personal-umh-paspdi\/responsables-de-titulacion-y-practicas-curriculares\/informacion-para-responsables-de-titulacion\/\">Informaci\u00f3 a responsables de t\u00edtols sobre els\u00a0estudis que gestionen en mat\u00e8ria de pr\u00e0ctiques\u00a0i<\/a>\u00a0treball<\/li>\n<li><a href=\"https:\/\/observatorio.umh.es\/personal-umh-paspdi\/responsables-de-titulacion-y-practicas-curriculares\/practicas-academicas-externas-curriculares\/\">Informaci\u00f3 a responsables d&#8217;asignatures de pr\u00e0ctiques externes<\/a><\/li>\n<li><a href=\"https:\/\/observatorio.umh.es\/personal-umh-paspdi\/responsables-de-titulacion-y-practicas-curriculares\/retencion-de-credito-a-aplicar-a-titulos-autofinanciados-por-la-realizacion-de-practicas-en-concepto-de-seguridad-social\/\">Retenci\u00f3 de cr\u00e8dit a aplicar a t\u00edtols autofinan\u00e7ats per la realitzaci\u00f3 de pr\u00e0ctiques en concepte de Seguretat Social.<\/a><\/li>\n<\/ul>\n<\/blockquote>\n<p><\/p>\n<div class='bookmarkify'><a name='bookmarkify'><\/a><div class='linkbuttons'><a href='http:\/\/www.facebook.com\/share.php?u=https:\/\/observatorio.umh.es\/ca\/personal-umh-paspdi\/responsables-de-titulacion-y-practicas-curriculares\/' title='Save to Facebook' onclick='target=\"_blank\";' rel='nofollow'><img src='https:\/\/observatorio.umh.es\/wp-content\/plugins\/bookmarkify\/facebook.png' style='width:16px; height:16px;' alt='[Facebook] ' \/><\/a> <a href='http:\/\/www.google.com\/bookmarks\/mark?op=edit&amp;output=popup&amp;bkmk=https:\/\/observatorio.umh.es\/ca\/personal-umh-paspdi\/responsables-de-titulacion-y-practicas-curriculares\/&amp;title=Responsables de t\u00edtols i pr\u00e0ctiques curriculars' title='Save to Google Bookmarks' onclick='target=\"_blank\";' rel='nofollow'><img src='https:\/\/observatorio.umh.es\/wp-content\/plugins\/bookmarkify\/google.png' style='width:16px; height:16px;' alt='[Google] ' \/><\/a> <a href='http:\/\/twitter.com\/home\/?status=Responsables de t\u00edtols i pr\u00e0ctiques curriculars+https:\/\/observatorio.umh.es\/ca\/personal-umh-paspdi\/responsables-de-titulacion-y-practicas-curriculares\/' title='Save to Twitter' onclick='target=\"_blank\";' rel='nofollow'><img src='https:\/\/observatorio.umh.es\/wp-content\/plugins\/bookmarkify\/twitter.png' style='width:16px; height:16px;' alt='[Twitter] ' \/><\/a> <\/div><\/div>","protected":false},"excerpt":{"rendered":"<p>Una de les funcions que desenvolupa\u00a0l&#8217;Observatori Ocupacional \u00e9s auxiliar als centres i\u00a0t\u00edtols en la mejora de l&#8217;empleabilitat dels seus estudiants, gesti\u00f3 administrativa de les pr\u00e0ctiques acad\u00e8miques externes curriculars i extracurriculars que realitzaran els seus estudiants.<\/p>\n<p>Informaci\u00f3 a responsables de t\u00edtols sobre els\u00a0estudis que gestionen en mat\u00e8ria de pr\u00e0ctiques\u00a0i\u00a0treball<br \/>\nInformaci\u00f3 a responsables d&#8217;asignatures de pr\u00e0ctiques externes<br \/>\nRetenci\u00f3 de cr\u00e8dit [&#8230;]<\/p>\n","protected":false},"author":55,"featured_media":0,"parent":5455,"menu_order":2,"comment_status":"closed","ping_status":"closed","template":"","meta":{"_links_to":"","_links_to_target":""},"_links":{"self":[{"href":"https:\/\/observatorio.umh.es\/ca\/wp-json\/wp\/v2\/pages\/5490"}],"collection":[{"href":"https:\/\/observatorio.umh.es\/ca\/wp-json\/wp\/v2\/pages"}],"about":[{"href":"https:\/\/observatorio.umh.es\/ca\/wp-json\/wp\/v2\/types\/page"}],"author":[{"embeddable":true,"href":"https:\/\/observatorio.umh.es\/ca\/wp-json\/wp\/v2\/users\/55"}],"replies":[{"embeddable":true,"href":"https:\/\/observatorio.umh.es\/ca\/wp-json\/wp\/v2\/comments?post=5490"}],"version-history":[{"count":0,"href":"https:\/\/observatorio.umh.es\/ca\/wp-json\/wp\/v2\/pages\/5490\/revisions"}],"up":[{"embeddable":true,"href":"https:\/\/observatorio.umh.es\/ca\/wp-json\/wp\/v2\/pages\/5455"}],"wp:attachment":[{"href":"https:\/\/observatorio.umh.es\/ca\/wp-json\/wp\/v2\/media?parent=5490"}],"curies":[{"name":"wp","href":"https:\/\/api.w.org\/{rel}","templated":true}]}}