{"id":5455,"date":"2016-10-25T12:37:37","date_gmt":"2016-10-25T10:37:37","guid":{"rendered":"http:\/\/observatorio.umh.es\/?page_id=5455"},"modified":"2022-01-25T14:16:10","modified_gmt":"2022-01-25T13:16:10","slug":"personal-umh-paspdi","status":"publish","type":"page","link":"https:\/\/observatorio.umh.es\/ca\/personal-umh-paspdi\/","title":{"rendered":"Personal UMH (PAS\/PDI)"},"content":{"rendered":"<p>Estes p\u00e0gines recullen\u00a0la informaci\u00f3 de les accions m\u00e1s habituals que realitza el personal de la UMH, tant\u00a0siga\u00a0PDI como PAS, en relaci\u00f3 a l&#8217;Observatorio Ocupacional. Concretament, \u00a0podr\u00e0 trobar\u00a0informaci\u00f3 sobre:<\/p>\n<blockquote>\n<ul>\n<li><a href=\"https:\/\/observatorio.umh.es\/personal-umh-paspdi\/programa-de-practicas-internas\/\"><strong>Programa de pr\u00e0ctiques internes<\/strong>: <\/a>requeriments y tr\u00e0mits necessaris per que estudiants de la UMH realitzen pr\u00e0ctiques a\u00a0les distintes unitats, departaments i\u00a0servicis de la Universitat.<\/li>\n<li><a href=\"https:\/\/observatorio.umh.es\/personal-umh-paspdi\/informacion-para-tutores-academicos\/\"><strong>Informaci\u00f3 per al tutor acad\u00e8mic<\/strong><\/a>: funcions, drets, deures, informaci\u00f3 sobre processos d&#8217;avaluaci\u00f3,&#8230;<\/li>\n<li><strong><a href=\"https:\/\/observatorio.umh.es\/personal-umh-paspdi\/practicas-clinicas-en-cc-de-la-salud\/\">Pr\u00e0ctiques Cl\u00edniques de Ci\u00e8ncies de la Salu<\/a>t<\/strong>: informaci\u00f3 per l&#8217;aplicaci\u00f3 del Protocol de Tutors de Pr\u00e0ctiques Cl\u00edniques, aix\u00ed\u00a0com detalls sobre el procedimient i\u00a0documentaci\u00f3 associada.<\/li>\n<li><a href=\"https:\/\/observatorio.umh.es\/personal-umh-paspdi\/protocolo-incorporacion-de-estudiantes-en-practicas-de-otras-entidades-en-la-umh\/\"><strong>Protocol d&#8217;incorporaci\u00f3 d&#8217;estudiants en pr\u00e0ctiques d&#8217;altres\u00a0entitats en la UMH<\/strong><\/a>: Informaci\u00f3 sobre como ha de\u00a0tratar-se la realitzaci\u00f3 de pr\u00e0ctiques per part d&#8217;estudiants d&#8217;altres\u00a0centres educatius a las depend\u00e8ncies de la UMH.<\/li>\n<li><strong><a href=\"https:\/\/observatorio.umh.es\/personal-umh-paspdi\/responsables-de-titulacion-y-practicas-curriculares\/\">Asist\u00e8ncia a\u00a0responsables d&#8217;estudis:<\/a> I<\/strong>nformaci\u00f3 de que servicis i recolzaments\u00a0tenen\u00a0els\u00a0responsables de titulaci\u00f3 en mat\u00e8ria de treball i pr\u00e0ctiques.<\/li>\n<\/ul>\n<\/blockquote>\n<p><\/p>\n<div class='bookmarkify'><a name='bookmarkify'><\/a><div class='linkbuttons'><a href='http:\/\/www.facebook.com\/share.php?u=https:\/\/observatorio.umh.es\/ca\/personal-umh-paspdi\/' title='Save to Facebook' onclick='target=\"_blank\";' rel='nofollow'><img src='https:\/\/observatorio.umh.es\/wp-content\/plugins\/bookmarkify\/facebook.png' style='width:16px; height:16px;' alt='[Facebook] ' \/><\/a> <a href='http:\/\/www.google.com\/bookmarks\/mark?op=edit&amp;output=popup&amp;bkmk=https:\/\/observatorio.umh.es\/ca\/personal-umh-paspdi\/&amp;title=Personal UMH (PAS\/PDI)' title='Save to Google Bookmarks' onclick='target=\"_blank\";' rel='nofollow'><img src='https:\/\/observatorio.umh.es\/wp-content\/plugins\/bookmarkify\/google.png' style='width:16px; height:16px;' alt='[Google] ' \/><\/a> <a href='http:\/\/twitter.com\/home\/?status=Personal UMH (PAS\/PDI)+https:\/\/observatorio.umh.es\/ca\/personal-umh-paspdi\/' title='Save to Twitter' onclick='target=\"_blank\";' rel='nofollow'><img src='https:\/\/observatorio.umh.es\/wp-content\/plugins\/bookmarkify\/twitter.png' style='width:16px; height:16px;' alt='[Twitter] ' \/><\/a> <\/div><\/div>","protected":false},"excerpt":{"rendered":"<p>Estes p\u00e0gines recullen\u00a0la informaci\u00f3 de les accions m\u00e1s habituals que realitza el personal de la UMH, tant\u00a0siga\u00a0PDI como PAS, en relaci\u00f3 a l&#8217;Observatorio Ocupacional. Concretament, \u00a0podr\u00e0 trobar\u00a0informaci\u00f3 sobre:<\/p>\n<p>Programa de pr\u00e0ctiques internes: requeriments y tr\u00e0mits necessaris per que estudiants de la UMH realitzen pr\u00e0ctiques a\u00a0les distintes unitats, departaments i\u00a0servicis de la Universitat.<br \/>\nInformaci\u00f3 per al tutor acad\u00e8mic: [&#8230;]<\/p>\n","protected":false},"author":55,"featured_media":0,"parent":0,"menu_order":5,"comment_status":"closed","ping_status":"closed","template":"","meta":{"_links_to":"","_links_to_target":""},"_links":{"self":[{"href":"https:\/\/observatorio.umh.es\/ca\/wp-json\/wp\/v2\/pages\/5455"}],"collection":[{"href":"https:\/\/observatorio.umh.es\/ca\/wp-json\/wp\/v2\/pages"}],"about":[{"href":"https:\/\/observatorio.umh.es\/ca\/wp-json\/wp\/v2\/types\/page"}],"author":[{"embeddable":true,"href":"https:\/\/observatorio.umh.es\/ca\/wp-json\/wp\/v2\/users\/55"}],"replies":[{"embeddable":true,"href":"https:\/\/observatorio.umh.es\/ca\/wp-json\/wp\/v2\/comments?post=5455"}],"version-history":[{"count":0,"href":"https:\/\/observatorio.umh.es\/ca\/wp-json\/wp\/v2\/pages\/5455\/revisions"}],"wp:attachment":[{"href":"https:\/\/observatorio.umh.es\/ca\/wp-json\/wp\/v2\/media?parent=5455"}],"curies":[{"name":"wp","href":"https:\/\/api.w.org\/{rel}","templated":true}]}}