{"id":5410,"date":"2016-10-05T11:48:16","date_gmt":"2016-10-05T09:48:16","guid":{"rendered":"http:\/\/observatorio.umh.es\/?page_id=5410"},"modified":"2023-03-08T10:42:20","modified_gmt":"2023-03-08T09:42:20","slug":"certificado-de-delitos-sexuales","status":"publish","type":"page","link":"https:\/\/observatorio.umh.es\/ca\/estudiantes-bolsa-de-practicas\/practicas\/dyd\/certificado-de-delitos-sexuales\/","title":{"rendered":"Certificat de delictes sexuals"},"content":{"rendered":"<p><strong>Subjecci\u00f3:<\/strong><\/p>\n<p>Amb l&#8217;entrada en vigor de la a Llei Org\u00e0nica 1\/1996, de protecci\u00f3 jur\u00eddica del menor, modificada per la Llei 26\/2015 i la Llei 45\/2015, de voluntariat estableixen l&#8217;obligaci\u00f3 que s&#8217;aportin certificats negatius del Registre Central de Delinq\u00fcents Sexuals per a tots els professionals i voluntaris que treballen en contacte habitual amb menors.<\/p>\n<p>L&#8217;Ag\u00e8ncia Espanyola de Protecci\u00f3 de Dades en el seu informe 0401\/2015 interpreta que per considerar &#8220;treball habitual amb menors&#8221;, cal que el lloc de treball impliqui per la seva pr\u00f2pia naturalesa i ess\u00e8ncia, un contacte habitual amb menors, sent els menors els destinataris principals del servei prestat. No sent necessari presentar el certificat en aquelles professions que, tenint un contacte habitual amb el p\u00fablic en general, entre els quals poden trobar-se menors d&#8217;edat, no estiguin per la seva naturalesa exclusivament destinats a un p\u00fablic menor d&#8217;edat.<\/p>\n<p>El criteri predominant \u00e9s que els estudiants en pr\u00e0ctiques tamb\u00e9 estan obligats a aix\u00f2.<\/p>\n<p><strong>Sol\u00b7licitud<\/strong><\/p>\n<p>Per obtenir-lo per aquest mitj\u00e0, cal disposar d&#8217;un certificat electr\u00f2nic i accedir a la seu electr\u00f2nica del Ministeri de Just\u00edcia. La seu electr\u00f2nica del Ministeri de Just\u00edcia permet qualsevol certificat electr\u00f2nic de la plataforma @firma, el DNI-e i Cl @ veu PIN. L&#8217;obtenci\u00f3 d&#8217;un d&#8217;aquests sistemes d&#8217;identificaci\u00f3 electr\u00f2nica li permet aconseguir els certificats de delictes de naturalesa sexual de forma r\u00e0pida i senzilla, aix\u00ed com la realitzaci\u00f3 d&#8217;altres tr\u00e0mits amb l&#8217;Administraci\u00f3.<\/p>\n<p>A la UMH es pot obtenir el certificat electr\u00f2nic en els CEGECA i l&#8217;oficina del Registre General. El procediment detallat de sol\u00b7licitud est\u00e0 en aquest enlla\u00e7: https:\/\/registro.umh.es\/presentacion\/certificados-digitales\/<\/p>\n<p><strong>Estrangers<\/strong><\/p>\n<p>Si el sol\u00b7licitant no \u00e9s espanyol, a m\u00e9s del certificat del Registre Central de Delinq\u00fcents Sexuals per poder &#8220;treballar habitualment&#8221; amb menors d&#8217;aportar un certificat del seu pa\u00eds de nacionalitat en el qual s&#8217;informi de la manca de delictes de car\u00e0cter sexual.<\/p>\n<p><strong>Enlla\u00e7os:<\/strong><\/p>\n<p>Ministeri de Just\u00edcia: Certificat de Delictes de Naturalesa Sexual (Informaci\u00f3)<br \/>\nMinisteri de Just\u00edcia: Certificat de Delictes de Naturalesa Sexual (Sol\u00b7licitud)<br \/>\nEmissi\u00f3 de certificats digitals en la UMH (requisit per poder obtenir el Certificat de Delictes de Natura Sexual a trav\u00e9s de la seu electr\u00f2nica del Ministeri)<\/p>\n<div class='bookmarkify'><a name='bookmarkify'><\/a><div class='linkbuttons'><a href='http:\/\/www.facebook.com\/share.php?u=https:\/\/observatorio.umh.es\/ca\/estudiantes-bolsa-de-practicas\/practicas\/dyd\/certificado-de-delitos-sexuales\/' title='Save to Facebook' onclick='target=\"_blank\";' rel='nofollow'><img src='https:\/\/observatorio.umh.es\/wp-content\/plugins\/bookmarkify\/facebook.png' style='width:16px; height:16px;' alt='[Facebook] ' \/><\/a> <a href='http:\/\/www.google.com\/bookmarks\/mark?op=edit&amp;output=popup&amp;bkmk=https:\/\/observatorio.umh.es\/ca\/estudiantes-bolsa-de-practicas\/practicas\/dyd\/certificado-de-delitos-sexuales\/&amp;title=Certificat de delictes sexuals' title='Save to Google Bookmarks' onclick='target=\"_blank\";' rel='nofollow'><img src='https:\/\/observatorio.umh.es\/wp-content\/plugins\/bookmarkify\/google.png' style='width:16px; height:16px;' alt='[Google] ' \/><\/a> <a href='http:\/\/twitter.com\/home\/?status=Certificat de delictes sexuals+https:\/\/observatorio.umh.es\/ca\/estudiantes-bolsa-de-practicas\/practicas\/dyd\/certificado-de-delitos-sexuales\/' title='Save to Twitter' onclick='target=\"_blank\";' rel='nofollow'><img src='https:\/\/observatorio.umh.es\/wp-content\/plugins\/bookmarkify\/twitter.png' style='width:16px; height:16px;' alt='[Twitter] ' \/><\/a> <\/div><\/div>","protected":false},"excerpt":{"rendered":"<p>Subjecci\u00f3:<br \/>\nAmb l&#8217;entrada en vigor de la a Llei Org\u00e0nica 1\/1996, de protecci\u00f3 jur\u00eddica del menor, modificada per la Llei 26\/2015 i la Llei 45\/2015, de voluntariat estableixen l&#8217;obligaci\u00f3 que s&#8217;aportin certificats negatius del Registre Central de Delinq\u00fcents Sexuals per a tots els professionals i voluntaris que treballen en contacte habitual amb menors.<br \/>\nL&#8217;Ag\u00e8ncia Espanyola de Protecci\u00f3 [&#8230;]<\/p>\n","protected":false},"author":55,"featured_media":0,"parent":3359,"menu_order":2,"comment_status":"closed","ping_status":"closed","template":"","meta":{"_links_to":"","_links_to_target":""},"_links":{"self":[{"href":"https:\/\/observatorio.umh.es\/ca\/wp-json\/wp\/v2\/pages\/5410"}],"collection":[{"href":"https:\/\/observatorio.umh.es\/ca\/wp-json\/wp\/v2\/pages"}],"about":[{"href":"https:\/\/observatorio.umh.es\/ca\/wp-json\/wp\/v2\/types\/page"}],"author":[{"embeddable":true,"href":"https:\/\/observatorio.umh.es\/ca\/wp-json\/wp\/v2\/users\/55"}],"replies":[{"embeddable":true,"href":"https:\/\/observatorio.umh.es\/ca\/wp-json\/wp\/v2\/comments?post=5410"}],"version-history":[{"count":0,"href":"https:\/\/observatorio.umh.es\/ca\/wp-json\/wp\/v2\/pages\/5410\/revisions"}],"up":[{"embeddable":true,"href":"https:\/\/observatorio.umh.es\/ca\/wp-json\/wp\/v2\/pages\/3359"}],"wp:attachment":[{"href":"https:\/\/observatorio.umh.es\/ca\/wp-json\/wp\/v2\/media?parent=5410"}],"curies":[{"name":"wp","href":"https:\/\/api.w.org\/{rel}","templated":true}]}}