{"id":492,"date":"2011-06-14T12:39:54","date_gmt":"2011-06-14T10:39:54","guid":{"rendered":"http:\/\/observatorio.zeus.umh.es\/?page_id=492"},"modified":"2026-04-14T10:43:55","modified_gmt":"2026-04-14T08:43:55","slug":"jornadas-de-empleo","status":"publish","type":"page","link":"https:\/\/observatorio.umh.es\/ca\/cursos-y-jornadas\/jornadas-de-empleo\/","title":{"rendered":"Jornadas de Empleo"},"content":{"rendered":"<p><\/p>\n<p style=\"text-align: justify\"><strong>\u00a1Ven a las Jornadas de Empleo y aprende qu\u00e9 buscan las empresas!<\/strong><\/p>\n<p style=\"text-align: justify\">El Observatorio Ocupacional organiza desde sus inicios las Jornadas de Empleo, que vienen a reforzar la colaboraci\u00f3n entre la universidad y las empresas en materia de empleo. Las Jornadas se realizan individualmente para cada titulaci\u00f3n o \u00e1rea de conocimiento, de forma que el contacto entre empresa y estudiante es m\u00e1s cercano e interesante. A continuaci\u00f3n te indicamos las Jornadas de Empleo programadas para el este curso 2019\/20:<\/p>\n<table width=\"604\">\n<tbody>\n<tr>\n<td width=\"76\"><strong>Fecha<\/strong><\/td>\n<td width=\"400\"><strong>Titulaci\u00f3n<\/strong><\/td>\n<td width=\"120\"><strong>Horario<\/strong><\/td>\n<\/tr>\n<tr>\n<td>5\/2\/2020<\/td>\n<td width=\"400\">Fisioterapia<\/td>\n<td width=\"120\">Ma\u00f1ana<\/td>\n<\/tr>\n<tr>\n<td>13\/2\/2020<\/td>\n<td width=\"400\">EPSE<\/td>\n<td width=\"120\">Ma\u00f1ana<\/td>\n<\/tr>\n<tr>\n<td>14\/2\/2020<\/td>\n<td width=\"400\">CAFD<\/td>\n<td width=\"120\">Ma\u00f1ana<\/td>\n<\/tr>\n<tr>\n<td>18\/2\/2020<\/td>\n<td width=\"400\">Biotecnolog\u00eda<\/td>\n<td width=\"120\">Tarde<\/td>\n<\/tr>\n<tr>\n<td>21\/2\/2020<\/td>\n<td width=\"400\">Terapia Ocupacional<\/td>\n<td width=\"120\">Ma\u00f1ana<\/td>\n<\/tr>\n<tr>\n<td>27\/2\/2020<\/td>\n<td width=\"400\">Podolog\u00eda<\/td>\n<td width=\"120\">Ma\u00f1ana<\/td>\n<\/tr>\n<tr>\n<td>3\/3\/2020<\/td>\n<td width=\"400\">Ciencias Ambientales<\/td>\n<td width=\"120\">Tarde<\/td>\n<\/tr>\n<tr>\n<td>5\/3\/2020<\/td>\n<td width=\"400\">EPSO<\/td>\n<td width=\"120\">Tarde<\/td>\n<\/tr>\n<tr>\n<td>10\/3\/2020<\/td>\n<td width=\"400\">CCSSJJ Orihuela<\/td>\n<td width=\"120\">Tarde<\/td>\n<\/tr>\n<tr>\n<td>12\/3\/2020<\/td>\n<td width=\"400\">Periodismo y Comunicaci\u00f3n Audiovisual<\/td>\n<td width=\"120\">Ma\u00f1ana<\/td>\n<\/tr>\n<tr>\n<td>18\/3\/2020<\/td>\n<td width=\"400\">Derecho y DADE<\/td>\n<td width=\"120\">Ma\u00f1ana<\/td>\n<\/tr>\n<tr>\n<td>24\/3\/2020<\/td>\n<td width=\"400\">RRLL y RRHH<\/td>\n<td width=\"120\">Ma\u00f1ana<\/td>\n<\/tr>\n<tr>\n<td>1\/4\/2020<\/td>\n<td width=\"400\">ADE-DADE Elche &#8211; Estad\u00edstica Empresarial<\/td>\n<td width=\"120\">Ma\u00f1ana<\/td>\n<\/tr>\n<tr>\n<td>8\/5\/2020<\/td>\n<td width=\"400\">Farmacia<\/td>\n<td width=\"120\">Pdte.<\/td>\n<\/tr>\n<tr>\n<td>Pdte.<\/td>\n<td width=\"400\">Psicolog\u00eda<\/td>\n<td width=\"120\">Pdte.<\/td>\n<\/tr>\n<\/tbody>\n<\/table>\n<p style=\"text-align: justify\">En <a href=\"http:\/\/empleate.umh.es\/videos\/\">empleate.umh.es<\/a> y en nuestro <a href=\"https:\/\/www.youtube.com\/user\/observatorioumh\">canal de Youtube<\/a> tienes disponible los v\u00eddeos de las mesas redondas de forma \u00edntegra -tanto de empresas como de titulados- y las presentaciones llevadas a cabo por el Observatorio Ocupacional. Tambi\u00e9n puedes consultar las im\u00e1genes de las Jornadas en nuestro <a href=\"http:\/\/www.flickr.com\/photos\/observatorioumh\/sets\/\">canal de Flickr<\/a> y los d\u00edpticos informativos de <a href=\"https:\/\/observatorio.umh.es\/jornadas-de-empleo-de-cursos-anteriores\/\">ediciones anteriores de las Jornadas de Empleo:<\/a><\/p>\n<p><span data-mce-type=\"bookmark\" style=\"width: 0px;overflow: hidden;line-height: 0\" class=\"mce_SELRES_start\">\ufeff<\/span><span data-mce-type=\"bookmark\" style=\"width: 0px;overflow: hidden;line-height: 0\" class=\"mce_SELRES_start\">\ufeff<\/span><span data-mce-type=\"bookmark\" style=\"width: 0px;overflow: hidden;line-height: 0\" class=\"mce_SELRES_start\">\ufeff<\/span><\/p>\n<div class='bookmarkify'><a name='bookmarkify'><\/a><div class='linkbuttons'><a href='http:\/\/www.facebook.com\/share.php?u=https:\/\/observatorio.umh.es\/ca\/cursos-y-jornadas\/jornadas-de-empleo\/' title='Save to Facebook' onclick='target=\"_blank\";' rel='nofollow'><img src='https:\/\/observatorio.umh.es\/wp-content\/plugins\/bookmarkify\/facebook.png' style='width:16px; height:16px;' alt='[Facebook] ' \/><\/a> <a href='http:\/\/www.google.com\/bookmarks\/mark?op=edit&amp;output=popup&amp;bkmk=https:\/\/observatorio.umh.es\/ca\/cursos-y-jornadas\/jornadas-de-empleo\/&amp;title=Jornadas de Empleo' title='Save to Google Bookmarks' onclick='target=\"_blank\";' rel='nofollow'><img src='https:\/\/observatorio.umh.es\/wp-content\/plugins\/bookmarkify\/google.png' style='width:16px; height:16px;' alt='[Google] ' \/><\/a> <a href='http:\/\/twitter.com\/home\/?status=Jornadas de Empleo+https:\/\/observatorio.umh.es\/ca\/cursos-y-jornadas\/jornadas-de-empleo\/' title='Save to Twitter' onclick='target=\"_blank\";' rel='nofollow'><img src='https:\/\/observatorio.umh.es\/wp-content\/plugins\/bookmarkify\/twitter.png' style='width:16px; height:16px;' alt='[Twitter] ' \/><\/a> <\/div><\/div>","protected":false},"excerpt":{"rendered":"<p>\u00a1Ven a las Jornadas de Empleo y aprende qu\u00e9 buscan las empresas!<br \/>\nEl Observatorio Ocupacional organiza desde sus inicios las Jornadas de Empleo, que vienen a reforzar la colaboraci\u00f3n entre la universidad y las empresas en materia de empleo. Las Jornadas se realizan individualmente para cada titulaci\u00f3n o \u00e1rea de conocimiento, de forma que el contacto [&#8230;]<\/p>\n","protected":false},"author":445,"featured_media":0,"parent":438,"menu_order":20,"comment_status":"closed","ping_status":"closed","template":"","meta":{"_links_to":"","_links_to_target":""},"_links":{"self":[{"href":"https:\/\/observatorio.umh.es\/ca\/wp-json\/wp\/v2\/pages\/492"}],"collection":[{"href":"https:\/\/observatorio.umh.es\/ca\/wp-json\/wp\/v2\/pages"}],"about":[{"href":"https:\/\/observatorio.umh.es\/ca\/wp-json\/wp\/v2\/types\/page"}],"author":[{"embeddable":true,"href":"https:\/\/observatorio.umh.es\/ca\/wp-json\/wp\/v2\/users\/445"}],"replies":[{"embeddable":true,"href":"https:\/\/observatorio.umh.es\/ca\/wp-json\/wp\/v2\/comments?post=492"}],"version-history":[{"count":0,"href":"https:\/\/observatorio.umh.es\/ca\/wp-json\/wp\/v2\/pages\/492\/revisions"}],"up":[{"embeddable":true,"href":"https:\/\/observatorio.umh.es\/ca\/wp-json\/wp\/v2\/pages\/438"}],"wp:attachment":[{"href":"https:\/\/observatorio.umh.es\/ca\/wp-json\/wp\/v2\/media?parent=492"}],"curies":[{"name":"wp","href":"https:\/\/api.w.org\/{rel}","templated":true}]}}