{"id":477,"date":"2011-06-14T12:25:51","date_gmt":"2011-06-14T10:25:51","guid":{"rendered":"http:\/\/observatorio.zeus.umh.es\/?page_id=477"},"modified":"2021-02-01T11:35:22","modified_gmt":"2021-02-01T10:35:22","slug":"informacion","status":"publish","type":"page","link":"https:\/\/observatorio.umh.es\/ca\/empresas\/informacion\/","title":{"rendered":"Informaci\u00f3n de inter\u00e9s"},"content":{"rendered":"<p><\/p>\n<p style=\"text-align: justify\">La Universidad, por medio del Observatorio Ocupacional, ofrece a sus estudiantes la posibilidad de adquirir experiencia t\u00e9cnica y profesional relacionada con sus estudios mediante la realizaci\u00f3n de pr\u00e1cticas en empresas e instituciones. Todo ello permite a los estudiantes aplicar sus conocimientos en un contexto real, a la vez que ajustar sus actitudes y conocimientos al medio laboral. Por otra parte, las empresas se benefician de los conocimientos de \u00e9stos alumnos, al mismo tiempo que sirve como proceso previo de selecci\u00f3n, para un posible futuro contrato laboral.<\/p>\n<p style=\"text-align: justify\">\u00a0Beneficios:<\/p>\n<p style=\"text-align: justify\">1. La posibilidad de realizar estudios que la empresa considera necesarios e interesantes y que no puede realizar por la ausencia del personal adecuado o la falta de tiempo.<\/p>\n<p style=\"text-align: justify\">2. Constituye uno de los medios m\u00e1s id\u00f3neos y econ\u00f3micos de disponer de personas capacitadas y formadas para realizar cualquier tipo de trabajo acorde con su formaci\u00f3n.<\/p>\n<p style=\"text-align: justify\">3. Sirve como un proceso \u00f3ptimo de selecci\u00f3n previo para un futuro contrato laboral, no basado en la intuici\u00f3n ni en tests puntuales sino en una prueba real y prolongada que permite verificar la formaci\u00f3n y cualidades del candidato.<\/p>\n<p style=\"text-align: justify\">4. Obtener una visi\u00f3n de la empresa por una persona formada y capacitada ajena a la misma, y por tanto sin los sesgos que toda organizaci\u00f3n puede generar en sus trabajadores.<\/p>\n<p style=\"text-align: justify\">5. La empresa ampl\u00eda su esfera de relaci\u00f3n, lo que genera un mejor conocimiento de la misma en su entorno, favoreciendo nuevas posibilidades de actuaci\u00f3n.<\/p>\n<p style=\"text-align: justify\">6. Colabora con la sociedad facilitando y mejorando la formaci\u00f3n pr\u00e1ctica de los estudiantes, lo que revierte en una mejora en la capacitaci\u00f3n de los futuros directivos y profesionales.<\/p>\n<p style=\"text-align: justify\">7. Cubrir m\u00e1s correctamente sus necesidades futuras de profesionales preparados, favoreci\u00e9ndose su competitividad en el mercado.<\/p>\n<p style=\"text-align: justify\">\u00a0<\/p>\n<p style=\"text-align: justify\">\u00a0<\/p>\n<p><\/p>\n<div class='bookmarkify'><a name='bookmarkify'><\/a><div class='linkbuttons'><a href='http:\/\/www.facebook.com\/share.php?u=https:\/\/observatorio.umh.es\/ca\/empresas\/informacion\/' title='Save to Facebook' onclick='target=\"_blank\";' rel='nofollow'><img src='https:\/\/observatorio.umh.es\/wp-content\/plugins\/bookmarkify\/facebook.png' style='width:16px; height:16px;' alt='[Facebook] ' \/><\/a> <a href='http:\/\/www.google.com\/bookmarks\/mark?op=edit&amp;output=popup&amp;bkmk=https:\/\/observatorio.umh.es\/ca\/empresas\/informacion\/&amp;title=Informaci\u00f3n de inter\u00e9s' title='Save to Google Bookmarks' onclick='target=\"_blank\";' rel='nofollow'><img src='https:\/\/observatorio.umh.es\/wp-content\/plugins\/bookmarkify\/google.png' style='width:16px; height:16px;' alt='[Google] ' \/><\/a> <a href='http:\/\/twitter.com\/home\/?status=Informaci\u00f3n de inter\u00e9s+https:\/\/observatorio.umh.es\/ca\/empresas\/informacion\/' title='Save to Twitter' onclick='target=\"_blank\";' rel='nofollow'><img src='https:\/\/observatorio.umh.es\/wp-content\/plugins\/bookmarkify\/twitter.png' style='width:16px; height:16px;' alt='[Twitter] ' \/><\/a> <\/div><\/div>","protected":false},"excerpt":{"rendered":"<p>La Universidad, por medio del Observatorio Ocupacional, ofrece a sus estudiantes la posibilidad de adquirir experiencia t\u00e9cnica y profesional relacionada con sus estudios mediante la realizaci\u00f3n de pr\u00e1cticas en empresas e instituciones. Todo ello permite a los estudiantes aplicar sus conocimientos en un contexto real, a la vez que ajustar sus actitudes y conocimientos al [&#8230;]<\/p>\n","protected":false},"author":445,"featured_media":0,"parent":436,"menu_order":1,"comment_status":"closed","ping_status":"closed","template":"","meta":{"_links_to":"","_links_to_target":""},"_links":{"self":[{"href":"https:\/\/observatorio.umh.es\/ca\/wp-json\/wp\/v2\/pages\/477"}],"collection":[{"href":"https:\/\/observatorio.umh.es\/ca\/wp-json\/wp\/v2\/pages"}],"about":[{"href":"https:\/\/observatorio.umh.es\/ca\/wp-json\/wp\/v2\/types\/page"}],"author":[{"embeddable":true,"href":"https:\/\/observatorio.umh.es\/ca\/wp-json\/wp\/v2\/users\/445"}],"replies":[{"embeddable":true,"href":"https:\/\/observatorio.umh.es\/ca\/wp-json\/wp\/v2\/comments?post=477"}],"version-history":[{"count":0,"href":"https:\/\/observatorio.umh.es\/ca\/wp-json\/wp\/v2\/pages\/477\/revisions"}],"up":[{"embeddable":true,"href":"https:\/\/observatorio.umh.es\/ca\/wp-json\/wp\/v2\/pages\/436"}],"wp:attachment":[{"href":"https:\/\/observatorio.umh.es\/ca\/wp-json\/wp\/v2\/media?parent=477"}],"curies":[{"name":"wp","href":"https:\/\/api.w.org\/{rel}","templated":true}]}}