{"id":414,"date":"2011-06-14T09:15:30","date_gmt":"2011-06-14T07:15:30","guid":{"rendered":"http:\/\/observatorio.zeus.umh.es\/?page_id=414"},"modified":"2019-05-09T10:08:53","modified_gmt":"2019-05-09T08:08:53","slug":"catalogo-de-servicios","status":"publish","type":"page","link":"https:\/\/observatorio.umh.es\/ca\/presentacion\/catalogo-de-servicios\/","title":{"rendered":"Cat\u00e1logo de Servicios"},"content":{"rendered":"<p><\/p>\n<p><p style=\"text-align: justify\">El Observatorio Ocupacional se encarga de transmitir informaci\u00f3n sobre el mercado de trabajo, ayudando a la inserci\u00f3n laboral de los universitaarios mediante diversos programa de actuaci\u00f3n\u00a0y facilitando la realizaci\u00f3n de pr\u00e1cticas en empresas. Sus objetivos se resumen en:\u00a0aumentar el nivel de empleabilidad de los\u00a0titulados y realizar estudios de mercado laboral.<\/p>\n<p style=\"text-align: justify\">Todas las actividades de informaci\u00f3n, organizaci\u00f3n, planificaci\u00f3n y asesoramiento que desarrolla se materializan en diferentes programas que se anuncian a continuaci\u00f3n:<\/p>\n<p>&#8211; Programa de Pr\u00e1cticas Internas.<\/p>\n<p>&#8211; La Mejor Pr\u00e1ctica del Mundo.<\/p>\n<p>&#8211; Programa Hermes.<\/p>\n<p>&#8211; Programa de Emprendedores Universitarios (PEU).<\/p>\n<p>&#8211; Club \u00c9xito.<\/p>\n<p>&#8211; Programa Mentoring.<\/p>\n<p>&#8211; Programa C\u00e1mara &#8211; UMH, entre otros.<\/p>\n<p style=\"text-align: justify\">A continuaci\u00f3n\u00a0encontrar\u00e1s una gu\u00eda f\u00e1cil con\u00a0toda la informaci\u00f3n relacionada con empresas colaboradoras y programas que ofrece el Observatorio Ocupacional.<\/p>\n<p style=\"text-align: center\"><a href=\"https:\/\/observatorio.umh.es\/files\/2011\/06\/catalogo-de-servicos-de-6000-empresas1.pdf\" target=\"_self\"><img loading=\"lazy\" class=\"size-medium wp-image-501 aligncenter\" style=\"border: black 2px solid\" src=\"https:\/\/observatorio.umh.es\/files\/2011\/06\/6000-211x300.gif\" alt=\"\" width=\"211\" height=\"300\" srcset=\"https:\/\/observatorio.umh.es\/files\/2011\/06\/6000-211x300.gif 211w, https:\/\/observatorio.umh.es\/files\/2011\/06\/6000.gif 427w\" sizes=\"(max-width: 211px) 100vw, 211px\" \/><\/a><\/p>\n<p style=\"text-align: center\">Ver <a href=\"https:\/\/observatorio.umh.es\/files\/2011\/06\/catalogo-de-servicos-de-6000-empresas1.pdf\" target=\"_blank\">pdf<\/a><\/p>\n<\/p>\n<p><\/p>\n<div class='bookmarkify'><a name='bookmarkify'><\/a><div class='linkbuttons'><a href='http:\/\/www.facebook.com\/share.php?u=https:\/\/observatorio.umh.es\/ca\/presentacion\/catalogo-de-servicios\/' title='Save to Facebook' onclick='target=\"_blank\";' rel='nofollow'><img src='https:\/\/observatorio.umh.es\/wp-content\/plugins\/bookmarkify\/facebook.png' style='width:16px; height:16px;' alt='[Facebook] ' \/><\/a> <a href='http:\/\/www.google.com\/bookmarks\/mark?op=edit&amp;output=popup&amp;bkmk=https:\/\/observatorio.umh.es\/ca\/presentacion\/catalogo-de-servicios\/&amp;title=Cat\u00e1logo de Servicios' title='Save to Google Bookmarks' onclick='target=\"_blank\";' rel='nofollow'><img src='https:\/\/observatorio.umh.es\/wp-content\/plugins\/bookmarkify\/google.png' style='width:16px; height:16px;' alt='[Google] ' \/><\/a> <a href='http:\/\/twitter.com\/home\/?status=Cat\u00e1logo de Servicios+https:\/\/observatorio.umh.es\/ca\/presentacion\/catalogo-de-servicios\/' title='Save to Twitter' onclick='target=\"_blank\";' rel='nofollow'><img src='https:\/\/observatorio.umh.es\/wp-content\/plugins\/bookmarkify\/twitter.png' style='width:16px; height:16px;' alt='[Twitter] ' \/><\/a> <\/div><\/div>","protected":false},"excerpt":{"rendered":"<p>El Observatorio Ocupacional se encarga de transmitir informaci\u00f3n sobre el mercado de trabajo, ayudando a la inserci\u00f3n laboral de los universitaarios mediante diversos programa de actuaci\u00f3n\u00a0y facilitando la realizaci\u00f3n de pr\u00e1cticas en empresas. Sus objetivos se resumen en:\u00a0aumentar el nivel de empleabilidad de los\u00a0titulados y realizar estudios de mercado laboral.<br \/>\nTodas las actividades de informaci\u00f3n, organizaci\u00f3n, [&#8230;]<\/p>\n","protected":false},"author":445,"featured_media":0,"parent":409,"menu_order":20,"comment_status":"closed","ping_status":"closed","template":"","meta":{"_links_to":"","_links_to_target":""},"_links":{"self":[{"href":"https:\/\/observatorio.umh.es\/ca\/wp-json\/wp\/v2\/pages\/414"}],"collection":[{"href":"https:\/\/observatorio.umh.es\/ca\/wp-json\/wp\/v2\/pages"}],"about":[{"href":"https:\/\/observatorio.umh.es\/ca\/wp-json\/wp\/v2\/types\/page"}],"author":[{"embeddable":true,"href":"https:\/\/observatorio.umh.es\/ca\/wp-json\/wp\/v2\/users\/445"}],"replies":[{"embeddable":true,"href":"https:\/\/observatorio.umh.es\/ca\/wp-json\/wp\/v2\/comments?post=414"}],"version-history":[{"count":0,"href":"https:\/\/observatorio.umh.es\/ca\/wp-json\/wp\/v2\/pages\/414\/revisions"}],"up":[{"embeddable":true,"href":"https:\/\/observatorio.umh.es\/ca\/wp-json\/wp\/v2\/pages\/409"}],"wp:attachment":[{"href":"https:\/\/observatorio.umh.es\/ca\/wp-json\/wp\/v2\/media?parent=414"}],"curies":[{"name":"wp","href":"https:\/\/api.w.org\/{rel}","templated":true}]}}