{"id":2841,"date":"2013-09-25T19:43:24","date_gmt":"2013-09-25T17:43:24","guid":{"rendered":"http:\/\/observatorio.umh.es\/?page_id=2841"},"modified":"2025-05-13T17:08:56","modified_gmt":"2025-05-13T15:08:56","slug":"instrucciones-solicitud-practicas-internas","status":"publish","type":"page","link":"https:\/\/observatorio.umh.es\/ca\/estudiantes-bolsa-de-practicas\/practicas\/instrucciones-solicitud-practicas-internas\/","title":{"rendered":"<span lang=\"es\">(Espa\u00f1ol) Pr\u00e1cticas internas remuneradas<\/span>"},"content":{"rendered":"<p><\/p>\n<p style=\"text-align: justify\">Las presentes instrucciones se aplicaran a las <b>pr\u00e1cticas internas remuneradas<\/b> realizadas en los\u00a0Departamentos, Institutos, Centros, Servicios o Unidades de la propia UMH.<\/p>\n<p><i>a)\u00a0\u00a0\u00a0 <\/i><strong><i><span style=\"text-decoration: underline\">DOCUMENTACI\u00d3N<\/span><\/i><\/strong><\/p>\n<p style=\"text-align: justify\">Seg\u00fan <a href=\"https:\/\/observatorio.umh.es\/files\/2013\/09\/Anexo-XXV-Normas-Ejecuci\u00f3n-Presupuesto-2015.pdf\" target=\"_blank\" rel=\"noopener noreferrer\">Anexo XXV de las Normas de Ejecuci\u00f3n del Presupuesto para 2015<\/a>, se presentar\u00e1 en el Observatorio Ocupacional, <b>con 15 d\u00edas de antelaci\u00f3n<\/b> al inicio de las pr\u00e1cticas, la siguiente documentaci\u00f3n:<\/p>\n<ol>\n<li style=\"text-align: justify\"><b>Anexo de pr\u00e1cticas <\/b>por triplicado, firmado y sellado por el responsable del Departamento\/Centro\/Servicio\/Unidad y firmado por el\/la estudiante (se genera a trav\u00e9s de <a href=\"http:\/\/universite.umh.es\/obsocup-gestion\/paginas\/estudiantes\/practicas1a1\/inicio.asp\" target=\"_blank\" rel=\"noopener noreferrer\"><span style=\"color: #006699\">este enlace<\/span><\/a>).<\/li>\n<li><a href=\"https:\/\/observatorio.umh.es\/files\/2013\/09\/Hoja-Datos-Personales-2015.pdf\" target=\"_blank\" rel=\"noopener noreferrer\">Hoja de Datos Personales<\/a> del\/de la estudiante, donde conste el IBAN de su cuenta bancaria.<\/li>\n<li><a href=\"https:\/\/observatorio.umh.es\/files\/2013\/09\/TA2.pdf\" target=\"_blank\" rel=\"noopener noreferrer\">Formulario TA2<\/a><b> <\/b>de alta en la Seguridad Social.<\/li>\n<li><a href=\"https:\/\/observatorio.umh.es\/files\/2013\/09\/mod.-145-20151.pdf\" target=\"_blank\" rel=\"noopener noreferrer\">Modelo. 145 del IRPF<\/a><\/li>\n<li style=\"text-align: justify\">Fotocopia de la <b>tarjeta de afiliaci\u00f3n a la Seguridad Social<\/b> del estudiante o documento que acredite el n\u00ba de afiliaci\u00f3n (tarjeta SIP si n\u00ba termina en T, cabecera de n\u00f3mina, duplicado Tesorer\u00eda Seguridad Social).<\/li>\n<li style=\"text-align: justify\">Fotocopia del<b> carnet de identidad<\/b> del\/ de la estudiante.<\/li>\n<li style=\"text-align: justify\"><b>Financiaci\u00f3n<\/b>: Autorizaci\u00f3n del Vicerrector de Estudiantes y Deportes, si las pr\u00e1cticas son financiadas con presupuesto de car\u00e1cter GENERAL o modificaci\u00f3n presupuestaria en el caso de que la financiaci\u00f3n sea de car\u00e1cter FINALISTA (<a href=\"https:\/\/observatorio.umh.es\/files\/2013\/09\/Hoja-Datos-Personales-2015.pdf\" target=\"_blank\" rel=\"noopener noreferrer\">Tabla 1<\/a>)<\/li>\n<\/ol>\n<p><i>b)\u00a0\u00a0\u00a0 <\/i><strong><i><span style=\"text-decoration: underline\">CESE ANTICIPADO<\/span><\/i><\/strong><\/p>\n<p style=\"text-align: justify\">La finalizaci\u00f3n anticipada se deber\u00e1 comunicar al Observatorio Ocupacional con una antelaci\u00f3n m\u00ednima de 7 d\u00edas a la nueva fecha de finalizaci\u00f3n, para tramitar la adenda que corresponda y comunicar la BAJA a la Seguridad Social por los Servicios de Personal.<\/p>\n<p><i>c)\u00a0\u00a0\u00a0\u00a0 <\/i><strong><i><span style=\"text-decoration: underline\">INCOMPATIBILIDADES<\/span><\/i><\/strong><\/p>\n<p>Un alumno en pr\u00e1cticas no podr\u00e1 simultanear en un mismo periodo dos o m\u00e1s pr\u00e1cticas y\/o becas, salvo situaciones excepcionales debidamente motivadas.<\/p>\n<p><i>d)\u00a0\u00a0\u00a0 <\/i><strong><i><span style=\"text-decoration: underline\">PR\u00c1CTICAS EN PERIODOS DE VACACIONES<\/span><\/i><\/strong><\/p>\n<p style=\"text-align: justify\">Con car\u00e1cter general no se realizar\u00e1n pr\u00e1cticas en los periodos de vacaciones que se indican en el calendario laboral de la UMH (Semana Santa, verano y Navidad). Si la pr\u00e1ctica incluyera alguno de estos periodos, \u00e9stos no tendr\u00e1n efectos econ\u00f3micos salvo autorizaci\u00f3n expresa debidamente motivada del responsable de los fondos.<\/p>\n<p style=\"text-align: justify\"><strong><i><span style=\"text-decoration: underline\">CONDICIONES GENERALES DE DOTACI\u00d3N,\u00a0 ADJUDICACI\u00d3N Y DURACI\u00d3N DE LAS PR\u00c1CTICAS INTERNAS FINANCIADAS CON GASTOS DE CAR\u00c1CTER GENERAL<\/span><\/i><\/strong><\/p>\n<ol>\n<li style=\"text-align: justify\">Se fijar\u00e1 una <b>dotaci\u00f3n m\u00e1xima mensual de 485 euros\/mes, incluidos todos los gastos e impuestos<\/b>, en concepto de ayuda proporcional a su tiempo de dedicaci\u00f3n. No podr\u00e1n dedicarse m\u00e1s de 100 horas de pr\u00e1cticas en c\u00f3mputo mensual por alumno.<\/li>\n<li style=\"text-align: justify\">La realizaci\u00f3n de pr\u00e1cticas remuneradas por \u00a0parte de un estudiante <b>en un mismo servicio o unidad no podr\u00e1 exceder de 9 meses<\/b>, salvo motivaci\u00f3n expresa de necesidad espec\u00edfica.<\/li>\n<li style=\"text-align: justify\">En cualquier caso, un estudiante <b>no podr\u00e1 realizar m\u00e1s de 12 meses <\/b>de pr\u00e1cticas remuneradas en la Universidad Miguel Hern\u00e1ndez, <b>en c\u00f3mputo acumulado<\/b>, salvo motivaci\u00f3n expresa de necesidad espec\u00edfica.<\/li>\n<\/ol>\n<p><b>Este procedimiento no ser\u00e1 de aplicaci\u00f3n a las pr\u00e1cticas internas no remuneradas<\/b>, ya que en estos casos no procede el alta en la Seguridad Social, document\u00e1ndose con el anexo de pr\u00e1cticas correspondiente, como hasta la fecha.<\/p>\n<p>Para cualquier aclaraci\u00f3n o duda puedes contactar con <b>Joaqu\u00edn Ganga<\/b> en el Observatorio Ocupacional (96 665 <b>8647 \u2013 observatorio1@umh.es<\/b>).<\/p>\n<p style=\"text-align: justify\">\u00a0<\/p>\n<p style=\"text-align: justify\">\u00a0<\/p>\n<p style=\"text-align: justify\">\u00a0<\/p>\n<p><\/p>\n<div class='bookmarkify'><a name='bookmarkify'><\/a><div class='linkbuttons'><a href='http:\/\/www.facebook.com\/share.php?u=https:\/\/observatorio.umh.es\/ca\/estudiantes-bolsa-de-practicas\/practicas\/instrucciones-solicitud-practicas-internas\/' title='Save to Facebook' onclick='target=\"_blank\";' rel='nofollow'><img src='https:\/\/observatorio.umh.es\/wp-content\/plugins\/bookmarkify\/facebook.png' style='width:16px; height:16px;' alt='[Facebook] ' \/><\/a> <a href='http:\/\/www.google.com\/bookmarks\/mark?op=edit&amp;output=popup&amp;bkmk=https:\/\/observatorio.umh.es\/ca\/estudiantes-bolsa-de-practicas\/practicas\/instrucciones-solicitud-practicas-internas\/&amp;title=<span lang=\"es\">(Espa\u00f1ol) Pr\u00e1cticas internas remuneradas<\/span>' title='Save to Google Bookmarks' onclick='target=\"_blank\";' rel='nofollow'><img src='https:\/\/observatorio.umh.es\/wp-content\/plugins\/bookmarkify\/google.png' style='width:16px; height:16px;' alt='[Google] ' \/><\/a> <a href='http:\/\/twitter.com\/home\/?status=<span lang=\"es\">(Espa\u00f1ol) Pr\u00e1cticas internas remuneradas<\/span>+https:\/\/observatorio.umh.es\/ca\/estudiantes-bolsa-de-practicas\/practicas\/instrucciones-solicitud-practicas-internas\/' title='Save to Twitter' onclick='target=\"_blank\";' rel='nofollow'><img src='https:\/\/observatorio.umh.es\/wp-content\/plugins\/bookmarkify\/twitter.png' style='width:16px; height:16px;' alt='[Twitter] ' \/><\/a> <\/div><\/div>","protected":false},"excerpt":{"rendered":"<p>Las presentes instrucciones se aplicaran a las pr\u00e1cticas internas remuneradas realizadas en los\u00a0Departamentos, Institutos, Centros, Servicios o Unidades de la propia UMH.<br \/>\na)\u00a0\u00a0\u00a0 DOCUMENTACI\u00d3N<br \/>\nSeg\u00fan Anexo XXV de las Normas de Ejecuci\u00f3n del Presupuesto para 2015, se presentar\u00e1 en el Observatorio Ocupacional, con 15 d\u00edas de antelaci\u00f3n al inicio de las pr\u00e1cticas, la siguiente documentaci\u00f3n:<\/p>\n<p>Anexo de pr\u00e1cticas [&#8230;]<\/p>\n","protected":false},"author":357,"featured_media":0,"parent":441,"menu_order":30,"comment_status":"open","ping_status":"open","template":"","meta":{"_links_to":"","_links_to_target":""},"_links":{"self":[{"href":"https:\/\/observatorio.umh.es\/ca\/wp-json\/wp\/v2\/pages\/2841"}],"collection":[{"href":"https:\/\/observatorio.umh.es\/ca\/wp-json\/wp\/v2\/pages"}],"about":[{"href":"https:\/\/observatorio.umh.es\/ca\/wp-json\/wp\/v2\/types\/page"}],"author":[{"embeddable":true,"href":"https:\/\/observatorio.umh.es\/ca\/wp-json\/wp\/v2\/users\/357"}],"replies":[{"embeddable":true,"href":"https:\/\/observatorio.umh.es\/ca\/wp-json\/wp\/v2\/comments?post=2841"}],"version-history":[{"count":0,"href":"https:\/\/observatorio.umh.es\/ca\/wp-json\/wp\/v2\/pages\/2841\/revisions"}],"up":[{"embeddable":true,"href":"https:\/\/observatorio.umh.es\/ca\/wp-json\/wp\/v2\/pages\/441"}],"wp:attachment":[{"href":"https:\/\/observatorio.umh.es\/ca\/wp-json\/wp\/v2\/media?parent=2841"}],"curies":[{"name":"wp","href":"https:\/\/api.w.org\/{rel}","templated":true}]}}