{"id":2478,"date":"2013-03-28T12:28:56","date_gmt":"2013-03-28T11:28:56","guid":{"rendered":"http:\/\/observatorio.umh.es\/?page_id=2478"},"modified":"2014-03-31T09:04:29","modified_gmt":"2014-03-31T07:04:29","slug":"conoce-el-pais-de-destino","status":"publish","type":"page","link":"https:\/\/observatorio.umh.es\/ca\/conoce-el-pais-de-destino\/","title":{"rendered":"<span lang=\"es\">(Espa\u00f1ol) Conoce el pa\u00eds destino: Alemania, Reino Unido, Francia, B\u00e9lgica, etc.<\/span>"},"content":{"rendered":"<p><\/p>\n<\/p>\n<p><\/p>\n<div class='bookmarkify'><a name='bookmarkify'><\/a><div class='linkbuttons'><a href='http:\/\/www.facebook.com\/share.php?u=https:\/\/observatorio.umh.es\/ca\/conoce-el-pais-de-destino\/' title='Save to Facebook' onclick='target=\"_blank\";' rel='nofollow'><img src='https:\/\/observatorio.umh.es\/wp-content\/plugins\/bookmarkify\/facebook.png' style='width:16px; height:16px;' alt='[Facebook] ' \/><\/a> <a href='http:\/\/www.google.com\/bookmarks\/mark?op=edit&amp;output=popup&amp;bkmk=https:\/\/observatorio.umh.es\/ca\/conoce-el-pais-de-destino\/&amp;title=<span lang=\"es\">(Espa\u00f1ol) Conoce el pa\u00eds destino: Alemania, Reino Unido, Francia, B\u00e9lgica, etc.<\/span>' title='Save to Google Bookmarks' onclick='target=\"_blank\";' rel='nofollow'><img src='https:\/\/observatorio.umh.es\/wp-content\/plugins\/bookmarkify\/google.png' style='width:16px; height:16px;' alt='[Google] ' \/><\/a> <a href='http:\/\/twitter.com\/home\/?status=<span lang=\"es\">(Espa\u00f1ol) Conoce el pa\u00eds destino: Alemania, Reino Unido, Francia, B\u00e9lgica, etc.<\/span>+https:\/\/observatorio.umh.es\/ca\/conoce-el-pais-de-destino\/' title='Save to Twitter' onclick='target=\"_blank\";' rel='nofollow'><img src='https:\/\/observatorio.umh.es\/wp-content\/plugins\/bookmarkify\/twitter.png' style='width:16px; height:16px;' alt='[Twitter] ' \/><\/a> <\/div><\/div>","protected":false},"excerpt":{"rendered":"","protected":false},"author":446,"featured_media":0,"parent":0,"menu_order":0,"comment_status":"closed","ping_status":"open","template":"","meta":{"_links_to":"","_links_to_target":""},"_links":{"self":[{"href":"https:\/\/observatorio.umh.es\/ca\/wp-json\/wp\/v2\/pages\/2478"}],"collection":[{"href":"https:\/\/observatorio.umh.es\/ca\/wp-json\/wp\/v2\/pages"}],"about":[{"href":"https:\/\/observatorio.umh.es\/ca\/wp-json\/wp\/v2\/types\/page"}],"author":[{"embeddable":true,"href":"https:\/\/observatorio.umh.es\/ca\/wp-json\/wp\/v2\/users\/446"}],"replies":[{"embeddable":true,"href":"https:\/\/observatorio.umh.es\/ca\/wp-json\/wp\/v2\/comments?post=2478"}],"version-history":[{"count":0,"href":"https:\/\/observatorio.umh.es\/ca\/wp-json\/wp\/v2\/pages\/2478\/revisions"}],"wp:attachment":[{"href":"https:\/\/observatorio.umh.es\/ca\/wp-json\/wp\/v2\/media?parent=2478"}],"curies":[{"name":"wp","href":"https:\/\/api.w.org\/{rel}","templated":true}]}}