{"id":17975,"date":"2026-03-11T13:00:25","date_gmt":"2026-03-11T12:00:25","guid":{"rendered":"https:\/\/observatorio.umh.es\/?page_id=17975"},"modified":"2026-03-11T13:01:05","modified_gmt":"2026-03-11T12:01:05","slug":"protocolo-de-actuacion-en-caso-de-accidente-durante-las-practicas-academicas","status":"publish","type":"page","link":"https:\/\/observatorio.umh.es\/ca\/protocolo-de-actuacion-en-caso-de-accidente-durante-las-practicas-academicas\/","title":{"rendered":"Protocol d&#8217;actuaci\u00f3 en cas d&#8217;accident durant les pr\u00e0ctiques acad\u00e8miques"},"content":{"rendered":"<p><\/p>\n<p data-path-to-node=\"3\">Si eres estudiant en pr\u00e0ctiques i has patit un accident, \u00e9s fonamental que conegues els passos que cal seguir per a garantir la teua assist\u00e8ncia sanit\u00e0ria i la cobertura de la Seguretat Social.<\/p>\n<blockquote data-path-to-node=\"4\">\n<p data-path-to-node=\"4,0\">[!IMPORTANT]<\/p>\n<p data-path-to-node=\"4,0\"><b data-path-to-node=\"4,0\" data-index-in-node=\"13\">A qui s&#8217;aplica este protocol?<\/b><\/p>\n<p data-path-to-node=\"4,0\">Este procediment \u00e9s <b data-path-to-node=\"4,0\" data-index-in-node=\"63\">exclusivament<\/b> per a estudiants la cotitzaci\u00f3 dels quals a la Seguretat Social \u00e9s assumida per la <b data-path-to-node=\"4,0\" data-index-in-node=\"160\">UMH<\/b>:<\/p>\n<ul data-path-to-node=\"4,1\">\n<li>\n<p data-path-to-node=\"4,1,0,0\"><b data-path-to-node=\"4,1,0,0\" data-index-in-node=\"0\">Pr\u00e0ctiques curriculars<\/b> en centres externs (no remunerades).<\/p>\n<\/li>\n<li>\n<p data-path-to-node=\"4,1,1,0\"><b data-path-to-node=\"4,1,1,0\" data-index-in-node=\"0\">Pr\u00e0ctiques internes<\/b> (tant remunerades com no remunerades).<\/p>\n<\/li>\n<li>\n<p data-path-to-node=\"4,1,2,0\"><b data-path-to-node=\"4,1,2,0\" data-index-in-node=\"0\">Pr\u00e0ctiques extracurriculars<\/b> no remunerades en administracions p\u00fabliques.<\/p>\n<\/li>\n<\/ul>\n<\/blockquote>\n<hr data-path-to-node=\"5\" \/>\n<h2 data-path-to-node=\"6\">1. Assist\u00e8ncia sanit\u00e0ria immediata<\/h2>\n<p data-path-to-node=\"7\">En cas d&#8217;urg\u00e8ncia, el m\u00e9s important \u00e9s la teua salut. Acudix al centre hospitalari m\u00e9s pr\u00f2xim. All\u00ed ser\u00e0s tractat com a pacient, per\u00f2 recorda informar que l&#8217;accident ha ocorregut durant la teua activitat de pr\u00e0ctiques.<\/p>\n<h2 data-path-to-node=\"8\">2. Tr\u00e0mit obligatori: La M\u00fatua (ASEPEYO)<\/h2>\n<p data-path-to-node=\"9\">Una vegada rebuda l&#8217;alta hospital\u00e0ria (o si el teu estat et permet despla\u00e7ar-te), <b data-path-to-node=\"9\" data-index-in-node=\"82\">\u00e9s obligatori<\/b> que acudisques a un centre assistencial de la nostra m\u00fatua, <b data-path-to-node=\"9\" data-index-in-node=\"156\">ASEPEYO<\/b>.<\/p>\n<p data-path-to-node=\"10\"><b data-path-to-node=\"10\" data-index-in-node=\"0\">Per qu\u00e8 \u00e9s important?<\/b><\/p>\n<p data-path-to-node=\"10\">Nom\u00e9s el personal m\u00e8dic de la m\u00fatua pot realitzar la valoraci\u00f3 oficial de l&#8217;accident de treball i, si escau, emetre el <b data-path-to-node=\"10\" data-index-in-node=\"141\">part de baixa m\u00e8dica<\/b>. La m\u00fatua ja est\u00e0 informada d&#8217;estes situacions per part de la universitat.<\/p>\n<h3 data-path-to-node=\"11\">Centres assistencials m\u00e9s pr\u00f2xims:<\/h3>\n<table data-path-to-node=\"12\">\n<thead>\n<tr>\n<td><strong>Localitat<\/strong><\/td>\n<td><strong>Adre\u00e7a<\/strong><\/td>\n<td><strong>Tel\u00e8fon<\/strong><\/td>\n<\/tr>\n<\/thead>\n<tbody>\n<tr>\n<td><span data-path-to-node=\"12,1,0,0\"><b data-path-to-node=\"12,1,0,0\" data-index-in-node=\"0\">Elx<\/b><\/span><\/td>\n<td><span data-path-to-node=\"12,1,1,0\">C\/ Barchell, 23 (Davant de l&#8217;Elche Squash Club)<\/span><\/td>\n<td><span data-path-to-node=\"12,1,2,0\">96 661 53 66<\/span><\/td>\n<\/tr>\n<tr>\n<td><span data-path-to-node=\"12,2,0,0\"><b data-path-to-node=\"12,2,0,0\" data-index-in-node=\"0\">Alacant<\/b><\/span><\/td>\n<td><span data-path-to-node=\"12,2,1,0\">Av. Jaume I, n\u00fam. 2<\/span><\/td>\n<td><span data-path-to-node=\"12,2,2,0\">96 516 70 09<\/span><\/td>\n<\/tr>\n<tr>\n<td><span data-path-to-node=\"12,3,0,0\"><b data-path-to-node=\"12,3,0,0\" data-index-in-node=\"0\">Benidorm<\/b><\/span><\/td>\n<td><span data-path-to-node=\"12,3,1,0\">Av. Beniard\u00e0, n\u00fam. 2 (Edif. Marina Toll II)<\/span><\/td>\n<td><span data-path-to-node=\"12,3,2,0\">96 586 69 11<\/span><\/td>\n<\/tr>\n<tr>\n<td><span data-path-to-node=\"12,4,0,0\"><b data-path-to-node=\"12,4,0,0\" data-index-in-node=\"0\">Oriola<\/b><\/span><\/td>\n<td><span data-path-to-node=\"12,4,1,0\">C\/ Arag\u00f3, n\u00fam. 5 (Instal\u00b7lacions Fraternidad Muprespa)<\/span><\/td>\n<td><span data-path-to-node=\"12,4,2,0\">96 530 60 19<\/span><\/td>\n<\/tr>\n<\/tbody>\n<\/table>\n<hr data-path-to-node=\"13\" \/>\n<h2 data-path-to-node=\"14\">3. Comunicaci\u00f3 amb la UMH<\/h2>\n<p data-path-to-node=\"15\">Despr\u00e9s de l&#8217;accident, el personal de la UMH es posar\u00e0 en contacte amb tu per a formalitzar l&#8217;expedient. Cal que prepares la informaci\u00f3 seg\u00fcent:<\/p>\n<ul data-path-to-node=\"16\">\n<li>\n<p data-path-to-node=\"16,0,0\"><b data-path-to-node=\"16,0,0\" data-index-in-node=\"0\">Descripci\u00f3 dels fets:<\/b> Relat del que ha passat.<\/p>\n<\/li>\n<li>\n<p data-path-to-node=\"16,1,0\"><b data-path-to-node=\"16,1,0\" data-index-in-node=\"0\">Dades log\u00edstiques:<\/b> Data, hora i lloc exacte de l&#8217;accident.<\/p>\n<\/li>\n<\/ul>\n<hr data-path-to-node=\"17\" \/>\n<h2 data-path-to-node=\"18\">Tens dubtes?<\/h2>\n<p data-path-to-node=\"19\">Si necessites qualsevol aclariment addicional sobre la teua cobertura o els passos que cal seguir, pots contactar amb el <b data-path-to-node=\"19\" data-index-in-node=\"121\">Servei de Pr\u00e0ctiques<\/b> a trav\u00e9s dels canals habituals.<\/p>\n<p data-path-to-node=\"20\"><b data-path-to-node=\"20\" data-index-in-node=\"0\">Et desitgem una r\u00e0pida recuperaci\u00f3!<\/b><\/p>\n<p><\/p>\n<div class='bookmarkify'><a name='bookmarkify'><\/a><div class='linkbuttons'><a href='http:\/\/www.facebook.com\/share.php?u=https:\/\/observatorio.umh.es\/ca\/protocolo-de-actuacion-en-caso-de-accidente-durante-las-practicas-academicas\/' title='Save to Facebook' onclick='target=\"_blank\";' rel='nofollow'><img src='https:\/\/observatorio.umh.es\/wp-content\/plugins\/bookmarkify\/facebook.png' style='width:16px; height:16px;' alt='[Facebook] ' \/><\/a> <a href='http:\/\/www.google.com\/bookmarks\/mark?op=edit&amp;output=popup&amp;bkmk=https:\/\/observatorio.umh.es\/ca\/protocolo-de-actuacion-en-caso-de-accidente-durante-las-practicas-academicas\/&amp;title=Protocol d&#8217;actuaci\u00f3 en cas d&#8217;accident durant les pr\u00e0ctiques acad\u00e8miques' title='Save to Google Bookmarks' onclick='target=\"_blank\";' rel='nofollow'><img src='https:\/\/observatorio.umh.es\/wp-content\/plugins\/bookmarkify\/google.png' style='width:16px; height:16px;' alt='[Google] ' \/><\/a> <a href='http:\/\/twitter.com\/home\/?status=Protocol d&#8217;actuaci\u00f3 en cas d&#8217;accident durant les pr\u00e0ctiques acad\u00e8miques+https:\/\/observatorio.umh.es\/ca\/protocolo-de-actuacion-en-caso-de-accidente-durante-las-practicas-academicas\/' title='Save to Twitter' onclick='target=\"_blank\";' rel='nofollow'><img src='https:\/\/observatorio.umh.es\/wp-content\/plugins\/bookmarkify\/twitter.png' style='width:16px; height:16px;' alt='[Twitter] ' \/><\/a> <\/div><\/div>","protected":false},"excerpt":{"rendered":"<p>Si eres estudiant en pr\u00e0ctiques i has patit un accident, \u00e9s fonamental que conegues els passos que cal seguir per a garantir la teua assist\u00e8ncia sanit\u00e0ria i la cobertura de la Seguretat Social.<\/p>\n<p>[!IMPORTANT]<br \/>\nA qui s&#8217;aplica este protocol?<br \/>\nEste procediment \u00e9s exclusivament per a estudiants la cotitzaci\u00f3 dels quals a la Seguretat Social \u00e9s assumida per la [&#8230;]<\/p>\n","protected":false},"author":55,"featured_media":0,"parent":0,"menu_order":0,"comment_status":"closed","ping_status":"closed","template":"","meta":{"_links_to":"","_links_to_target":""},"_links":{"self":[{"href":"https:\/\/observatorio.umh.es\/ca\/wp-json\/wp\/v2\/pages\/17975"}],"collection":[{"href":"https:\/\/observatorio.umh.es\/ca\/wp-json\/wp\/v2\/pages"}],"about":[{"href":"https:\/\/observatorio.umh.es\/ca\/wp-json\/wp\/v2\/types\/page"}],"author":[{"embeddable":true,"href":"https:\/\/observatorio.umh.es\/ca\/wp-json\/wp\/v2\/users\/55"}],"replies":[{"embeddable":true,"href":"https:\/\/observatorio.umh.es\/ca\/wp-json\/wp\/v2\/comments?post=17975"}],"version-history":[{"count":0,"href":"https:\/\/observatorio.umh.es\/ca\/wp-json\/wp\/v2\/pages\/17975\/revisions"}],"wp:attachment":[{"href":"https:\/\/observatorio.umh.es\/ca\/wp-json\/wp\/v2\/media?parent=17975"}],"curies":[{"name":"wp","href":"https:\/\/api.w.org\/{rel}","templated":true}]}}