{"id":1790,"date":"2012-05-29T12:42:37","date_gmt":"2012-05-29T11:42:37","guid":{"rendered":"http:\/\/observatorio.umh.es\/?page_id=1790"},"modified":"2012-06-08T14:10:40","modified_gmt":"2012-06-08T13:10:40","slug":"procedimiento-practicas-en-organismos-dependientes-de-la-comunidad-autonoma-de-la-region-de-murcia","status":"publish","type":"page","link":"https:\/\/observatorio.umh.es\/ca\/procedimiento-practicas-en-organismos-dependientes-de-la-comunidad-autonoma-de-la-region-de-murcia\/","title":{"rendered":"<span lang=\"es\">(Espa\u00f1ol) Procedimiento para realizar pr\u00e1cticas en organismos dependientes de la Comunidad Aut\u00f3noma de la Regi\u00f3n de Murcia<\/span>"},"content":{"rendered":"<p><\/p>\n<p><\/p>\n<div class='bookmarkify'><a name='bookmarkify'><\/a><div class='linkbuttons'><a href='http:\/\/www.facebook.com\/share.php?u=https:\/\/observatorio.umh.es\/ca\/procedimiento-practicas-en-organismos-dependientes-de-la-comunidad-autonoma-de-la-region-de-murcia\/' title='Save to Facebook' onclick='target=\"_blank\";' rel='nofollow'><img src='https:\/\/observatorio.umh.es\/wp-content\/plugins\/bookmarkify\/facebook.png' style='width:16px; height:16px;' alt='[Facebook] ' \/><\/a> <a href='http:\/\/www.google.com\/bookmarks\/mark?op=edit&amp;output=popup&amp;bkmk=https:\/\/observatorio.umh.es\/ca\/procedimiento-practicas-en-organismos-dependientes-de-la-comunidad-autonoma-de-la-region-de-murcia\/&amp;title=<span lang=\"es\">(Espa\u00f1ol) Procedimiento para realizar pr\u00e1cticas en organismos dependientes de la Comunidad Aut\u00f3noma de la Regi\u00f3n de Murcia<\/span>' title='Save to Google Bookmarks' onclick='target=\"_blank\";' rel='nofollow'><img src='https:\/\/observatorio.umh.es\/wp-content\/plugins\/bookmarkify\/google.png' style='width:16px; height:16px;' alt='[Google] ' \/><\/a> <a href='http:\/\/twitter.com\/home\/?status=<span lang=\"es\">(Espa\u00f1ol) Procedimiento para realizar pr\u00e1cticas en organismos dependientes de la Comunidad Aut\u00f3noma de la Regi\u00f3n de Murcia<\/span>+https:\/\/observatorio.umh.es\/ca\/procedimiento-practicas-en-organismos-dependientes-de-la-comunidad-autonoma-de-la-region-de-murcia\/' title='Save to Twitter' onclick='target=\"_blank\";' rel='nofollow'><img src='https:\/\/observatorio.umh.es\/wp-content\/plugins\/bookmarkify\/twitter.png' style='width:16px; height:16px;' alt='[Twitter] ' \/><\/a> <\/div><\/div>","protected":false},"excerpt":{"rendered":"","protected":false},"author":357,"featured_media":0,"parent":0,"menu_order":0,"comment_status":"closed","ping_status":"closed","template":"","meta":{"_links_to":"","_links_to_target":""},"_links":{"self":[{"href":"https:\/\/observatorio.umh.es\/ca\/wp-json\/wp\/v2\/pages\/1790"}],"collection":[{"href":"https:\/\/observatorio.umh.es\/ca\/wp-json\/wp\/v2\/pages"}],"about":[{"href":"https:\/\/observatorio.umh.es\/ca\/wp-json\/wp\/v2\/types\/page"}],"author":[{"embeddable":true,"href":"https:\/\/observatorio.umh.es\/ca\/wp-json\/wp\/v2\/users\/357"}],"replies":[{"embeddable":true,"href":"https:\/\/observatorio.umh.es\/ca\/wp-json\/wp\/v2\/comments?post=1790"}],"version-history":[{"count":0,"href":"https:\/\/observatorio.umh.es\/ca\/wp-json\/wp\/v2\/pages\/1790\/revisions"}],"wp:attachment":[{"href":"https:\/\/observatorio.umh.es\/ca\/wp-json\/wp\/v2\/media?parent=1790"}],"curies":[{"name":"wp","href":"https:\/\/api.w.org\/{rel}","templated":true}]}}