{"id":13872,"date":"2023-06-01T10:11:06","date_gmt":"2023-06-01T08:11:06","guid":{"rendered":"https:\/\/observatorio.umh.es\/?page_id=13872"},"modified":"2026-04-01T17:29:32","modified_gmt":"2026-04-01T15:29:32","slug":"cotizacion-de-practica-al-regimen-general-de-la-seguridad-social","status":"publish","type":"page","link":"https:\/\/observatorio.umh.es\/ca\/cotizacion-de-practica-al-regimen-general-de-la-seguridad-social\/","title":{"rendered":"<span lang=\"es\">(Espa\u00f1ol) Cotizaci\u00f3n de pr\u00e1cticas en la Seguridad Social<\/span>"},"content":{"rendered":"<p class=\"qtranxs-available-languages-message qtranxs-available-languages-message-ca\">Ho sentim, aquesta entrada es troba disponible \u00fanicament en <a href=\"https:\/\/observatorio.umh.es\/es\/wp-json\/wp\/v2\/pages\/13872\" class=\"qtranxs-available-language-link qtranxs-available-language-link-es\" title=\"Espa\u00f1ol\">Espanyol Europeu<\/a>.<\/p>","protected":false},"excerpt":{"rendered":"<p>Ho sentim, aquesta entrada es troba disponible \u00fanicament en Espanyol Europeu.<\/p>\n","protected":false},"author":55,"featured_media":0,"parent":0,"menu_order":1,"comment_status":"closed","ping_status":"closed","template":"","meta":{"_links_to":"","_links_to_target":""},"_links":{"self":[{"href":"https:\/\/observatorio.umh.es\/ca\/wp-json\/wp\/v2\/pages\/13872"}],"collection":[{"href":"https:\/\/observatorio.umh.es\/ca\/wp-json\/wp\/v2\/pages"}],"about":[{"href":"https:\/\/observatorio.umh.es\/ca\/wp-json\/wp\/v2\/types\/page"}],"author":[{"embeddable":true,"href":"https:\/\/observatorio.umh.es\/ca\/wp-json\/wp\/v2\/users\/55"}],"replies":[{"embeddable":true,"href":"https:\/\/observatorio.umh.es\/ca\/wp-json\/wp\/v2\/comments?post=13872"}],"version-history":[{"count":0,"href":"https:\/\/observatorio.umh.es\/ca\/wp-json\/wp\/v2\/pages\/13872\/revisions"}],"wp:attachment":[{"href":"https:\/\/observatorio.umh.es\/ca\/wp-json\/wp\/v2\/media?parent=13872"}],"curies":[{"name":"wp","href":"https:\/\/api.w.org\/{rel}","templated":true}]}}