{"id":1156,"date":"2011-11-14T20:27:49","date_gmt":"2011-11-14T18:27:49","guid":{"rendered":"http:\/\/observatorio.zeus.umh.es\/?page_id=1156"},"modified":"2013-07-04T09:19:31","modified_gmt":"2013-07-04T07:19:31","slug":"inclusion-en-seguridad-social-de-las-practicas-remuneradas","status":"publish","type":"page","link":"https:\/\/observatorio.umh.es\/ca\/estudiantes-bolsa-de-practicas\/inclusion-en-seguridad-social-de-las-practicas-remuneradas\/","title":{"rendered":"Real Decreto 1707\/2011, por el que se regulan las pr\u00e1cticas acad\u00e9micas externas de los estudiantes universitarios"},"content":{"rendered":"<p><\/p>\n<p><p class=\"MsoNormal\" style=\"text-align: justify\"><span><span style=\"font-size: small\">El 27 de octubre de 2011 se public\u00f3 el <strong>Real Decreto 1493\/2011<\/strong>, por el que se regulan los t\u00e9rminos y las condiciones de <strong>inclusi\u00f3n en el R\u00e9gimen General de la Seguridad Social<\/strong> de las personas que participen en programas de formaci\u00f3n. Este real decreto afecta, tanto a los <strong>estudiantes<\/strong> que est\u00e9n realizando <strong>pr\u00e1cticas remuneradas,<\/strong> a aquellos que las han realizado con anterioridad, al igual que a las empresas que han ofrecido pr\u00e1cticas remuneradas. Este RD entr\u00f3 en vigor el 1 de noviembre de 2011. Por tanto, los estudiantes quedan asimilados a trabajadores por cuenta ajena, a efectos de su inclusi\u00f3n en el R\u00e9gimen General de la Seguridad Social. La cotizaci\u00f3n a la misma ser\u00e1 por contingencias comunes y profesionales, y se llevar\u00e1 a cabo aplicando las reglas de cotizaci\u00f3n correspondiente a los contratos para la formaci\u00f3n y el aprendizaje. No existir\u00e1 obligaci\u00f3n de cotizar por la contingencia de desempleo, as\u00ed como tampoco al fondo de garant\u00eda salarial ni por formaci\u00f3n profesional. <\/span><\/span><\/p>\n<p class=\"MsoNormal\" style=\"text-align: justify\"><span><span style=\"font-size: small\">Las empresas ya pueden solicitar en la tesorer\u00eda de la Seguridad Social el c\u00f3digo cuenta de cotizaci\u00f3n para incluir a los alumnos con pr\u00e1cticas remuneradas en el R\u00e9gimen General de la Seguridad Social, si bien\u00a0no tendr\u00e1n que pagar las tasas de los alumnos hasta el mes de febrero (ver <a href=\"https:\/\/observatorio.umh.es\/files\/2011\/11\/nota-informativade-la-tesoreria-de-la-seguridad-social.pdf\">nota-informativa de-la-tesoreria-de-la-seguridad-social<\/a>).<\/span><\/span><\/p>\n<p class=\"MsoNormal\" style=\"text-align: justify\"><span><span style=\"font-size: small\">Aquellos <strong>estudiantes<\/strong> que han realizado <strong>pr\u00e1cticas remuneradas con fecha anterior al 1 de noviembre de 2011 <\/strong>podr\u00e1n solicitar la firma de un convenio especial para reflejar sus pr\u00e1cticas remuneradas en el R\u00e9gimen General de la Seguridad Social hasta el 31 de diciembre de 2012. En este caso ser\u00e1 el propio estudiante el que abone las cantidades correspondientes. Para tramitar este convenio especial ser\u00e1 necesario un certificado por el organismo o entidad p\u00fablica o privada que financi\u00f3 las pr\u00e1cticas. <\/span><\/span><\/p>\n<p class=\"MsoNormal\" style=\"text-align: justify\"><strong><span><span style=\"font-size: small\">M\u00e1s informaci\u00f3n:<\/span><\/span><\/strong><\/p>\n<ul>\n<li>\n<div id=\"[object]\" class=\"MsoNormal\" style=\"text-align: justify\" lang=\"[object]\"><strong><span style=\"font-size: small;font-family: Calibri\"><a href=\"http:\/\/www.boe.es\/boe\/dias\/2011\/10\/27\/pdfs\/BOE-A-2011-16819.pdf\">Real Decreto 1493\/2011<\/a><\/span><\/strong><\/div>\n<\/li>\n<li>\n<div id=\"[object]\" class=\"MsoNormal\" style=\"text-align: justify\" lang=\"[object]\"><strong><span style=\"font-size: small;font-family: Calibri\"><a href=\"http:\/\/www.seg-social.es\/Internet_1\/Masinformacion\/Direcciones\/index.htm\">Direcciones de la Administraci\u00f3n de la Seguridad Social en la provincia de Alicante<\/a><\/span><\/strong><\/div>\n<\/li>\n<li>\n<div id=\"[object]\" class=\"MsoNormal\" style=\"text-align: justify\" lang=\"[object]\"><a href=\"https:\/\/observatorio.umh.es\/files\/2011\/11\/diptico-informativo-inclusion-seguridad-social.pdf\"><strong>D\u00edptico informativo inclusi\u00f3n Seguridad Social<\/strong><\/a><\/div>\n<\/li>\n<li>\n<div id=\"[object]\" class=\"MsoNormal\" style=\"text-align: justify\" lang=\"[object]\"><a href=\"https:\/\/observatorio.umh.es\/files\/2011\/11\/resolucion-por-la-que-se-difiere-el-pago-cuotas-meses-noviembre-y-diciembre-2011.pdf\"><strong>Resoluci\u00f3n por la que se difiere el pago de las cuotas de noviembre y diciembre de 2011<\/strong><\/a><\/div>\n<\/li>\n<\/ul>\n<p><\/p>\n<div class='bookmarkify'><a name='bookmarkify'><\/a><div class='linkbuttons'><a href='http:\/\/www.facebook.com\/share.php?u=https:\/\/observatorio.umh.es\/ca\/estudiantes-bolsa-de-practicas\/inclusion-en-seguridad-social-de-las-practicas-remuneradas\/' title='Save to Facebook' onclick='target=\"_blank\";' rel='nofollow'><img src='https:\/\/observatorio.umh.es\/wp-content\/plugins\/bookmarkify\/facebook.png' style='width:16px; height:16px;' alt='[Facebook] ' \/><\/a> <a href='http:\/\/www.google.com\/bookmarks\/mark?op=edit&amp;output=popup&amp;bkmk=https:\/\/observatorio.umh.es\/ca\/estudiantes-bolsa-de-practicas\/inclusion-en-seguridad-social-de-las-practicas-remuneradas\/&amp;title=Real Decreto 1707\/2011, por el que se regulan las pr\u00e1cticas acad\u00e9micas externas de los estudiantes universitarios' title='Save to Google Bookmarks' onclick='target=\"_blank\";' rel='nofollow'><img src='https:\/\/observatorio.umh.es\/wp-content\/plugins\/bookmarkify\/google.png' style='width:16px; height:16px;' alt='[Google] ' \/><\/a> <a href='http:\/\/twitter.com\/home\/?status=Real Decreto 1707\/2011, por el que se regulan las pr\u00e1cticas acad\u00e9micas externas de los estudiantes universitarios+https:\/\/observatorio.umh.es\/ca\/estudiantes-bolsa-de-practicas\/inclusion-en-seguridad-social-de-las-practicas-remuneradas\/' title='Save to Twitter' onclick='target=\"_blank\";' rel='nofollow'><img src='https:\/\/observatorio.umh.es\/wp-content\/plugins\/bookmarkify\/twitter.png' style='width:16px; height:16px;' alt='[Twitter] ' \/><\/a> <\/div><\/div>","protected":false},"excerpt":{"rendered":"<p>El 27 de octubre de 2011 se public\u00f3 el Real Decreto 1493\/2011, por el que se regulan los t\u00e9rminos y las condiciones de inclusi\u00f3n en el R\u00e9gimen General de la Seguridad Social de las personas que participen en programas de formaci\u00f3n. Este real decreto afecta, tanto a los estudiantes que est\u00e9n realizando pr\u00e1cticas remuneradas, a [&#8230;]<\/p>\n","protected":false},"author":357,"featured_media":0,"parent":433,"menu_order":0,"comment_status":"closed","ping_status":"closed","template":"","meta":{"_links_to":"","_links_to_target":""},"_links":{"self":[{"href":"https:\/\/observatorio.umh.es\/ca\/wp-json\/wp\/v2\/pages\/1156"}],"collection":[{"href":"https:\/\/observatorio.umh.es\/ca\/wp-json\/wp\/v2\/pages"}],"about":[{"href":"https:\/\/observatorio.umh.es\/ca\/wp-json\/wp\/v2\/types\/page"}],"author":[{"embeddable":true,"href":"https:\/\/observatorio.umh.es\/ca\/wp-json\/wp\/v2\/users\/357"}],"replies":[{"embeddable":true,"href":"https:\/\/observatorio.umh.es\/ca\/wp-json\/wp\/v2\/comments?post=1156"}],"version-history":[{"count":0,"href":"https:\/\/observatorio.umh.es\/ca\/wp-json\/wp\/v2\/pages\/1156\/revisions"}],"up":[{"embeddable":true,"href":"https:\/\/observatorio.umh.es\/ca\/wp-json\/wp\/v2\/pages\/433"}],"wp:attachment":[{"href":"https:\/\/observatorio.umh.es\/ca\/wp-json\/wp\/v2\/media?parent=1156"}],"curies":[{"name":"wp","href":"https:\/\/api.w.org\/{rel}","templated":true}]}}