{"id":1026,"date":"2011-11-02T14:05:20","date_gmt":"2011-11-02T12:05:20","guid":{"rendered":"http:\/\/observatorio.zeus.umh.es\/?page_id=1026"},"modified":"2021-09-24T09:57:59","modified_gmt":"2021-09-24T07:57:59","slug":"programa-hermes-practicas-en-el-extranjero","status":"publish","type":"page","link":"https:\/\/observatorio.umh.es\/ca\/estudiantes-bolsa-de-practicas\/programa-hermes-practicas-en-el-extranjero\/","title":{"rendered":"Programa Hermes (Pr\u00e1cticas en el extranjero)"},"content":{"rendered":"<p><\/p>\n<p><p><a href=\"https:\/\/observatorio.umh.es\/files\/2011\/11\/decalogo-para-un-proceso-de-seleccion1.pdf\"><\/a><img loading=\"lazy\" class=\"size-medium wp-image-646 alignleft\" src=\"https:\/\/observatorio.umh.es\/files\/2011\/06\/hermes-300x101.jpg\" alt=\"\" width=\"180\" height=\"61\" srcset=\"https:\/\/observatorio.umh.es\/files\/2011\/06\/hermes-300x101.jpg 300w, https:\/\/observatorio.umh.es\/files\/2011\/06\/hermes.jpg 822w\" sizes=\"(max-width: 180px) 100vw, 180px\" \/>Abrir las puertas del extranjero para que los estudiantes de la Universidad Miguel Hern\u00e1ndez puedan realizar actividades en cualquier pa\u00eds del mundo es el objetivo del Programa Hermes que promueve el Observatorio Ocupacional de la Universidad Miguel Hern\u00e1ndez.<\/p>\n<p><img loading=\"lazy\" class=\"alignnone size-medium wp-image-1004\" src=\"https:\/\/observatorio.umh.es\/files\/2011\/10\/estudiante-hermes-300x44.jpg\" alt=\"\" width=\"250\" height=\"40\" \/>\u00a0\u00a0\u00a0\u00a0\u00a0\u00a0\u00a0\u00a0\u00a0\u00a0\u00a0\u00a0\u00a0\u00a0\u00a0\u00a0\u00a0\u00a0\u00a0\u00a0\u00a0\u00a0\u00a0\u00a0\u00a0\u00a0\u00a0\u00a0\u00a0\u00a0\u00a0 \u00a0<img loading=\"lazy\" class=\"alignnone size-medium wp-image-1005\" src=\"https:\/\/observatorio.umh.es\/files\/2011\/10\/titula-hermes-300x43.jpg\" alt=\"\" width=\"180\" height=\"39\" \/><\/p>\n<table border=\"1\" cellspacing=\"0\" cellpadding=\"0\" width=\"555\">\n<tbody>\n<tr>\n<td colspan=\"3\" width=\"310\"><a href=\"https:\/\/observatorio.umh.es\/%c2%bfquieres-hacer-practicas-en-el-extranjero\/\" target=\"_self\" rel=\"noopener noreferrer\">\u00bfQuieres hacer pr\u00e1cticas en el extranjero?<\/a><\/td>\n<td colspan=\"3\" rowspan=\"4\" width=\"246\"><strong><a href=\"https:\/\/observatorio.umh.es\/files\/2011\/11\/becas-practicas-internacionales-titulados1.pdf\" target=\"_self\" rel=\"noopener noreferrer\">Becas Pr\u00e1cticas Internacionales Titulados<\/a><\/strong><\/td>\n<\/tr>\n<tr>\n<td colspan=\"3\" width=\"310\"><strong><a href=\"https:\/\/observatorio.umh.es\/files\/2011\/11\/becas-practicas-internacionales-estudiantes.pdf\" target=\"_self\" rel=\"noopener noreferrer\">Becas Pr\u00e1cticas Internacionales Estudiantes<\/a><\/strong><\/td>\n<\/tr>\n<tr>\n<td colspan=\"3\" width=\"310\"><a href=\"https:\/\/observatorio.umh.es\/becas-erasmus-practicas-umh\/\" target=\"_self\" rel=\"noopener noreferrer\">Becas Erasmus Pr\u00e1cticas UMH<\/a><\/td>\n<\/tr>\n<tr>\n<td colspan=\"3\" width=\"310\"><a href=\"https:\/\/observatorio.umh.es\/becas-iaeste-umh\/\" target=\"_self\" rel=\"noopener noreferrer\">Becas IAESTE UMH<\/a><\/td>\n<\/tr>\n<tr>\n<td colspan=\"3\" width=\"310\"><strong><a href=\"https:\/\/observatorio.umh.es\/files\/2011\/11\/buscar-practicas.pdf\" target=\"_self\" rel=\"noopener noreferrer\">\u00bfC\u00f3mo buscar una pr\u00e1ctica estudiantes?<\/a><\/strong><\/td>\n<td colspan=\"3\" width=\"246\"><strong><a href=\"https:\/\/observatorio.umh.es\/files\/2011\/11\/como-buscar-un-empleo-en-el-extranjero.pdf\" target=\"_self\" rel=\"noopener noreferrer\">\u00bfC\u00f3mo buscar una pr\u00e1ctica titulados?<\/a><\/strong><\/td>\n<\/tr>\n<tr>\n<td colspan=\"3\" width=\"310\"><a href=\"https:\/\/observatorio.umh.es\/files\/2011\/11\/documentar-las-practicas.pdf\" target=\"_self\" rel=\"noopener noreferrer\">Por qu\u00e9 documentar las pr\u00e1cticas<\/a><\/td>\n<td colspan=\"3\" width=\"246\"><strong><\/strong><\/td>\n<\/tr>\n<tr>\n<td colspan=\"3\" width=\"310\"><a href=\"https:\/\/observatorio.umh.es\/files\/2011\/11\/pasos-para-documentar-las-practicas.pdf\" target=\"_self\" rel=\"noopener noreferrer\">Pasos para documentar las pr\u00e1cticas<\/a><\/td>\n<td colspan=\"3\" width=\"246\"><strong><\/strong><\/td>\n<\/tr>\n<tr>\n<td colspan=\"6\" width=\"555\">\n<p align=\"center\"><strong>Ofertas para estudiantes y titulados<\/strong><\/p>\n<\/td>\n<\/tr>\n<tr>\n<td width=\"113\"><a href=\"https:\/\/observatorio.umh.es\/files\/2011\/11\/ofertas-agroalimentario-ciencias.pdf\" target=\"_self\" rel=\"noopener noreferrer\">Agroalimentaria<\/a><\/td>\n<td width=\"121\"><a href=\"https:\/\/observatorio.umh.es\/files\/2011\/11\/ofertas-ciencias-sociales-y-humanas.pdf\" target=\"_self\" rel=\"noopener noreferrer\">Ciencias Sociales y Juridicas<\/a><\/td>\n<td colspan=\"2\" width=\"105\"><a href=\"https:\/\/observatorio.umh.es\/files\/2011\/11\/ofertas-ciencias-de-la-salud.pdf\" target=\"_self\" rel=\"noopener noreferrer\">Ciencias\u00a0\u00a0\u00a0\u00a0\u00a0\u00a0\u00a0\u00a0\u00a0\u00a0\u00a0\u00a0\u00a0 \u00a0de la\u00a0Salud<\/a><\/td>\n<td width=\"94\"><a href=\"https:\/\/observatorio.umh.es\/files\/2011\/11\/ofertas-practicas-general.pdf\" target=\"_self\" rel=\"noopener noreferrer\">General<\/a><\/td>\n<td width=\"123\"><a href=\"https:\/\/observatorio.umh.es\/files\/2011\/11\/ofertas-ingenierias1.pdf\" target=\"_self\" rel=\"noopener noreferrer\">Ingenier\u00edas<\/a><\/td>\n<\/tr>\n<\/tbody>\n<\/table>\n<p style=\"text-align: center\"><a href=\"https:\/\/observatorio.umh.es\/files\/2011\/11\/decalogo-para-un-proceso-de-seleccion1.pdf\" target=\"_self\" rel=\"noopener noreferrer\"><\/a><\/p>\n<p style=\"text-align: center\"><a href=\"https:\/\/observatorio.umh.es\/files\/2011\/11\/decalogo-para-un-proceso-de-seleccion1.pdf\"><img loading=\"lazy\" class=\"alignnone size-medium wp-image-1203\" src=\"https:\/\/observatorio.umh.es\/files\/2011\/11\/decalogo-300x25.png\" alt=\"\" width=\"300\" height=\"25\" srcset=\"https:\/\/observatorio.umh.es\/files\/2011\/11\/decalogo-300x25.png 300w, https:\/\/observatorio.umh.es\/files\/2011\/11\/decalogo-1024x85.png 1024w, https:\/\/observatorio.umh.es\/files\/2011\/11\/decalogo.png 1031w\" sizes=\"(max-width: 300px) 100vw, 300px\" \/><\/a><a href=\"https:\/\/observatorio.umh.es\/files\/2011\/11\/decalogo-para-un-proceso-de-seleccion1.pdf\"><\/a><\/p>\n<p style=\"text-align: center\"><a href=\"https:\/\/observatorio.umh.es\/files\/2011\/11\/nuestras-recomendaciones.pdf\"><img loading=\"lazy\" class=\"alignnone size-medium wp-image-1202\" src=\"https:\/\/observatorio.umh.es\/files\/2011\/11\/nuestras-recomendaciones-300x25.png\" alt=\"\" width=\"300\" height=\"25\" srcset=\"https:\/\/observatorio.umh.es\/files\/2011\/11\/nuestras-recomendaciones-300x25.png 300w, https:\/\/observatorio.umh.es\/files\/2011\/11\/nuestras-recomendaciones-1024x85.png 1024w, https:\/\/observatorio.umh.es\/files\/2011\/11\/nuestras-recomendaciones.png 1031w\" sizes=\"(max-width: 300px) 100vw, 300px\" \/><\/a><a href=\"https:\/\/observatorio.umh.es\/files\/2011\/11\/nuestras-recomendaciones.pdf\"><\/a><\/p>\n<p style=\"text-align: center\">\n<p style=\"text-align: center\">\n<p style=\"text-align: center\"><a href=\"https:\/\/observatorio.umh.es\/?page_id=1117&amp;preview=true\" target=\"_self\" rel=\"noopener noreferrer\"><img loading=\"lazy\" class=\"size-medium wp-image-1094 aligncenter\" src=\"https:\/\/observatorio.umh.es\/files\/2011\/11\/novedades-300x23.jpg\" alt=\"\" width=\"300\" height=\"23\" srcset=\"https:\/\/observatorio.umh.es\/files\/2011\/11\/novedades-300x23.jpg 300w, https:\/\/observatorio.umh.es\/files\/2011\/11\/novedades-1024x80.jpg 1024w, https:\/\/observatorio.umh.es\/files\/2011\/11\/novedades.jpg 1029w\" sizes=\"(max-width: 300px) 100vw, 300px\" \/><\/a><\/p>\n<p style=\"text-align: center\">\n<p style=\"text-align: center\"><img loading=\"lazy\" class=\"alignnone size-medium wp-image-1170\" src=\"https:\/\/observatorio.umh.es\/files\/2011\/11\/modelo-de-cartas-300x24.png\" alt=\"\" width=\"300\" height=\"24\" srcset=\"https:\/\/observatorio.umh.es\/files\/2011\/11\/modelo-de-cartas-300x24.png 300w, https:\/\/observatorio.umh.es\/files\/2011\/11\/modelo-de-cartas-1024x84.png 1024w, https:\/\/observatorio.umh.es\/files\/2011\/11\/modelo-de-cartas.png 1029w\" sizes=\"(max-width: 300px) 100vw, 300px\" \/><\/p>\n<table border=\"1\" cellspacing=\"0\" cellpadding=\"0\">\n<tbody>\n<tr>\n<td width=\"115\" valign=\"top\">\n<p align=\"center\">Europass \/ Otros<\/p>\n<\/td>\n<td width=\"108\" valign=\"top\">\n<p align=\"center\">Alem\u00e1n<\/p>\n<\/td>\n<td width=\"114\" valign=\"top\">\n<p align=\"center\">Franc\u00e9s<\/p>\n<\/td>\n<td width=\"102\" valign=\"top\">\n<p align=\"center\">Ingl\u00e9s<\/p>\n<\/td>\n<td width=\"108\" valign=\"top\">\n<p align=\"center\">Italiano<\/p>\n<\/td>\n<\/tr>\n<tr>\n<td width=\"115\" valign=\"top\"><a href=\"https:\/\/observatorio.umh.es\/files\/2011\/11\/european.doc\" target=\"_self\" rel=\"noopener noreferrer\">CV<\/a><\/td>\n<td width=\"108\" valign=\"top\"><a href=\"https:\/\/observatorio.umh.es\/files\/2011\/11\/cv.doc\" target=\"_self\" rel=\"noopener noreferrer\">CV<\/a><\/td>\n<td width=\"114\" valign=\"top\"><a href=\"https:\/\/observatorio.umh.es\/files\/2011\/11\/cv1.doc\" target=\"_self\" rel=\"noopener noreferrer\">CV<\/a><\/td>\n<td width=\"102\" valign=\"top\"><a href=\"https:\/\/observatorio.umh.es\/files\/2011\/11\/european.doc\" target=\"_self\" rel=\"noopener noreferrer\">CV<\/a><\/td>\n<td width=\"108\" valign=\"top\"><a href=\"https:\/\/observatorio.umh.es\/files\/2011\/11\/cv2.doc\" target=\"_self\" rel=\"noopener noreferrer\">CV<\/a><\/td>\n<\/tr>\n<tr>\n<td width=\"115\" valign=\"top\"><a href=\"https:\/\/observatorio.umh.es\/files\/2011\/11\/cover-letter.docx\" target=\"_blank\" rel=\"noopener noreferrer\">Modelo Carta<\/a><\/td>\n<td width=\"108\" valign=\"top\">Modelo Carta<\/td>\n<td width=\"114\" valign=\"top\">Modelo Carta<\/td>\n<td width=\"102\" valign=\"top\"><a href=\"https:\/\/observatorio.umh.es\/files\/2011\/11\/cover-letter.docx\" target=\"_self\" rel=\"noopener noreferrer\">Modelo Carta<\/a><\/td>\n<td width=\"108\" valign=\"top\"><a href=\"https:\/\/observatorio.umh.es\/files\/2011\/11\/carta-presentacion-italiano.doc\" target=\"_self\" rel=\"noopener noreferrer\">Modelo Carta<\/a><\/td>\n<\/tr>\n<\/tbody>\n<\/table>\n<p style=\"text-align: center\">\n<p style=\"text-align: center\"><a href=\"https:\/\/observatorio.umh.es\/files\/2011\/11\/servicio-voluntariado-europeo1.pdf\"><img loading=\"lazy\" class=\"size-medium wp-image-1018 aligncenter\" src=\"https:\/\/observatorio.umh.es\/files\/2011\/10\/volunt-prueba1-300x23.jpg\" alt=\"\" width=\"300\" height=\"23\" srcset=\"https:\/\/observatorio.umh.es\/files\/2011\/10\/volunt-prueba1-300x23.jpg 300w, https:\/\/observatorio.umh.es\/files\/2011\/10\/volunt-prueba1-1024x81.jpg 1024w\" sizes=\"(max-width: 300px) 100vw, 300px\" \/><\/a><\/p>\n<p style=\"text-align: center\">\n<p style=\"text-align: center\">\n<p style=\"text-align: center\"><img loading=\"lazy\" class=\"size-medium wp-image-1016 aligncenter\" src=\"https:\/\/observatorio.umh.es\/files\/2011\/10\/aprende-idiomas-2-300x30.jpg\" alt=\"\" width=\"300\" height=\"30\" srcset=\"https:\/\/observatorio.umh.es\/files\/2011\/10\/aprende-idiomas-2-300x30.jpg 300w, https:\/\/observatorio.umh.es\/files\/2011\/10\/aprende-idiomas-2-1024x104.jpg 1024w, https:\/\/observatorio.umh.es\/files\/2011\/10\/aprende-idiomas-2.jpg 1029w\" sizes=\"(max-width: 300px) 100vw, 300px\" \/><\/p>\n<table border=\"1\" cellspacing=\"0\" cellpadding=\"0\" width=\"565\">\n<tbody>\n<tr>\n<td colspan=\"2\" width=\"565\">\n<p align=\"center\"><a href=\"https:\/\/observatorio.umh.es\/files\/2011\/11\/recursos-para-mejorar-idiomas1.pdf\" target=\"_self\" rel=\"noopener noreferrer\">Recursos gratuitos para mejorar idiomas<\/a><\/p>\n<\/td>\n<\/tr>\n<tr>\n<td width=\"320\">\n<p align=\"center\"><a href=\"https:\/\/internacional.umh.es\/idiomas\/\" target=\"_self\" rel=\"noopener noreferrer\">Cursos Idiomas UMH<\/a><\/p>\n<\/td>\n<td width=\"245\">\n<p align=\"center\"><a href=\"http:\/\/www.educacion.gob.es\/educacion\/becas-y-ayudas.html\" target=\"_self\" rel=\"noopener noreferrer\">Becas MEC<\/a><\/p>\n<\/td>\n<\/tr>\n<tr>\n<td colspan=\"2\" width=\"565\">\n<p align=\"center\"><a href=\"http:\/\/www.studyglobal.net\/\" target=\"_self\" rel=\"noopener noreferrer\">Perfecciona tu ingl\u00e9s en los meses de verano: UK, USA, Malta, Canad\u00e1,&#8230; <\/a><\/p>\n<\/td>\n<\/tr>\n<\/tbody>\n<\/table>\n<p><code><span style=\"color: #000000\">[kml_flashembed movie=\"http:\/\/www.youtube.com\/v\/tqUsM0eFJkc\" width=\"480\" height=\"385\" wmode=\"transparent\" \/]<\/span><\/code><\/p>\n<\/p>\n<p><\/p>\n<div class='bookmarkify'><a name='bookmarkify'><\/a><div class='linkbuttons'><a href='http:\/\/www.facebook.com\/share.php?u=https:\/\/observatorio.umh.es\/ca\/estudiantes-bolsa-de-practicas\/programa-hermes-practicas-en-el-extranjero\/' title='Save to Facebook' onclick='target=\"_blank\";' rel='nofollow'><img src='https:\/\/observatorio.umh.es\/wp-content\/plugins\/bookmarkify\/facebook.png' style='width:16px; height:16px;' alt='[Facebook] ' \/><\/a> <a href='http:\/\/www.google.com\/bookmarks\/mark?op=edit&amp;output=popup&amp;bkmk=https:\/\/observatorio.umh.es\/ca\/estudiantes-bolsa-de-practicas\/programa-hermes-practicas-en-el-extranjero\/&amp;title=Programa Hermes (Pr\u00e1cticas en el extranjero)' title='Save to Google Bookmarks' onclick='target=\"_blank\";' rel='nofollow'><img src='https:\/\/observatorio.umh.es\/wp-content\/plugins\/bookmarkify\/google.png' style='width:16px; height:16px;' alt='[Google] ' \/><\/a> <a href='http:\/\/twitter.com\/home\/?status=Programa Hermes (Pr\u00e1cticas en el extranjero)+https:\/\/observatorio.umh.es\/ca\/estudiantes-bolsa-de-practicas\/programa-hermes-practicas-en-el-extranjero\/' title='Save to Twitter' onclick='target=\"_blank\";' rel='nofollow'><img src='https:\/\/observatorio.umh.es\/wp-content\/plugins\/bookmarkify\/twitter.png' style='width:16px; height:16px;' alt='[Twitter] ' \/><\/a> <\/div><\/div>","protected":false},"excerpt":{"rendered":"<p>Abrir las puertas del extranjero para que los estudiantes de la Universidad Miguel Hern\u00e1ndez puedan realizar actividades en cualquier pa\u00eds del mundo es el objetivo del Programa Hermes que promueve el Observatorio Ocupacional de la Universidad Miguel Hern\u00e1ndez.<br \/>\n\u00a0\u00a0\u00a0\u00a0\u00a0\u00a0\u00a0\u00a0\u00a0\u00a0\u00a0\u00a0\u00a0\u00a0\u00a0\u00a0\u00a0\u00a0\u00a0\u00a0\u00a0\u00a0\u00a0\u00a0\u00a0\u00a0\u00a0\u00a0\u00a0\u00a0\u00a0 \u00a0<\/p>\n<p>\u00bfQuieres hacer pr\u00e1cticas en el extranjero?<br \/>\nBecas Pr\u00e1cticas Internacionales Titulados<\/p>\n<p>Becas Pr\u00e1cticas Internacionales Estudiantes<\/p>\n<p>Becas Erasmus Pr\u00e1cticas UMH<\/p>\n<p>Becas IAESTE UMH<\/p>\n<p>\u00bfC\u00f3mo [&#8230;]<\/p>\n","protected":false},"author":445,"featured_media":0,"parent":433,"menu_order":20,"comment_status":"closed","ping_status":"closed","template":"","meta":{"_links_to":"","_links_to_target":""},"_links":{"self":[{"href":"https:\/\/observatorio.umh.es\/ca\/wp-json\/wp\/v2\/pages\/1026"}],"collection":[{"href":"https:\/\/observatorio.umh.es\/ca\/wp-json\/wp\/v2\/pages"}],"about":[{"href":"https:\/\/observatorio.umh.es\/ca\/wp-json\/wp\/v2\/types\/page"}],"author":[{"embeddable":true,"href":"https:\/\/observatorio.umh.es\/ca\/wp-json\/wp\/v2\/users\/445"}],"replies":[{"embeddable":true,"href":"https:\/\/observatorio.umh.es\/ca\/wp-json\/wp\/v2\/comments?post=1026"}],"version-history":[{"count":0,"href":"https:\/\/observatorio.umh.es\/ca\/wp-json\/wp\/v2\/pages\/1026\/revisions"}],"up":[{"embeddable":true,"href":"https:\/\/observatorio.umh.es\/ca\/wp-json\/wp\/v2\/pages\/433"}],"wp:attachment":[{"href":"https:\/\/observatorio.umh.es\/ca\/wp-json\/wp\/v2\/media?parent=1026"}],"curies":[{"name":"wp","href":"https:\/\/api.w.org\/{rel}","templated":true}]}}